{"id":14096,"date":"2017-03-08T08:45:02","date_gmt":"2017-03-08T07:45:02","guid":{"rendered":"https:\/\/www.hairandskin.eu\/produit\/pepermunt-etherische-olie-holi\/"},"modified":"2017-03-08T08:45:02","modified_gmt":"2017-03-08T07:45:02","slug":"pepermunt-etherische-olie-holi","status":"publish","type":"product","link":"https:\/\/www.hairandskin.eu\/nl\/produit\/pepermunt-etherische-olie-holi\/","title":{"rendered":"Pepermunt etherische olie Holi"},"content":{"rendered":"<p>De voordelen van Pepermunt biologische essenti\u00eble olie<\/p>\n<p>&#8211; Verzacht jeuk,<br \/>\n&#8211; Tegen haaruitval,<br \/>\n&#8211; Tegen roos,<br \/>\n&#8211; Verfrissend effect.<\/p>\n<p>&nbsp;<\/p>\n<h3>Holi-oli\u00ebn en essenti\u00eble oli\u00ebn<\/h3>\n<p>Holi cosm\u00e9tiques naturels\u00ae richt zich op kwaliteit in elke productiefase. Ze hebben uiterst veeleisende criteria opgesteld om essenti\u00eble oli\u00ebn, plantaardige oli\u00ebn en plantaardige boters van de hoogste kwaliteit te verkrijgen. <\/p>\n\n<p>De producenten oogsten de planten in een natuurlijke omgeving en houden zich daarbij strikt aan de regels van de biologische landbouw. Er worden geen chemicali\u00ebn (meststoffen, pesticiden, enz.) gebruikt bij de productie van de planten. <\/p>\n\n<p>De Holi-lijn bestaat uit essenti\u00eble organische, pure en natuurlijke plantaardige oli\u00ebn, gels en boters die een effectieve basis vormen voor de behandeling van het haar en de hoofdhuid.<\/p>\n\n<p>Dit betekent dat je je eigen shampoo of behandeling kunt samenstellen, afgestemd op de behoeften van je haar.<\/p>\n\n<p>Een plantaardige olie, gel of boter gecombineerd met essenti\u00eble oli\u00ebn cre\u00ebert een synergie die droog, vet, broos, dof haar, roos, jeuk of haaruitval behandelt.<\/p>\n\n<strong>Wat is synergie?<\/strong>\n<p>Het principe van synergie in aromatherapie is gebaseerd op de harmonieuze combinatie van een of meer plantaardige oli\u00ebn of boters met pure essenti\u00eble oli\u00ebn.\nDeze mengsels vermenigvuldigen de effecten van de actieve ingredi\u00ebnten die van nature aanwezig en geconcentreerd zijn in de essenti\u00eble oli\u00ebn. De behandelingseigenschappen worden versterkt door het mengsel. Je kunt dus zeer effectieve haarsynergie\u00ebn verkrijgen.  <\/p>\n","protected":false},"excerpt":{"rendered":"<p>Biologische essenti\u00eble olie van Pepermunt<\/p>\n<p>Verzacht jeuk, Tegen haaruitval, Tegen roos, Verfrissend effect.<\/p>\n","protected":false},"featured_media":10915,"comment_status":"open","ping_status":"closed","template":"","meta":[],"product_brand":[],"product_cat":[1352,1350,1124,1506,1166,1162,1132,1167],"product_tag":[1176,1357],"class_list":{"0":"post-14096","1":"product","2":"type-product","3":"status-publish","4":"has-post-thumbnail","6":"product_cat-etherische-olien-nl","7":"product_cat-gezondheid-en-aromatherapie","8":"product_cat-haarverzorging","9":"product_cat-holi-nl","10":"product_cat-huidverzorging","11":"product_cat-merken","12":"product_cat-verzorging-en-maskers","13":"product_cat-zorg-en-behandeling","14":"product_tag-bio-nl","15":"product_tag-essentiele-olie","16":"pa_advised_for-alle-haartypes","17":"pa_advised_for-beschadigd-haar","18":"pa_advised_for-dof-haar","19":"pa_advised_for-haarproblemen","20":"pa_advised_for-huid","21":"pa_brand-holi-natuurlijke-cosmeticaproducten","22":"pa_gamme-bio-nl","23":"pa_quantity_vol-10-ml","24":"pa_used_for-aroma-nl","25":"pa_used_for-gezicht","26":"pa_used_for-haarverzorging","27":"pa_used_for-lichaam","28":"pa_used_for-olie","30":"first","31":"outofstock","32":"taxable","33":"shipping-taxable","34":"purchasable","35":"product-type-simple"},"yoast_head":"<!-- This site is optimized with the Yoast SEO Premium plugin v27.3 (Yoast SEO v27.3) - https:\/\/yoast.com\/product\/yoast-seo-premium-wordpress\/ -->\n<title>Holi Pepermunt etherische olie - biologische etherische olie<\/title>\n<meta name=\"description\" content=\"Biologische essenti\u00eble olie van pepermunt. Kalmeert jeuk, Tegen haaruitval, Tegen roos, Verfrissend effect. Holi Natuurlijke Cosmetica\" \/>\n<meta name=\"robots\" content=\"index, follow, max-snippet:-1, max-image-preview:large, max-video-preview:-1\" \/>\n<link rel=\"canonical\" href=\"https:\/\/www.hairandskin.eu\/nl\/produit\/pepermunt-etherische-olie-holi\/\" \/>\n<meta property=\"og:locale\" content=\"nl_NL\" \/>\n<meta property=\"og:type\" content=\"article\" \/>\n<meta property=\"og:title\" content=\"Pepermunt etherische olie Holi\" \/>\n<meta property=\"og:description\" content=\"Biologische essenti\u00eble olie van pepermunt. Kalmeert jeuk, Tegen haaruitval, Tegen roos, Verfrissend effect. Holi Natuurlijke Cosmetica\" \/>\n<meta property=\"og:url\" content=\"https:\/\/www.hairandskin.eu\/nl\/produit\/pepermunt-etherische-olie-holi\/\" \/>\n<meta property=\"og:site_name\" content=\"Hairandskin\" \/>\n<meta property=\"article:publisher\" content=\"https:\/\/www.facebook.com\/hairandskin.shop\/\" \/>\n<meta property=\"og:image\" content=\"https:\/\/www.hairandskin.eu\/wp-content\/uploads\/2017\/03\/holi-huile-essentielle-menthe-poivr\u00e9e.jpg\" \/>\n\t<meta property=\"og:image:width\" content=\"306\" \/>\n\t<meta property=\"og:image:height\" content=\"382\" \/>\n\t<meta property=\"og:image:type\" content=\"image\/jpeg\" \/>\n<script type=\"application\/ld+json\" class=\"yoast-schema-graph\">{\"@context\":\"https:\\\/\\\/schema.org\",\"@graph\":[{\"@type\":[\"WebPage\",\"ItemPage\"],\"@id\":\"https:\\\/\\\/www.hairandskin.eu\\\/nl\\\/produit\\\/pepermunt-etherische-olie-holi\\\/\",\"url\":\"https:\\\/\\\/www.hairandskin.eu\\\/nl\\\/produit\\\/pepermunt-etherische-olie-holi\\\/\",\"name\":\"Holi Pepermunt etherische olie - biologische etherische olie\",\"isPartOf\":{\"@id\":\"https:\\\/\\\/www.hairandskin.eu\\\/nl\\\/#website\"},\"primaryImageOfPage\":{\"@id\":\"https:\\\/\\\/www.hairandskin.eu\\\/nl\\\/produit\\\/pepermunt-etherische-olie-holi\\\/#primaryimage\"},\"image\":{\"@id\":\"https:\\\/\\\/www.hairandskin.eu\\\/nl\\\/produit\\\/pepermunt-etherische-olie-holi\\\/#primaryimage\"},\"thumbnailUrl\":\"https:\\\/\\\/www.hairandskin.eu\\\/wp-content\\\/uploads\\\/2017\\\/03\\\/holi-huile-essentielle-menthe-poivr\u00e9e.jpg\",\"datePublished\":\"2017-03-08T07:45:02+00:00\",\"description\":\"Biologische essenti\u00eble olie van pepermunt. Kalmeert jeuk, Tegen haaruitval, Tegen roos, Verfrissend effect. Holi Natuurlijke Cosmetica\",\"breadcrumb\":{\"@id\":\"https:\\\/\\\/www.hairandskin.eu\\\/nl\\\/produit\\\/pepermunt-etherische-olie-holi\\\/#breadcrumb\"},\"inLanguage\":\"nl-NL\",\"potentialAction\":[{\"@type\":\"ReadAction\",\"target\":[\"https:\\\/\\\/www.hairandskin.eu\\\/nl\\\/produit\\\/pepermunt-etherische-olie-holi\\\/\"]}]},{\"@type\":\"ImageObject\",\"inLanguage\":\"nl-NL\",\"@id\":\"https:\\\/\\\/www.hairandskin.eu\\\/nl\\\/produit\\\/pepermunt-etherische-olie-holi\\\/#primaryimage\",\"url\":\"https:\\\/\\\/www.hairandskin.eu\\\/wp-content\\\/uploads\\\/2017\\\/03\\\/holi-huile-essentielle-menthe-poivr\u00e9e.jpg\",\"contentUrl\":\"https:\\\/\\\/www.hairandskin.eu\\\/wp-content\\\/uploads\\\/2017\\\/03\\\/holi-huile-essentielle-menthe-poivr\u00e9e.jpg\",\"width\":306,\"height\":382,\"caption\":\"holi pepermunt etherische olie\"},{\"@type\":\"BreadcrumbList\",\"@id\":\"https:\\\/\\\/www.hairandskin.eu\\\/nl\\\/produit\\\/pepermunt-etherische-olie-holi\\\/#breadcrumb\",\"itemListElement\":[{\"@type\":\"ListItem\",\"position\":1,\"name\":\"Accueil\",\"item\":\"https:\\\/\\\/www.hairandskin.eu\\\/nl\\\/\"},{\"@type\":\"ListItem\",\"position\":2,\"name\":\"Winkel\",\"item\":\"https:\\\/\\\/www.hairandskin.eu\\\/nl\\\/winkel\\\/\"},{\"@type\":\"ListItem\",\"position\":3,\"name\":\"Pepermunt etherische olie Holi\"}]},{\"@type\":\"WebSite\",\"@id\":\"https:\\\/\\\/www.hairandskin.eu\\\/nl\\\/#website\",\"url\":\"https:\\\/\\\/www.hairandskin.eu\\\/nl\\\/\",\"name\":\"Hairandskin\",\"description\":\"Soins du cheveu et de la peau, aromath\u00e9rapie, cosm\u00e9tique, shampooing, conditioner\",\"publisher\":{\"@id\":\"https:\\\/\\\/www.hairandskin.eu\\\/nl\\\/#organization\"},\"potentialAction\":[{\"@type\":\"SearchAction\",\"target\":{\"@type\":\"EntryPoint\",\"urlTemplate\":\"https:\\\/\\\/www.hairandskin.eu\\\/nl\\\/?s={search_term_string}\"},\"query-input\":{\"@type\":\"PropertyValueSpecification\",\"valueRequired\":true,\"valueName\":\"search_term_string\"}}],\"inLanguage\":\"nl-NL\"},{\"@type\":\"Organization\",\"@id\":\"https:\\\/\\\/www.hairandskin.eu\\\/nl\\\/#organization\",\"name\":\"Hairandskin\",\"url\":\"https:\\\/\\\/www.hairandskin.eu\\\/nl\\\/\",\"logo\":{\"@type\":\"ImageObject\",\"inLanguage\":\"nl-NL\",\"@id\":\"https:\\\/\\\/www.hairandskin.eu\\\/nl\\\/#\\\/schema\\\/logo\\\/image\\\/\",\"url\":\"https:\\\/\\\/www.hairandskin.eu\\\/wp-content\\\/uploads\\\/2016\\\/10\\\/naturame_logo.png\",\"contentUrl\":\"https:\\\/\\\/www.hairandskin.eu\\\/wp-content\\\/uploads\\\/2016\\\/10\\\/naturame_logo.png\",\"width\":100,\"height\":80,\"caption\":\"Hairandskin\"},\"image\":{\"@id\":\"https:\\\/\\\/www.hairandskin.eu\\\/nl\\\/#\\\/schema\\\/logo\\\/image\\\/\"},\"sameAs\":[\"https:\\\/\\\/www.facebook.com\\\/hairandskin.shop\\\/\",\"https:\\\/\\\/www.instagram.com\\\/hairandskin.shop\\\/\"],\"vatID\":\"BE0897803393\"}]}<\/script>\n<!-- \/ Yoast SEO Premium plugin. -->","yoast_head_json":{"title":"Holi Pepermunt etherische olie - biologische etherische olie","description":"Biologische essenti\u00eble olie van pepermunt. Kalmeert jeuk, Tegen haaruitval, Tegen roos, Verfrissend effect. Holi Natuurlijke Cosmetica","robots":{"index":"index","follow":"follow","max-snippet":"max-snippet:-1","max-image-preview":"max-image-preview:large","max-video-preview":"max-video-preview:-1"},"canonical":"https:\/\/www.hairandskin.eu\/nl\/produit\/pepermunt-etherische-olie-holi\/","og_locale":"nl_NL","og_type":"article","og_title":"Pepermunt etherische olie Holi","og_description":"Biologische essenti\u00eble olie van pepermunt. Kalmeert jeuk, Tegen haaruitval, Tegen roos, Verfrissend effect. Holi Natuurlijke Cosmetica","og_url":"https:\/\/www.hairandskin.eu\/nl\/produit\/pepermunt-etherische-olie-holi\/","og_site_name":"Hairandskin","article_publisher":"https:\/\/www.facebook.com\/hairandskin.shop\/","og_image":[{"width":306,"height":382,"url":"https:\/\/www.hairandskin.eu\/wp-content\/uploads\/2017\/03\/holi-huile-essentielle-menthe-poivr\u00e9e.jpg","type":"image\/jpeg"}],"schema":{"@context":"https:\/\/schema.org","@graph":[{"@type":["WebPage","ItemPage"],"@id":"https:\/\/www.hairandskin.eu\/nl\/produit\/pepermunt-etherische-olie-holi\/","url":"https:\/\/www.hairandskin.eu\/nl\/produit\/pepermunt-etherische-olie-holi\/","name":"Holi Pepermunt etherische olie - biologische etherische olie","isPartOf":{"@id":"https:\/\/www.hairandskin.eu\/nl\/#website"},"primaryImageOfPage":{"@id":"https:\/\/www.hairandskin.eu\/nl\/produit\/pepermunt-etherische-olie-holi\/#primaryimage"},"image":{"@id":"https:\/\/www.hairandskin.eu\/nl\/produit\/pepermunt-etherische-olie-holi\/#primaryimage"},"thumbnailUrl":"https:\/\/www.hairandskin.eu\/wp-content\/uploads\/2017\/03\/holi-huile-essentielle-menthe-poivr\u00e9e.jpg","datePublished":"2017-03-08T07:45:02+00:00","description":"Biologische essenti\u00eble olie van pepermunt. Kalmeert jeuk, Tegen haaruitval, Tegen roos, Verfrissend effect. Holi Natuurlijke Cosmetica","breadcrumb":{"@id":"https:\/\/www.hairandskin.eu\/nl\/produit\/pepermunt-etherische-olie-holi\/#breadcrumb"},"inLanguage":"nl-NL","potentialAction":[{"@type":"ReadAction","target":["https:\/\/www.hairandskin.eu\/nl\/produit\/pepermunt-etherische-olie-holi\/"]}]},{"@type":"ImageObject","inLanguage":"nl-NL","@id":"https:\/\/www.hairandskin.eu\/nl\/produit\/pepermunt-etherische-olie-holi\/#primaryimage","url":"https:\/\/www.hairandskin.eu\/wp-content\/uploads\/2017\/03\/holi-huile-essentielle-menthe-poivr\u00e9e.jpg","contentUrl":"https:\/\/www.hairandskin.eu\/wp-content\/uploads\/2017\/03\/holi-huile-essentielle-menthe-poivr\u00e9e.jpg","width":306,"height":382,"caption":"holi pepermunt etherische olie"},{"@type":"BreadcrumbList","@id":"https:\/\/www.hairandskin.eu\/nl\/produit\/pepermunt-etherische-olie-holi\/#breadcrumb","itemListElement":[{"@type":"ListItem","position":1,"name":"Accueil","item":"https:\/\/www.hairandskin.eu\/nl\/"},{"@type":"ListItem","position":2,"name":"Winkel","item":"https:\/\/www.hairandskin.eu\/nl\/winkel\/"},{"@type":"ListItem","position":3,"name":"Pepermunt etherische olie Holi"}]},{"@type":"WebSite","@id":"https:\/\/www.hairandskin.eu\/nl\/#website","url":"https:\/\/www.hairandskin.eu\/nl\/","name":"Hairandskin","description":"Soins du cheveu et de la peau, aromath\u00e9rapie, cosm\u00e9tique, shampooing, conditioner","publisher":{"@id":"https:\/\/www.hairandskin.eu\/nl\/#organization"},"potentialAction":[{"@type":"SearchAction","target":{"@type":"EntryPoint","urlTemplate":"https:\/\/www.hairandskin.eu\/nl\/?s={search_term_string}"},"query-input":{"@type":"PropertyValueSpecification","valueRequired":true,"valueName":"search_term_string"}}],"inLanguage":"nl-NL"},{"@type":"Organization","@id":"https:\/\/www.hairandskin.eu\/nl\/#organization","name":"Hairandskin","url":"https:\/\/www.hairandskin.eu\/nl\/","logo":{"@type":"ImageObject","inLanguage":"nl-NL","@id":"https:\/\/www.hairandskin.eu\/nl\/#\/schema\/logo\/image\/","url":"https:\/\/www.hairandskin.eu\/wp-content\/uploads\/2016\/10\/naturame_logo.png","contentUrl":"https:\/\/www.hairandskin.eu\/wp-content\/uploads\/2016\/10\/naturame_logo.png","width":100,"height":80,"caption":"Hairandskin"},"image":{"@id":"https:\/\/www.hairandskin.eu\/nl\/#\/schema\/logo\/image\/"},"sameAs":["https:\/\/www.facebook.com\/hairandskin.shop\/","https:\/\/www.instagram.com\/hairandskin.shop\/"],"vatID":"BE0897803393"}]}},"_links":{"self":[{"href":"https:\/\/www.hairandskin.eu\/nl\/wp-json\/wp\/v2\/product\/14096","targetHints":{"allow":["GET"]}}],"collection":[{"href":"https:\/\/www.hairandskin.eu\/nl\/wp-json\/wp\/v2\/product"}],"about":[{"href":"https:\/\/www.hairandskin.eu\/nl\/wp-json\/wp\/v2\/types\/product"}],"replies":[{"embeddable":true,"href":"https:\/\/www.hairandskin.eu\/nl\/wp-json\/wp\/v2\/comments?post=14096"}],"wp:featuredmedia":[{"embeddable":true,"href":"https:\/\/www.hairandskin.eu\/nl\/wp-json\/wp\/v2\/media\/10915"}],"wp:attachment":[{"href":"https:\/\/www.hairandskin.eu\/nl\/wp-json\/wp\/v2\/media?parent=14096"}],"wp:term":[{"taxonomy":"product_brand","embeddable":true,"href":"https:\/\/www.hairandskin.eu\/nl\/wp-json\/wp\/v2\/product_brand?post=14096"},{"taxonomy":"product_cat","embeddable":true,"href":"https:\/\/www.hairandskin.eu\/nl\/wp-json\/wp\/v2\/product_cat?post=14096"},{"taxonomy":"product_tag","embeddable":true,"href":"https:\/\/www.hairandskin.eu\/nl\/wp-json\/wp\/v2\/product_tag?post=14096"}],"curies":[{"name":"wp","href":"https:\/\/api.w.org\/{rel}","templated":true}]}}