{"id":14086,"date":"2017-03-06T12:17:10","date_gmt":"2017-03-06T11:17:10","guid":{"rendered":"https:\/\/www.hairandskin.eu\/produit\/holi-styling-spray\/"},"modified":"2017-03-06T12:17:10","modified_gmt":"2017-03-06T11:17:10","slug":"holi-styling-spray","status":"publish","type":"product","link":"https:\/\/www.hairandskin.eu\/nl\/produit\/holi-styling-spray\/","title":{"rendered":"Holi Styling Spray"},"content":{"rendered":"<p>Holi styling spray is ideaal om textuur toe te voegen aan het haar op elk moment van de dag. Ideaal voor het modelleren en vormen van krullen.<br \/>\nDankzij de werking van organische essenti\u00eble sinaasappelolie en plantaardige glycerine wordt je haar verstevigd, zacht en glanzend, terwijl het een frisse, verkwikkende geur achterlaat.<br \/>\nHoli natural cosmetics\u00ae styling spray laat geen residu achter en is gemakkelijk uit te borstelen.<br \/>\nEcologische, gasvrije styling spray. <\/p>\n<h3>Holi natuurlijke huidverzorging<\/h3>\n<p>Holi cosm\u00e9tiques naturels\u00ae is een assortiment haarverzorgingsproducten, geconcentreerd in kostbare planten met voorouderlijke deugden en onbetwiste effecten, waarmee je volledig en eenvoudig kunt genieten van wat de natuur te bieden heeft.<\/p>\n\n<p>Holi-complexen zijn pure concentraten van<strong>100% natuurlijke actieve ingredi\u00ebnten<\/strong>, geformuleerd met zachte, actieve reinigende stoffen.<br>Oppervlakteactieve stoffen zijn afgeleid van suikers.<br>Actieve stoffen, behandelingen en geuren zijn afgeleid van 100% pure, natuurlijke biologische etherische oli\u00ebn en biologische plantenoli\u00ebn, zorgvuldig geselecteerd om je haar het allerbeste te bieden, evenals een unieke zintuiglijke ervaring.<br>Ontdek originele essences voor een moment van ontspanning van topklasse en diepgaande verzorging voor je haar.<\/p>\n\n<p>Deze<strong> shampoos en behandelingen met aromatherapie<\/strong> zullen je overtuigen met hun doeltreffendheid. Ze respecteren je haar, dankzij hun exclusieve synergie\u00ebn van<strong>biologische plantaardige oli\u00ebn van de eerste persing en biologische essenti\u00eble oli\u00ebn<\/strong>.<br>Elk exclusief complex bevat extracten van alo\u00eb vera, avocado, kamille en ginseng, die worden gecombineerd met een extra planten- of bloemenextract, verschillend in elk product.<br>Alleen het zuiverende complex bevat geen essenti\u00eble oli\u00ebn, dus zwangere vrouwen en vrouwen die borstvoeding geven, of mensen die allergisch zijn voor essenti\u00eble oli\u00ebn, kunnen zonder risico genieten van de voordelen van plantaardige kleuring. <\/p>\n\n<p>Doeltreffend en geoptimaliseerd, dertig planten, bloemen, vruchten en klei met erkende deugden vormen de kostbare basis van het Holi-assortiment. Het voldoet aan de behoeften van iedereen en de eisen van het moderne leven, in een puur natuurlijke en ecologische benadering.<br>De geselecteerde vruchten, planten, aarden en bloemen zijn : Alo\u00eb vera, Amla, Groene klei, Avocado, Baheda, Bhringaraj, Korenbloem, Brahmi, Kamille, Cassia, Atlas ceder, Citroen, Kokosnoot, Eucalyptus, cactusvijg, Rose geranium, Ginseng, Harad, Henna, Indigo, Rode mandarijn, Pepermunt, Hazelnoot, Olijf, Zoete sinaasappel, Rozemarijn, Salie, Shikakai, Tea tree, Ylang ylang... <\/p>\n\n<p>Holi aromatherapiecomplexen worden gemaakt in Frankrijk en bevatten geen petrochemische toevoegingen, natriumlaurylsulfaat, parabenen, fenoxyethanol, parfums, pesticiden, kunstmatige kleurstoffen of conserveringsmiddelen.<br>Elke essenti\u00eble olie wordt geoogst en verwerkt in het land van herkomst.<\/p>\n\n<p>Door te kiezen voor<strong> grondstoffen uit de biologische landbouw<\/strong> steunt Holi een productiemethode die de natuur respecteert en beschermt.<br>Bij de samenstelling van onze producten worden geen petrochemische additieven gebruikt.<\/p>\n\n<p>Het Holi natural cosmetics\u00ae assortiment is dermatologisch getest.<br>Holi producten zijn <strong>niet getest op dieren<\/strong> en gebruiken geen ingredi\u00ebnten van dierlijke oorsprong.<\/p>\n\n<p><strong>Ayurveda<\/strong> is een holistische geneeskunde gericht op het in balans houden van lichaam, geest en ziel. Ayurveda beschouwt lichaam en geest als \u00e9\u00e9n en hetzelfde, die nauw samenwerken. Daarom kan elke verstoring van dit evenwicht nadelige gevolgen hebben voor onze gezondheid... en dus ook voor onze schoonheid.<br>Biologisch geteelde voedingsmiddelen, planten en kruiden helpen om ze in balans te houden.<br>Holi cosm\u00e9tiques naturels\u00ae heeft ervoor gezorgd de juiste planten te selecteren die niet alleen op het haar werken, maar ook op de hoofdhuid.  <\/p>\n","protected":false},"excerpt":{"rendered":"<p>Natuurlijke styling spray is ideaal om textuur toe te voegen aan het haar op elk moment van de dag. Ideaal voor het modelleren en vormen van krullen. <\/p>\n","protected":false},"featured_media":10902,"comment_status":"open","ping_status":"closed","template":"","meta":[],"product_brand":[],"product_cat":[1124,1506,1162,1138,1167],"product_tag":[1176,1486,1185],"class_list":{"0":"post-14086","1":"product","2":"type-product","3":"status-publish","4":"has-post-thumbnail","6":"product_cat-haarverzorging","7":"product_cat-holi-nl","8":"product_cat-merken","9":"product_cat-styling","10":"product_cat-zorg-en-behandeling","11":"product_tag-bio-nl","12":"product_tag-spray-nl","13":"product_tag-styling","14":"pa_advised_for-alle-haartypes","15":"pa_advised_for-krullend-haar","16":"pa_brand-holi-natuurlijke-cosmeticaproducten","17":"pa_gamme-bio-nl","18":"pa_quantity_vol-200-ml","19":"pa_used_for-styling","21":"first","22":"instock","23":"taxable","24":"shipping-taxable","25":"purchasable","26":"product-type-simple"},"yoast_head":"<!-- This site is optimized with the Yoast SEO Premium plugin v27.3 (Yoast SEO v27.3) - https:\/\/yoast.com\/product\/yoast-seo-premium-wordpress\/ -->\n<title>Holi styling spray - natuurlijk organisch. Lichte hold voor haar<\/title>\n<meta name=\"description\" content=\"Voegt textuur toe aan het haar op elk moment van de dag. Modelleert en definieert krullen. Met organische essenti\u00eble sinaasappelolie.\" \/>\n<meta name=\"robots\" content=\"index, follow, max-snippet:-1, max-image-preview:large, max-video-preview:-1\" \/>\n<link rel=\"canonical\" href=\"https:\/\/www.hairandskin.eu\/nl\/produit\/holi-styling-spray\/\" \/>\n<meta property=\"og:locale\" content=\"nl_NL\" \/>\n<meta property=\"og:type\" content=\"article\" \/>\n<meta property=\"og:title\" content=\"Holi Styling Spray\" \/>\n<meta property=\"og:description\" content=\"Voegt textuur toe aan het haar op elk moment van de dag. Modelleert en definieert krullen. Met organische essenti\u00eble sinaasappelolie.\" \/>\n<meta property=\"og:url\" content=\"https:\/\/www.hairandskin.eu\/nl\/produit\/holi-styling-spray\/\" \/>\n<meta property=\"og:site_name\" content=\"Hairandskin\" \/>\n<meta property=\"article:publisher\" content=\"https:\/\/www.facebook.com\/hairandskin.shop\/\" \/>\n<meta property=\"og:image\" content=\"https:\/\/www.hairandskin.eu\/wp-content\/uploads\/2017\/03\/holi-spray-coiffant.jpg\" \/>\n\t<meta property=\"og:image:width\" content=\"837\" \/>\n\t<meta property=\"og:image:height\" content=\"1046\" \/>\n\t<meta property=\"og:image:type\" content=\"image\/jpeg\" \/>\n<script type=\"application\/ld+json\" class=\"yoast-schema-graph\">{\"@context\":\"https:\\\/\\\/schema.org\",\"@graph\":[{\"@type\":[\"WebPage\",\"ItemPage\"],\"@id\":\"https:\\\/\\\/www.hairandskin.eu\\\/nl\\\/produit\\\/holi-styling-spray\\\/\",\"url\":\"https:\\\/\\\/www.hairandskin.eu\\\/nl\\\/produit\\\/holi-styling-spray\\\/\",\"name\":\"Holi styling spray - natuurlijk organisch. Lichte hold voor haar\",\"isPartOf\":{\"@id\":\"https:\\\/\\\/www.hairandskin.eu\\\/nl\\\/#website\"},\"primaryImageOfPage\":{\"@id\":\"https:\\\/\\\/www.hairandskin.eu\\\/nl\\\/produit\\\/holi-styling-spray\\\/#primaryimage\"},\"image\":{\"@id\":\"https:\\\/\\\/www.hairandskin.eu\\\/nl\\\/produit\\\/holi-styling-spray\\\/#primaryimage\"},\"thumbnailUrl\":\"https:\\\/\\\/www.hairandskin.eu\\\/wp-content\\\/uploads\\\/2017\\\/03\\\/holi-spray-coiffant.jpg\",\"datePublished\":\"2017-03-06T11:17:10+00:00\",\"description\":\"Voegt textuur toe aan het haar op elk moment van de dag. Modelleert en definieert krullen. Met organische essenti\u00eble sinaasappelolie.\",\"breadcrumb\":{\"@id\":\"https:\\\/\\\/www.hairandskin.eu\\\/nl\\\/produit\\\/holi-styling-spray\\\/#breadcrumb\"},\"inLanguage\":\"nl-NL\",\"potentialAction\":[{\"@type\":\"ReadAction\",\"target\":[\"https:\\\/\\\/www.hairandskin.eu\\\/nl\\\/produit\\\/holi-styling-spray\\\/\"]}]},{\"@type\":\"ImageObject\",\"inLanguage\":\"nl-NL\",\"@id\":\"https:\\\/\\\/www.hairandskin.eu\\\/nl\\\/produit\\\/holi-styling-spray\\\/#primaryimage\",\"url\":\"https:\\\/\\\/www.hairandskin.eu\\\/wp-content\\\/uploads\\\/2017\\\/03\\\/holi-spray-coiffant.jpg\",\"contentUrl\":\"https:\\\/\\\/www.hairandskin.eu\\\/wp-content\\\/uploads\\\/2017\\\/03\\\/holi-spray-coiffant.jpg\",\"width\":837,\"height\":1046,\"caption\":\"holi styling spray\"},{\"@type\":\"BreadcrumbList\",\"@id\":\"https:\\\/\\\/www.hairandskin.eu\\\/nl\\\/produit\\\/holi-styling-spray\\\/#breadcrumb\",\"itemListElement\":[{\"@type\":\"ListItem\",\"position\":1,\"name\":\"Accueil\",\"item\":\"https:\\\/\\\/www.hairandskin.eu\\\/nl\\\/\"},{\"@type\":\"ListItem\",\"position\":2,\"name\":\"Winkel\",\"item\":\"https:\\\/\\\/www.hairandskin.eu\\\/nl\\\/winkel\\\/\"},{\"@type\":\"ListItem\",\"position\":3,\"name\":\"Holi Styling Spray\"}]},{\"@type\":\"WebSite\",\"@id\":\"https:\\\/\\\/www.hairandskin.eu\\\/nl\\\/#website\",\"url\":\"https:\\\/\\\/www.hairandskin.eu\\\/nl\\\/\",\"name\":\"Hairandskin\",\"description\":\"Soins du cheveu et de la peau, aromath\u00e9rapie, cosm\u00e9tique, shampooing, conditioner\",\"publisher\":{\"@id\":\"https:\\\/\\\/www.hairandskin.eu\\\/nl\\\/#organization\"},\"potentialAction\":[{\"@type\":\"SearchAction\",\"target\":{\"@type\":\"EntryPoint\",\"urlTemplate\":\"https:\\\/\\\/www.hairandskin.eu\\\/nl\\\/?s={search_term_string}\"},\"query-input\":{\"@type\":\"PropertyValueSpecification\",\"valueRequired\":true,\"valueName\":\"search_term_string\"}}],\"inLanguage\":\"nl-NL\"},{\"@type\":\"Organization\",\"@id\":\"https:\\\/\\\/www.hairandskin.eu\\\/nl\\\/#organization\",\"name\":\"Hairandskin\",\"url\":\"https:\\\/\\\/www.hairandskin.eu\\\/nl\\\/\",\"logo\":{\"@type\":\"ImageObject\",\"inLanguage\":\"nl-NL\",\"@id\":\"https:\\\/\\\/www.hairandskin.eu\\\/nl\\\/#\\\/schema\\\/logo\\\/image\\\/\",\"url\":\"https:\\\/\\\/www.hairandskin.eu\\\/wp-content\\\/uploads\\\/2016\\\/10\\\/naturame_logo.png\",\"contentUrl\":\"https:\\\/\\\/www.hairandskin.eu\\\/wp-content\\\/uploads\\\/2016\\\/10\\\/naturame_logo.png\",\"width\":100,\"height\":80,\"caption\":\"Hairandskin\"},\"image\":{\"@id\":\"https:\\\/\\\/www.hairandskin.eu\\\/nl\\\/#\\\/schema\\\/logo\\\/image\\\/\"},\"sameAs\":[\"https:\\\/\\\/www.facebook.com\\\/hairandskin.shop\\\/\",\"https:\\\/\\\/www.instagram.com\\\/hairandskin.shop\\\/\"],\"vatID\":\"BE0897803393\"}]}<\/script>\n<!-- \/ Yoast SEO Premium plugin. -->","yoast_head_json":{"title":"Holi styling spray - natuurlijk organisch. Lichte hold voor haar","description":"Voegt textuur toe aan het haar op elk moment van de dag. Modelleert en definieert krullen. Met organische essenti\u00eble sinaasappelolie.","robots":{"index":"index","follow":"follow","max-snippet":"max-snippet:-1","max-image-preview":"max-image-preview:large","max-video-preview":"max-video-preview:-1"},"canonical":"https:\/\/www.hairandskin.eu\/nl\/produit\/holi-styling-spray\/","og_locale":"nl_NL","og_type":"article","og_title":"Holi Styling Spray","og_description":"Voegt textuur toe aan het haar op elk moment van de dag. Modelleert en definieert krullen. Met organische essenti\u00eble sinaasappelolie.","og_url":"https:\/\/www.hairandskin.eu\/nl\/produit\/holi-styling-spray\/","og_site_name":"Hairandskin","article_publisher":"https:\/\/www.facebook.com\/hairandskin.shop\/","og_image":[{"width":837,"height":1046,"url":"https:\/\/www.hairandskin.eu\/wp-content\/uploads\/2017\/03\/holi-spray-coiffant.jpg","type":"image\/jpeg"}],"schema":{"@context":"https:\/\/schema.org","@graph":[{"@type":["WebPage","ItemPage"],"@id":"https:\/\/www.hairandskin.eu\/nl\/produit\/holi-styling-spray\/","url":"https:\/\/www.hairandskin.eu\/nl\/produit\/holi-styling-spray\/","name":"Holi styling spray - natuurlijk organisch. Lichte hold voor haar","isPartOf":{"@id":"https:\/\/www.hairandskin.eu\/nl\/#website"},"primaryImageOfPage":{"@id":"https:\/\/www.hairandskin.eu\/nl\/produit\/holi-styling-spray\/#primaryimage"},"image":{"@id":"https:\/\/www.hairandskin.eu\/nl\/produit\/holi-styling-spray\/#primaryimage"},"thumbnailUrl":"https:\/\/www.hairandskin.eu\/wp-content\/uploads\/2017\/03\/holi-spray-coiffant.jpg","datePublished":"2017-03-06T11:17:10+00:00","description":"Voegt textuur toe aan het haar op elk moment van de dag. Modelleert en definieert krullen. Met organische essenti\u00eble sinaasappelolie.","breadcrumb":{"@id":"https:\/\/www.hairandskin.eu\/nl\/produit\/holi-styling-spray\/#breadcrumb"},"inLanguage":"nl-NL","potentialAction":[{"@type":"ReadAction","target":["https:\/\/www.hairandskin.eu\/nl\/produit\/holi-styling-spray\/"]}]},{"@type":"ImageObject","inLanguage":"nl-NL","@id":"https:\/\/www.hairandskin.eu\/nl\/produit\/holi-styling-spray\/#primaryimage","url":"https:\/\/www.hairandskin.eu\/wp-content\/uploads\/2017\/03\/holi-spray-coiffant.jpg","contentUrl":"https:\/\/www.hairandskin.eu\/wp-content\/uploads\/2017\/03\/holi-spray-coiffant.jpg","width":837,"height":1046,"caption":"holi styling spray"},{"@type":"BreadcrumbList","@id":"https:\/\/www.hairandskin.eu\/nl\/produit\/holi-styling-spray\/#breadcrumb","itemListElement":[{"@type":"ListItem","position":1,"name":"Accueil","item":"https:\/\/www.hairandskin.eu\/nl\/"},{"@type":"ListItem","position":2,"name":"Winkel","item":"https:\/\/www.hairandskin.eu\/nl\/winkel\/"},{"@type":"ListItem","position":3,"name":"Holi Styling Spray"}]},{"@type":"WebSite","@id":"https:\/\/www.hairandskin.eu\/nl\/#website","url":"https:\/\/www.hairandskin.eu\/nl\/","name":"Hairandskin","description":"Soins du cheveu et de la peau, aromath\u00e9rapie, cosm\u00e9tique, shampooing, conditioner","publisher":{"@id":"https:\/\/www.hairandskin.eu\/nl\/#organization"},"potentialAction":[{"@type":"SearchAction","target":{"@type":"EntryPoint","urlTemplate":"https:\/\/www.hairandskin.eu\/nl\/?s={search_term_string}"},"query-input":{"@type":"PropertyValueSpecification","valueRequired":true,"valueName":"search_term_string"}}],"inLanguage":"nl-NL"},{"@type":"Organization","@id":"https:\/\/www.hairandskin.eu\/nl\/#organization","name":"Hairandskin","url":"https:\/\/www.hairandskin.eu\/nl\/","logo":{"@type":"ImageObject","inLanguage":"nl-NL","@id":"https:\/\/www.hairandskin.eu\/nl\/#\/schema\/logo\/image\/","url":"https:\/\/www.hairandskin.eu\/wp-content\/uploads\/2016\/10\/naturame_logo.png","contentUrl":"https:\/\/www.hairandskin.eu\/wp-content\/uploads\/2016\/10\/naturame_logo.png","width":100,"height":80,"caption":"Hairandskin"},"image":{"@id":"https:\/\/www.hairandskin.eu\/nl\/#\/schema\/logo\/image\/"},"sameAs":["https:\/\/www.facebook.com\/hairandskin.shop\/","https:\/\/www.instagram.com\/hairandskin.shop\/"],"vatID":"BE0897803393"}]}},"_links":{"self":[{"href":"https:\/\/www.hairandskin.eu\/nl\/wp-json\/wp\/v2\/product\/14086","targetHints":{"allow":["GET"]}}],"collection":[{"href":"https:\/\/www.hairandskin.eu\/nl\/wp-json\/wp\/v2\/product"}],"about":[{"href":"https:\/\/www.hairandskin.eu\/nl\/wp-json\/wp\/v2\/types\/product"}],"replies":[{"embeddable":true,"href":"https:\/\/www.hairandskin.eu\/nl\/wp-json\/wp\/v2\/comments?post=14086"}],"wp:featuredmedia":[{"embeddable":true,"href":"https:\/\/www.hairandskin.eu\/nl\/wp-json\/wp\/v2\/media\/10902"}],"wp:attachment":[{"href":"https:\/\/www.hairandskin.eu\/nl\/wp-json\/wp\/v2\/media?parent=14086"}],"wp:term":[{"taxonomy":"product_brand","embeddable":true,"href":"https:\/\/www.hairandskin.eu\/nl\/wp-json\/wp\/v2\/product_brand?post=14086"},{"taxonomy":"product_cat","embeddable":true,"href":"https:\/\/www.hairandskin.eu\/nl\/wp-json\/wp\/v2\/product_cat?post=14086"},{"taxonomy":"product_tag","embeddable":true,"href":"https:\/\/www.hairandskin.eu\/nl\/wp-json\/wp\/v2\/product_tag?post=14086"}],"curies":[{"name":"wp","href":"https:\/\/api.w.org\/{rel}","templated":true}]}}