{"id":14030,"date":"2017-08-02T18:00:45","date_gmt":"2017-08-02T16:00:45","guid":{"rendered":"https:\/\/www.hairandskin.eu\/produit\/tahe-kerafusion-brazilian-straightening-pakket-shampoo-masker-behandeling\/"},"modified":"2017-08-02T18:00:45","modified_gmt":"2017-08-02T16:00:45","slug":"tahe-kerafusion-brazilian-straightening-pakket-shampoo-masker-behandeling","status":"publish","type":"product","link":"https:\/\/www.hairandskin.eu\/nl\/produit\/tahe-kerafusion-brazilian-straightening-pakket-shampoo-masker-behandeling\/","title":{"rendered":"Tah\u00e9 Kerafusion Brazilian Straightening Pakket- Shampoo + Masker + Behandeling"},"content":{"rendered":"<p>Set Kerafusion Shampoo 200ml + Masker 300ml + Behandeling 5x10ml<br \/>\nSuperkoopje! Je <strong>bespaart \u20ac15,4 op de prijs van de afzonderlijke producten!<\/strong> <\/p>\n<ol>\n<li><a href=\"\/produit\/tahe-shampooing-kerafusion-apres-lissage\/\">Tah\u00e9 Kerafusion After-Smoothing Shampoo 200ml<\/a>: Onderhoudsshampoo na Brazilian straightening.<br \/>\nDe formule bevat actieve ingredi\u00ebnten die je haar vezel voor vezel gladder maken. Het vult micro-onregelmatigheden op voor een perfecte gladheid die zacht, zijdeachtig en vol beweging is. <\/li>\n<li><a href=\"https:\/\/www.hairandskin.eu\/produit\/tahe-masque-nourrissant-kerafusion-apres-lissage\/\">Tah\u00e9 Kerafusion voedend masker na het steilen 300ml<\/a>: herbalancerend after-shampoo masker voor droog haar.<br \/>\nAanbevolen voor haarverzorging na het Braziliaans steilen. Zeer voedend. Vult de werking van keratine aan door de gladheid, verzorging, zachtheid en voeding van behandeld haar te perfectioneren.  <\/li>\n<li><a href=\"\/produit\/tahe-traitement-prolongateur-lissage-kerafusion\/\">Tah\u00e9 Kerafusion Brazilian straightening verlengende behandeling 5x10ml <\/a>: Specifieke behandeling om het effect van je Brazilian straightening te verlengen. Zorgt voor een perfecte, langdurige gladheid en straightening.<br \/>\n4 weken na het straightenen, breng de eerste behandeling aan en herhaal dit elke week. Het verlengt het effect van je Brazilian straightening met 4 tot 5 weken.  <\/li>\n<\/ol>\n","protected":false},"excerpt":{"rendered":"<p>Kerafusion pakket verzorgt en verlengt het effect van je Brazilian straightening. Shampoo 200ml + Masker 300ml + Behandeling 5x10ml<br \/>\nSuperkoopje! <strong>Bespaar \u20ac15,4!<\/strong> <\/p>\n","protected":false},"featured_media":10994,"comment_status":"open","ping_status":"closed","template":"","meta":[],"product_brand":[],"product_cat":[1124,1162,1344,1109,1312,1518,1132],"product_tag":[1521,1520,1490,1322,1111,1315],"class_list":{"0":"post-14030","1":"product","2":"type-product","3":"status-publish","4":"has-post-thumbnail","6":"product_cat-haarverzorging","7":"product_cat-merken","8":"product_cat-perm-en-steilen","9":"product_cat-shampoo","10":"product_cat-tahe-nl","11":"product_cat-tahe-kerafusie","12":"product_cat-verzorging-en-maskers","13":"product_tag-behandeling","14":"product_tag-braziliaans-steilen","15":"product_tag-gladstrijkend-nl","16":"product_tag-masker","17":"product_tag-shampoo","18":"product_tag-tahe-nl","19":"pa_advised_for-braziliaans-steilen","20":"pa_advised_for-droog-haar","21":"pa_advised_for-fijn-haar","22":"pa_advised_for-gladstrijkend","23":"pa_advised_for-steil-haar","24":"pa_brand-tahe-nl","25":"pa_gamme-traditioneel","26":"pa_used_for-gladstrijkend","27":"pa_used_for-haarverzorging","28":"pa_used_for-masker","29":"pa_used_for-shampoo","31":"first","32":"outofstock","33":"taxable","34":"shipping-taxable","35":"purchasable","36":"product-type-simple"},"yoast_head":"<!-- This site is optimized with the Yoast SEO Premium plugin v27.3 (Yoast SEO v27.3) - https:\/\/yoast.com\/product\/yoast-seo-premium-wordpress\/ -->\n<title>Tah\u00e9 Kerafusion Brazilian Straightening Pack Shampoo + Masker + Behandeling<\/title>\n<meta name=\"description\" content=\"Kerafusion Advantage Pack verzorgt en verlengt het effect van je Brazilian straightening. Shampoo 200ml + Masker 300ml + Behandeling 5x10ml. Bespaar meer dan 15\u20ac!\" \/>\n<meta name=\"robots\" content=\"index, follow, max-snippet:-1, max-image-preview:large, max-video-preview:-1\" \/>\n<link rel=\"canonical\" href=\"https:\/\/www.hairandskin.eu\/nl\/produit\/tahe-kerafusion-brazilian-straightening-pakket-shampoo-masker-behandeling\/\" \/>\n<meta property=\"og:locale\" content=\"nl_NL\" \/>\n<meta property=\"og:type\" content=\"article\" \/>\n<meta property=\"og:title\" content=\"Tah\u00e9 Kerafusion Brazilian Straightening Pakket- Shampoo + Masker + Behandeling\" \/>\n<meta property=\"og:description\" content=\"Kerafusion Advantage Pack verzorgt en verlengt het effect van je Brazilian straightening. Shampoo 200ml + Masker 300ml + Behandeling 5x10ml. Bespaar meer dan 15\u20ac!\" \/>\n<meta property=\"og:url\" content=\"https:\/\/www.hairandskin.eu\/nl\/produit\/tahe-kerafusion-brazilian-straightening-pakket-shampoo-masker-behandeling\/\" \/>\n<meta property=\"og:site_name\" content=\"Hairandskin\" \/>\n<meta property=\"article:publisher\" content=\"https:\/\/www.facebook.com\/hairandskin.shop\/\" \/>\n<meta property=\"og:image\" content=\"https:\/\/www.hairandskin.eu\/wp-content\/uploads\/2017\/08\/tah\u00e9-pack-KERAFUSION-maintenance-apr\u00e8s-lissage-br\u00e9silien.jpg\" \/>\n\t<meta property=\"og:image:width\" content=\"1294\" \/>\n\t<meta property=\"og:image:height\" content=\"1617\" \/>\n\t<meta property=\"og:image:type\" content=\"image\/jpeg\" \/>\n<script type=\"application\/ld+json\" class=\"yoast-schema-graph\">{\"@context\":\"https:\\\/\\\/schema.org\",\"@graph\":[{\"@type\":[\"WebPage\",\"ItemPage\"],\"@id\":\"https:\\\/\\\/www.hairandskin.eu\\\/nl\\\/produit\\\/tahe-kerafusion-brazilian-straightening-pakket-shampoo-masker-behandeling\\\/\",\"url\":\"https:\\\/\\\/www.hairandskin.eu\\\/nl\\\/produit\\\/tahe-kerafusion-brazilian-straightening-pakket-shampoo-masker-behandeling\\\/\",\"name\":\"Tah\u00e9 Kerafusion Brazilian Straightening Pack Shampoo + Masker + Behandeling\",\"isPartOf\":{\"@id\":\"https:\\\/\\\/www.hairandskin.eu\\\/nl\\\/#website\"},\"primaryImageOfPage\":{\"@id\":\"https:\\\/\\\/www.hairandskin.eu\\\/nl\\\/produit\\\/tahe-kerafusion-brazilian-straightening-pakket-shampoo-masker-behandeling\\\/#primaryimage\"},\"image\":{\"@id\":\"https:\\\/\\\/www.hairandskin.eu\\\/nl\\\/produit\\\/tahe-kerafusion-brazilian-straightening-pakket-shampoo-masker-behandeling\\\/#primaryimage\"},\"thumbnailUrl\":\"https:\\\/\\\/www.hairandskin.eu\\\/wp-content\\\/uploads\\\/2017\\\/08\\\/tah\u00e9-pack-KERAFUSION-maintenance-apr\u00e8s-lissage-br\u00e9silien.jpg\",\"datePublished\":\"2017-08-02T16:00:45+00:00\",\"description\":\"Kerafusion Advantage Pack verzorgt en verlengt het effect van je Brazilian straightening. Shampoo 200ml + Masker 300ml + Behandeling 5x10ml. Bespaar meer dan 15\u20ac!\",\"breadcrumb\":{\"@id\":\"https:\\\/\\\/www.hairandskin.eu\\\/nl\\\/produit\\\/tahe-kerafusion-brazilian-straightening-pakket-shampoo-masker-behandeling\\\/#breadcrumb\"},\"inLanguage\":\"nl-NL\",\"potentialAction\":[{\"@type\":\"ReadAction\",\"target\":[\"https:\\\/\\\/www.hairandskin.eu\\\/nl\\\/produit\\\/tahe-kerafusion-brazilian-straightening-pakket-shampoo-masker-behandeling\\\/\"]}]},{\"@type\":\"ImageObject\",\"inLanguage\":\"nl-NL\",\"@id\":\"https:\\\/\\\/www.hairandskin.eu\\\/nl\\\/produit\\\/tahe-kerafusion-brazilian-straightening-pakket-shampoo-masker-behandeling\\\/#primaryimage\",\"url\":\"https:\\\/\\\/www.hairandskin.eu\\\/wp-content\\\/uploads\\\/2017\\\/08\\\/tah\u00e9-pack-KERAFUSION-maintenance-apr\u00e8s-lissage-br\u00e9silien.jpg\",\"contentUrl\":\"https:\\\/\\\/www.hairandskin.eu\\\/wp-content\\\/uploads\\\/2017\\\/08\\\/tah\u00e9-pack-KERAFUSION-maintenance-apr\u00e8s-lissage-br\u00e9silien.jpg\",\"width\":1294,\"height\":1617,\"caption\":\"tah\u00e9verpakking KERAFUSION onderhoud na Braziliaans steilen\"},{\"@type\":\"BreadcrumbList\",\"@id\":\"https:\\\/\\\/www.hairandskin.eu\\\/nl\\\/produit\\\/tahe-kerafusion-brazilian-straightening-pakket-shampoo-masker-behandeling\\\/#breadcrumb\",\"itemListElement\":[{\"@type\":\"ListItem\",\"position\":1,\"name\":\"Accueil\",\"item\":\"https:\\\/\\\/www.hairandskin.eu\\\/nl\\\/\"},{\"@type\":\"ListItem\",\"position\":2,\"name\":\"Winkel\",\"item\":\"https:\\\/\\\/www.hairandskin.eu\\\/nl\\\/winkel\\\/\"},{\"@type\":\"ListItem\",\"position\":3,\"name\":\"Tah\u00e9 Kerafusion Brazilian Straightening Pakket- Shampoo + Masker + Behandeling\"}]},{\"@type\":\"WebSite\",\"@id\":\"https:\\\/\\\/www.hairandskin.eu\\\/nl\\\/#website\",\"url\":\"https:\\\/\\\/www.hairandskin.eu\\\/nl\\\/\",\"name\":\"Hairandskin\",\"description\":\"Soins du cheveu et de la peau, aromath\u00e9rapie, cosm\u00e9tique, shampooing, conditioner\",\"publisher\":{\"@id\":\"https:\\\/\\\/www.hairandskin.eu\\\/nl\\\/#organization\"},\"potentialAction\":[{\"@type\":\"SearchAction\",\"target\":{\"@type\":\"EntryPoint\",\"urlTemplate\":\"https:\\\/\\\/www.hairandskin.eu\\\/nl\\\/?s={search_term_string}\"},\"query-input\":{\"@type\":\"PropertyValueSpecification\",\"valueRequired\":true,\"valueName\":\"search_term_string\"}}],\"inLanguage\":\"nl-NL\"},{\"@type\":\"Organization\",\"@id\":\"https:\\\/\\\/www.hairandskin.eu\\\/nl\\\/#organization\",\"name\":\"Hairandskin\",\"url\":\"https:\\\/\\\/www.hairandskin.eu\\\/nl\\\/\",\"logo\":{\"@type\":\"ImageObject\",\"inLanguage\":\"nl-NL\",\"@id\":\"https:\\\/\\\/www.hairandskin.eu\\\/nl\\\/#\\\/schema\\\/logo\\\/image\\\/\",\"url\":\"https:\\\/\\\/www.hairandskin.eu\\\/wp-content\\\/uploads\\\/2016\\\/10\\\/naturame_logo.png\",\"contentUrl\":\"https:\\\/\\\/www.hairandskin.eu\\\/wp-content\\\/uploads\\\/2016\\\/10\\\/naturame_logo.png\",\"width\":100,\"height\":80,\"caption\":\"Hairandskin\"},\"image\":{\"@id\":\"https:\\\/\\\/www.hairandskin.eu\\\/nl\\\/#\\\/schema\\\/logo\\\/image\\\/\"},\"sameAs\":[\"https:\\\/\\\/www.facebook.com\\\/hairandskin.shop\\\/\",\"https:\\\/\\\/www.instagram.com\\\/hairandskin.shop\\\/\"],\"vatID\":\"BE0897803393\"}]}<\/script>\n<!-- \/ Yoast SEO Premium plugin. -->","yoast_head_json":{"title":"Tah\u00e9 Kerafusion Brazilian Straightening Pack Shampoo + Masker + Behandeling","description":"Kerafusion Advantage Pack verzorgt en verlengt het effect van je Brazilian straightening. Shampoo 200ml + Masker 300ml + Behandeling 5x10ml. Bespaar meer dan 15\u20ac!","robots":{"index":"index","follow":"follow","max-snippet":"max-snippet:-1","max-image-preview":"max-image-preview:large","max-video-preview":"max-video-preview:-1"},"canonical":"https:\/\/www.hairandskin.eu\/nl\/produit\/tahe-kerafusion-brazilian-straightening-pakket-shampoo-masker-behandeling\/","og_locale":"nl_NL","og_type":"article","og_title":"Tah\u00e9 Kerafusion Brazilian Straightening Pakket- Shampoo + Masker + Behandeling","og_description":"Kerafusion Advantage Pack verzorgt en verlengt het effect van je Brazilian straightening. Shampoo 200ml + Masker 300ml + Behandeling 5x10ml. Bespaar meer dan 15\u20ac!","og_url":"https:\/\/www.hairandskin.eu\/nl\/produit\/tahe-kerafusion-brazilian-straightening-pakket-shampoo-masker-behandeling\/","og_site_name":"Hairandskin","article_publisher":"https:\/\/www.facebook.com\/hairandskin.shop\/","og_image":[{"width":1294,"height":1617,"url":"https:\/\/www.hairandskin.eu\/wp-content\/uploads\/2017\/08\/tah\u00e9-pack-KERAFUSION-maintenance-apr\u00e8s-lissage-br\u00e9silien.jpg","type":"image\/jpeg"}],"schema":{"@context":"https:\/\/schema.org","@graph":[{"@type":["WebPage","ItemPage"],"@id":"https:\/\/www.hairandskin.eu\/nl\/produit\/tahe-kerafusion-brazilian-straightening-pakket-shampoo-masker-behandeling\/","url":"https:\/\/www.hairandskin.eu\/nl\/produit\/tahe-kerafusion-brazilian-straightening-pakket-shampoo-masker-behandeling\/","name":"Tah\u00e9 Kerafusion Brazilian Straightening Pack Shampoo + Masker + Behandeling","isPartOf":{"@id":"https:\/\/www.hairandskin.eu\/nl\/#website"},"primaryImageOfPage":{"@id":"https:\/\/www.hairandskin.eu\/nl\/produit\/tahe-kerafusion-brazilian-straightening-pakket-shampoo-masker-behandeling\/#primaryimage"},"image":{"@id":"https:\/\/www.hairandskin.eu\/nl\/produit\/tahe-kerafusion-brazilian-straightening-pakket-shampoo-masker-behandeling\/#primaryimage"},"thumbnailUrl":"https:\/\/www.hairandskin.eu\/wp-content\/uploads\/2017\/08\/tah\u00e9-pack-KERAFUSION-maintenance-apr\u00e8s-lissage-br\u00e9silien.jpg","datePublished":"2017-08-02T16:00:45+00:00","description":"Kerafusion Advantage Pack verzorgt en verlengt het effect van je Brazilian straightening. Shampoo 200ml + Masker 300ml + Behandeling 5x10ml. Bespaar meer dan 15\u20ac!","breadcrumb":{"@id":"https:\/\/www.hairandskin.eu\/nl\/produit\/tahe-kerafusion-brazilian-straightening-pakket-shampoo-masker-behandeling\/#breadcrumb"},"inLanguage":"nl-NL","potentialAction":[{"@type":"ReadAction","target":["https:\/\/www.hairandskin.eu\/nl\/produit\/tahe-kerafusion-brazilian-straightening-pakket-shampoo-masker-behandeling\/"]}]},{"@type":"ImageObject","inLanguage":"nl-NL","@id":"https:\/\/www.hairandskin.eu\/nl\/produit\/tahe-kerafusion-brazilian-straightening-pakket-shampoo-masker-behandeling\/#primaryimage","url":"https:\/\/www.hairandskin.eu\/wp-content\/uploads\/2017\/08\/tah\u00e9-pack-KERAFUSION-maintenance-apr\u00e8s-lissage-br\u00e9silien.jpg","contentUrl":"https:\/\/www.hairandskin.eu\/wp-content\/uploads\/2017\/08\/tah\u00e9-pack-KERAFUSION-maintenance-apr\u00e8s-lissage-br\u00e9silien.jpg","width":1294,"height":1617,"caption":"tah\u00e9verpakking KERAFUSION onderhoud na Braziliaans steilen"},{"@type":"BreadcrumbList","@id":"https:\/\/www.hairandskin.eu\/nl\/produit\/tahe-kerafusion-brazilian-straightening-pakket-shampoo-masker-behandeling\/#breadcrumb","itemListElement":[{"@type":"ListItem","position":1,"name":"Accueil","item":"https:\/\/www.hairandskin.eu\/nl\/"},{"@type":"ListItem","position":2,"name":"Winkel","item":"https:\/\/www.hairandskin.eu\/nl\/winkel\/"},{"@type":"ListItem","position":3,"name":"Tah\u00e9 Kerafusion Brazilian Straightening Pakket- Shampoo + Masker + Behandeling"}]},{"@type":"WebSite","@id":"https:\/\/www.hairandskin.eu\/nl\/#website","url":"https:\/\/www.hairandskin.eu\/nl\/","name":"Hairandskin","description":"Soins du cheveu et de la peau, aromath\u00e9rapie, cosm\u00e9tique, shampooing, conditioner","publisher":{"@id":"https:\/\/www.hairandskin.eu\/nl\/#organization"},"potentialAction":[{"@type":"SearchAction","target":{"@type":"EntryPoint","urlTemplate":"https:\/\/www.hairandskin.eu\/nl\/?s={search_term_string}"},"query-input":{"@type":"PropertyValueSpecification","valueRequired":true,"valueName":"search_term_string"}}],"inLanguage":"nl-NL"},{"@type":"Organization","@id":"https:\/\/www.hairandskin.eu\/nl\/#organization","name":"Hairandskin","url":"https:\/\/www.hairandskin.eu\/nl\/","logo":{"@type":"ImageObject","inLanguage":"nl-NL","@id":"https:\/\/www.hairandskin.eu\/nl\/#\/schema\/logo\/image\/","url":"https:\/\/www.hairandskin.eu\/wp-content\/uploads\/2016\/10\/naturame_logo.png","contentUrl":"https:\/\/www.hairandskin.eu\/wp-content\/uploads\/2016\/10\/naturame_logo.png","width":100,"height":80,"caption":"Hairandskin"},"image":{"@id":"https:\/\/www.hairandskin.eu\/nl\/#\/schema\/logo\/image\/"},"sameAs":["https:\/\/www.facebook.com\/hairandskin.shop\/","https:\/\/www.instagram.com\/hairandskin.shop\/"],"vatID":"BE0897803393"}]}},"_links":{"self":[{"href":"https:\/\/www.hairandskin.eu\/nl\/wp-json\/wp\/v2\/product\/14030","targetHints":{"allow":["GET"]}}],"collection":[{"href":"https:\/\/www.hairandskin.eu\/nl\/wp-json\/wp\/v2\/product"}],"about":[{"href":"https:\/\/www.hairandskin.eu\/nl\/wp-json\/wp\/v2\/types\/product"}],"replies":[{"embeddable":true,"href":"https:\/\/www.hairandskin.eu\/nl\/wp-json\/wp\/v2\/comments?post=14030"}],"wp:featuredmedia":[{"embeddable":true,"href":"https:\/\/www.hairandskin.eu\/nl\/wp-json\/wp\/v2\/media\/10994"}],"wp:attachment":[{"href":"https:\/\/www.hairandskin.eu\/nl\/wp-json\/wp\/v2\/media?parent=14030"}],"wp:term":[{"taxonomy":"product_brand","embeddable":true,"href":"https:\/\/www.hairandskin.eu\/nl\/wp-json\/wp\/v2\/product_brand?post=14030"},{"taxonomy":"product_cat","embeddable":true,"href":"https:\/\/www.hairandskin.eu\/nl\/wp-json\/wp\/v2\/product_cat?post=14030"},{"taxonomy":"product_tag","embeddable":true,"href":"https:\/\/www.hairandskin.eu\/nl\/wp-json\/wp\/v2\/product_tag?post=14030"}],"curies":[{"name":"wp","href":"https:\/\/api.w.org\/{rel}","templated":true}]}}