{"id":14012,"date":"2017-06-15T16:35:56","date_gmt":"2017-06-15T14:35:56","guid":{"rendered":"https:\/\/www.hairandskin.eu\/produit\/holi-ultieme-stylingcreme\/"},"modified":"2017-06-15T16:35:56","modified_gmt":"2017-06-15T14:35:56","slug":"holi-ultieme-stylingcreme","status":"publish","type":"product","link":"https:\/\/www.hairandskin.eu\/nl\/produit\/holi-ultieme-stylingcreme\/","title":{"rendered":"Holi ultieme stylingcr\u00e8me"},"content":{"rendered":"<p>Ultimate Beautifying Complex is een stylingcr\u00e8me die het haar helpt <strong>te vormen<\/strong> en te laten glanzen terwijl het vochtgehalte behouden blijft. <br \/>Geformuleerd met een exclusief complex van organische kokosnoot plantaardige olie en<strong>organische Immortelle en Patchouli essenti\u00eble oli\u00ebn<\/strong>.<br \/>Ze bieden de elementen om de hoofdhuid en het haar van wortel tot punt te versterken en te hydrateren.<br \/>\n<h3>Holi natuurlijke huidverzorging<\/h3>\n<p>Holi cosm\u00e9tiques naturels\u00ae is een assortiment haarverzorgingsproducten, geconcentreerd in kostbare planten met voorouderlijke deugden en onbetwiste effecten, waarmee je volledig en eenvoudig kunt genieten van wat de natuur te bieden heeft.<\/p>\n\n<p>Holi-complexen zijn pure concentraten van<strong>100% natuurlijke actieve ingredi\u00ebnten<\/strong>, geformuleerd met zachte, actieve reinigende stoffen.<br>Oppervlakteactieve stoffen zijn afgeleid van suikers.<br>Actieve stoffen, behandelingen en geuren zijn afgeleid van 100% pure, natuurlijke biologische etherische oli\u00ebn en biologische plantenoli\u00ebn, zorgvuldig geselecteerd om je haar het allerbeste te bieden, evenals een unieke zintuiglijke ervaring.<br>Ontdek originele essences voor een moment van ontspanning van topklasse en diepgaande verzorging voor je haar.<\/p>\n\n<p>Deze<strong> shampoos en behandelingen met aromatherapie<\/strong> zullen je overtuigen met hun doeltreffendheid. Ze respecteren je haar, dankzij hun exclusieve synergie\u00ebn van<strong>biologische plantaardige oli\u00ebn van de eerste persing en biologische essenti\u00eble oli\u00ebn<\/strong>.<br>Elk exclusief complex bevat extracten van alo\u00eb vera, avocado, kamille en ginseng, die worden gecombineerd met een extra planten- of bloemenextract, verschillend in elk product.<br>Alleen het zuiverende complex bevat geen essenti\u00eble oli\u00ebn, dus zwangere vrouwen en vrouwen die borstvoeding geven, of mensen die allergisch zijn voor essenti\u00eble oli\u00ebn, kunnen zonder risico genieten van de voordelen van plantaardige kleuring. <\/p>\n\n<p>Doeltreffend en geoptimaliseerd, dertig planten, bloemen, vruchten en klei met erkende deugden vormen de kostbare basis van het Holi-assortiment. Het voldoet aan de behoeften van iedereen en de eisen van het moderne leven, in een puur natuurlijke en ecologische benadering.<br>De geselecteerde vruchten, planten, aarden en bloemen zijn : Alo\u00eb vera, Amla, Groene klei, Avocado, Baheda, Bhringaraj, Korenbloem, Brahmi, Kamille, Cassia, Atlas ceder, Citroen, Kokosnoot, Eucalyptus, cactusvijg, Rose geranium, Ginseng, Harad, Henna, Indigo, Rode mandarijn, Pepermunt, Hazelnoot, Olijf, Zoete sinaasappel, Rozemarijn, Salie, Shikakai, Tea tree, Ylang ylang... <\/p>\n\n<p>Holi aromatherapiecomplexen worden gemaakt in Frankrijk en bevatten geen petrochemische toevoegingen, natriumlaurylsulfaat, parabenen, fenoxyethanol, parfums, pesticiden, kunstmatige kleurstoffen of conserveringsmiddelen.<br>Elke essenti\u00eble olie wordt geoogst en verwerkt in het land van herkomst.<\/p>\n\n<p>Door te kiezen voor<strong> grondstoffen uit de biologische landbouw<\/strong> steunt Holi een productiemethode die de natuur respecteert en beschermt.<br>Bij de samenstelling van onze producten worden geen petrochemische additieven gebruikt.<\/p>\n\n<p>Het Holi natural cosmetics\u00ae assortiment is dermatologisch getest.<br>Holi producten zijn <strong>niet getest op dieren<\/strong> en gebruiken geen ingredi\u00ebnten van dierlijke oorsprong.<\/p>\n\n<p><strong>Ayurveda<\/strong> is een holistische geneeskunde gericht op het in balans houden van lichaam, geest en ziel. Ayurveda beschouwt lichaam en geest als \u00e9\u00e9n en hetzelfde, die nauw samenwerken. Daarom kan elke verstoring van dit evenwicht nadelige gevolgen hebben voor onze gezondheid... en dus ook voor onze schoonheid.<br>Biologisch geteelde voedingsmiddelen, planten en kruiden helpen om ze in balans te houden.<br>Holi cosm\u00e9tiques naturels\u00ae heeft ervoor gezorgd de juiste planten te selecteren die niet alleen op het haar werken, maar ook op de hoofdhuid.  <\/p>\n","protected":false},"excerpt":{"rendered":"<p>Ultimate Beautifying Complex helpt het haar <strong>vorm te geven<\/strong> en te laten glanzen terwijl het vochtgehalte behouden blijft. Met essenti\u00eble organische immortelle en patchouli oli\u00ebn. <\/p>\n","protected":false},"featured_media":10924,"comment_status":"open","ping_status":"closed","template":"","meta":[],"product_brand":[],"product_cat":[1124,1506,1162,1138,1167],"product_tag":[1176,1185],"class_list":{"0":"post-14012","1":"product","2":"type-product","3":"status-publish","4":"has-post-thumbnail","6":"product_cat-haarverzorging","7":"product_cat-holi-nl","8":"product_cat-merken","9":"product_cat-styling","10":"product_cat-zorg-en-behandeling","11":"product_tag-bio-nl","12":"product_tag-styling","13":"pa_advised_for-alle-haartypes","14":"pa_brand-holi-natuurlijke-cosmeticaproducten","15":"pa_gamme-bio-nl","16":"pa_quantity_vol-30-ml-nl","17":"pa_used_for-styling","19":"first","20":"outofstock","21":"taxable","22":"shipping-taxable","23":"purchasable","24":"product-type-simple"},"yoast_head":"<!-- This site is optimized with the Yoast SEO Premium plugin v27.3 (Yoast SEO v27.3) - https:\/\/yoast.com\/product\/yoast-seo-premium-wordpress\/ -->\n<title>Holi styling cr\u00e8me - natuurlijk biologisch. Met essenti\u00eble olie van immortelle<\/title>\n<meta name=\"description\" content=\"Het Ultimate Holi Beautifying Complex helpt het haar te vormen en te laten glanzen terwijl het vochtgehalte behouden blijft.\" \/>\n<meta name=\"robots\" content=\"index, follow, max-snippet:-1, max-image-preview:large, max-video-preview:-1\" \/>\n<link rel=\"canonical\" href=\"https:\/\/www.hairandskin.eu\/nl\/produit\/holi-ultieme-stylingcreme\/\" \/>\n<meta property=\"og:locale\" content=\"nl_NL\" \/>\n<meta property=\"og:type\" content=\"article\" \/>\n<meta property=\"og:title\" content=\"Holi ultieme stylingcr\u00e8me\" \/>\n<meta property=\"og:description\" content=\"Het Ultimate Holi Beautifying Complex helpt het haar te vormen en te laten glanzen terwijl het vochtgehalte behouden blijft.\" \/>\n<meta property=\"og:url\" content=\"https:\/\/www.hairandskin.eu\/nl\/produit\/holi-ultieme-stylingcreme\/\" \/>\n<meta property=\"og:site_name\" content=\"Hairandskin\" \/>\n<meta property=\"article:publisher\" content=\"https:\/\/www.facebook.com\/hairandskin.shop\/\" \/>\n<meta property=\"og:image\" content=\"https:\/\/www.hairandskin.eu\/wp-content\/uploads\/2017\/06\/holi-ultime-complexe-embellissant-cr\u00e8me-de-coiffage.jpg\" \/>\n\t<meta property=\"og:image:width\" content=\"422\" \/>\n\t<meta property=\"og:image:height\" content=\"528\" \/>\n\t<meta property=\"og:image:type\" content=\"image\/jpeg\" \/>\n<script type=\"application\/ld+json\" class=\"yoast-schema-graph\">{\"@context\":\"https:\\\/\\\/schema.org\",\"@graph\":[{\"@type\":[\"WebPage\",\"ItemPage\"],\"@id\":\"https:\\\/\\\/www.hairandskin.eu\\\/nl\\\/produit\\\/holi-ultieme-stylingcreme\\\/\",\"url\":\"https:\\\/\\\/www.hairandskin.eu\\\/nl\\\/produit\\\/holi-ultieme-stylingcreme\\\/\",\"name\":\"Holi styling cr\u00e8me - natuurlijk biologisch. Met essenti\u00eble olie van immortelle\",\"isPartOf\":{\"@id\":\"https:\\\/\\\/www.hairandskin.eu\\\/nl\\\/#website\"},\"primaryImageOfPage\":{\"@id\":\"https:\\\/\\\/www.hairandskin.eu\\\/nl\\\/produit\\\/holi-ultieme-stylingcreme\\\/#primaryimage\"},\"image\":{\"@id\":\"https:\\\/\\\/www.hairandskin.eu\\\/nl\\\/produit\\\/holi-ultieme-stylingcreme\\\/#primaryimage\"},\"thumbnailUrl\":\"https:\\\/\\\/www.hairandskin.eu\\\/wp-content\\\/uploads\\\/2017\\\/06\\\/holi-ultime-complexe-embellissant-cr\u00e8me-de-coiffage.jpg\",\"datePublished\":\"2017-06-15T14:35:56+00:00\",\"description\":\"Het Ultimate Holi Beautifying Complex helpt het haar te vormen en te laten glanzen terwijl het vochtgehalte behouden blijft.\",\"breadcrumb\":{\"@id\":\"https:\\\/\\\/www.hairandskin.eu\\\/nl\\\/produit\\\/holi-ultieme-stylingcreme\\\/#breadcrumb\"},\"inLanguage\":\"nl-NL\",\"potentialAction\":[{\"@type\":\"ReadAction\",\"target\":[\"https:\\\/\\\/www.hairandskin.eu\\\/nl\\\/produit\\\/holi-ultieme-stylingcreme\\\/\"]}]},{\"@type\":\"ImageObject\",\"inLanguage\":\"nl-NL\",\"@id\":\"https:\\\/\\\/www.hairandskin.eu\\\/nl\\\/produit\\\/holi-ultieme-stylingcreme\\\/#primaryimage\",\"url\":\"https:\\\/\\\/www.hairandskin.eu\\\/wp-content\\\/uploads\\\/2017\\\/06\\\/holi-ultime-complexe-embellissant-cr\u00e8me-de-coiffage.jpg\",\"contentUrl\":\"https:\\\/\\\/www.hairandskin.eu\\\/wp-content\\\/uploads\\\/2017\\\/06\\\/holi-ultime-complexe-embellissant-cr\u00e8me-de-coiffage.jpg\",\"width\":422,\"height\":528,\"caption\":\"holi ultime beautifying complex styling cr\u00e8me\"},{\"@type\":\"BreadcrumbList\",\"@id\":\"https:\\\/\\\/www.hairandskin.eu\\\/nl\\\/produit\\\/holi-ultieme-stylingcreme\\\/#breadcrumb\",\"itemListElement\":[{\"@type\":\"ListItem\",\"position\":1,\"name\":\"Accueil\",\"item\":\"https:\\\/\\\/www.hairandskin.eu\\\/nl\\\/\"},{\"@type\":\"ListItem\",\"position\":2,\"name\":\"Winkel\",\"item\":\"https:\\\/\\\/www.hairandskin.eu\\\/nl\\\/winkel\\\/\"},{\"@type\":\"ListItem\",\"position\":3,\"name\":\"Holi ultieme stylingcr\u00e8me\"}]},{\"@type\":\"WebSite\",\"@id\":\"https:\\\/\\\/www.hairandskin.eu\\\/nl\\\/#website\",\"url\":\"https:\\\/\\\/www.hairandskin.eu\\\/nl\\\/\",\"name\":\"Hairandskin\",\"description\":\"Soins du cheveu et de la peau, aromath\u00e9rapie, cosm\u00e9tique, shampooing, conditioner\",\"publisher\":{\"@id\":\"https:\\\/\\\/www.hairandskin.eu\\\/nl\\\/#organization\"},\"potentialAction\":[{\"@type\":\"SearchAction\",\"target\":{\"@type\":\"EntryPoint\",\"urlTemplate\":\"https:\\\/\\\/www.hairandskin.eu\\\/nl\\\/?s={search_term_string}\"},\"query-input\":{\"@type\":\"PropertyValueSpecification\",\"valueRequired\":true,\"valueName\":\"search_term_string\"}}],\"inLanguage\":\"nl-NL\"},{\"@type\":\"Organization\",\"@id\":\"https:\\\/\\\/www.hairandskin.eu\\\/nl\\\/#organization\",\"name\":\"Hairandskin\",\"url\":\"https:\\\/\\\/www.hairandskin.eu\\\/nl\\\/\",\"logo\":{\"@type\":\"ImageObject\",\"inLanguage\":\"nl-NL\",\"@id\":\"https:\\\/\\\/www.hairandskin.eu\\\/nl\\\/#\\\/schema\\\/logo\\\/image\\\/\",\"url\":\"https:\\\/\\\/www.hairandskin.eu\\\/wp-content\\\/uploads\\\/2016\\\/10\\\/naturame_logo.png\",\"contentUrl\":\"https:\\\/\\\/www.hairandskin.eu\\\/wp-content\\\/uploads\\\/2016\\\/10\\\/naturame_logo.png\",\"width\":100,\"height\":80,\"caption\":\"Hairandskin\"},\"image\":{\"@id\":\"https:\\\/\\\/www.hairandskin.eu\\\/nl\\\/#\\\/schema\\\/logo\\\/image\\\/\"},\"sameAs\":[\"https:\\\/\\\/www.facebook.com\\\/hairandskin.shop\\\/\",\"https:\\\/\\\/www.instagram.com\\\/hairandskin.shop\\\/\"],\"vatID\":\"BE0897803393\"}]}<\/script>\n<!-- \/ Yoast SEO Premium plugin. -->","yoast_head_json":{"title":"Holi styling cr\u00e8me - natuurlijk biologisch. Met essenti\u00eble olie van immortelle","description":"Het Ultimate Holi Beautifying Complex helpt het haar te vormen en te laten glanzen terwijl het vochtgehalte behouden blijft.","robots":{"index":"index","follow":"follow","max-snippet":"max-snippet:-1","max-image-preview":"max-image-preview:large","max-video-preview":"max-video-preview:-1"},"canonical":"https:\/\/www.hairandskin.eu\/nl\/produit\/holi-ultieme-stylingcreme\/","og_locale":"nl_NL","og_type":"article","og_title":"Holi ultieme stylingcr\u00e8me","og_description":"Het Ultimate Holi Beautifying Complex helpt het haar te vormen en te laten glanzen terwijl het vochtgehalte behouden blijft.","og_url":"https:\/\/www.hairandskin.eu\/nl\/produit\/holi-ultieme-stylingcreme\/","og_site_name":"Hairandskin","article_publisher":"https:\/\/www.facebook.com\/hairandskin.shop\/","og_image":[{"width":422,"height":528,"url":"https:\/\/www.hairandskin.eu\/wp-content\/uploads\/2017\/06\/holi-ultime-complexe-embellissant-cr\u00e8me-de-coiffage.jpg","type":"image\/jpeg"}],"schema":{"@context":"https:\/\/schema.org","@graph":[{"@type":["WebPage","ItemPage"],"@id":"https:\/\/www.hairandskin.eu\/nl\/produit\/holi-ultieme-stylingcreme\/","url":"https:\/\/www.hairandskin.eu\/nl\/produit\/holi-ultieme-stylingcreme\/","name":"Holi styling cr\u00e8me - natuurlijk biologisch. Met essenti\u00eble olie van immortelle","isPartOf":{"@id":"https:\/\/www.hairandskin.eu\/nl\/#website"},"primaryImageOfPage":{"@id":"https:\/\/www.hairandskin.eu\/nl\/produit\/holi-ultieme-stylingcreme\/#primaryimage"},"image":{"@id":"https:\/\/www.hairandskin.eu\/nl\/produit\/holi-ultieme-stylingcreme\/#primaryimage"},"thumbnailUrl":"https:\/\/www.hairandskin.eu\/wp-content\/uploads\/2017\/06\/holi-ultime-complexe-embellissant-cr\u00e8me-de-coiffage.jpg","datePublished":"2017-06-15T14:35:56+00:00","description":"Het Ultimate Holi Beautifying Complex helpt het haar te vormen en te laten glanzen terwijl het vochtgehalte behouden blijft.","breadcrumb":{"@id":"https:\/\/www.hairandskin.eu\/nl\/produit\/holi-ultieme-stylingcreme\/#breadcrumb"},"inLanguage":"nl-NL","potentialAction":[{"@type":"ReadAction","target":["https:\/\/www.hairandskin.eu\/nl\/produit\/holi-ultieme-stylingcreme\/"]}]},{"@type":"ImageObject","inLanguage":"nl-NL","@id":"https:\/\/www.hairandskin.eu\/nl\/produit\/holi-ultieme-stylingcreme\/#primaryimage","url":"https:\/\/www.hairandskin.eu\/wp-content\/uploads\/2017\/06\/holi-ultime-complexe-embellissant-cr\u00e8me-de-coiffage.jpg","contentUrl":"https:\/\/www.hairandskin.eu\/wp-content\/uploads\/2017\/06\/holi-ultime-complexe-embellissant-cr\u00e8me-de-coiffage.jpg","width":422,"height":528,"caption":"holi ultime beautifying complex styling cr\u00e8me"},{"@type":"BreadcrumbList","@id":"https:\/\/www.hairandskin.eu\/nl\/produit\/holi-ultieme-stylingcreme\/#breadcrumb","itemListElement":[{"@type":"ListItem","position":1,"name":"Accueil","item":"https:\/\/www.hairandskin.eu\/nl\/"},{"@type":"ListItem","position":2,"name":"Winkel","item":"https:\/\/www.hairandskin.eu\/nl\/winkel\/"},{"@type":"ListItem","position":3,"name":"Holi ultieme stylingcr\u00e8me"}]},{"@type":"WebSite","@id":"https:\/\/www.hairandskin.eu\/nl\/#website","url":"https:\/\/www.hairandskin.eu\/nl\/","name":"Hairandskin","description":"Soins du cheveu et de la peau, aromath\u00e9rapie, cosm\u00e9tique, shampooing, conditioner","publisher":{"@id":"https:\/\/www.hairandskin.eu\/nl\/#organization"},"potentialAction":[{"@type":"SearchAction","target":{"@type":"EntryPoint","urlTemplate":"https:\/\/www.hairandskin.eu\/nl\/?s={search_term_string}"},"query-input":{"@type":"PropertyValueSpecification","valueRequired":true,"valueName":"search_term_string"}}],"inLanguage":"nl-NL"},{"@type":"Organization","@id":"https:\/\/www.hairandskin.eu\/nl\/#organization","name":"Hairandskin","url":"https:\/\/www.hairandskin.eu\/nl\/","logo":{"@type":"ImageObject","inLanguage":"nl-NL","@id":"https:\/\/www.hairandskin.eu\/nl\/#\/schema\/logo\/image\/","url":"https:\/\/www.hairandskin.eu\/wp-content\/uploads\/2016\/10\/naturame_logo.png","contentUrl":"https:\/\/www.hairandskin.eu\/wp-content\/uploads\/2016\/10\/naturame_logo.png","width":100,"height":80,"caption":"Hairandskin"},"image":{"@id":"https:\/\/www.hairandskin.eu\/nl\/#\/schema\/logo\/image\/"},"sameAs":["https:\/\/www.facebook.com\/hairandskin.shop\/","https:\/\/www.instagram.com\/hairandskin.shop\/"],"vatID":"BE0897803393"}]}},"_links":{"self":[{"href":"https:\/\/www.hairandskin.eu\/nl\/wp-json\/wp\/v2\/product\/14012","targetHints":{"allow":["GET"]}}],"collection":[{"href":"https:\/\/www.hairandskin.eu\/nl\/wp-json\/wp\/v2\/product"}],"about":[{"href":"https:\/\/www.hairandskin.eu\/nl\/wp-json\/wp\/v2\/types\/product"}],"replies":[{"embeddable":true,"href":"https:\/\/www.hairandskin.eu\/nl\/wp-json\/wp\/v2\/comments?post=14012"}],"wp:featuredmedia":[{"embeddable":true,"href":"https:\/\/www.hairandskin.eu\/nl\/wp-json\/wp\/v2\/media\/10924"}],"wp:attachment":[{"href":"https:\/\/www.hairandskin.eu\/nl\/wp-json\/wp\/v2\/media?parent=14012"}],"wp:term":[{"taxonomy":"product_brand","embeddable":true,"href":"https:\/\/www.hairandskin.eu\/nl\/wp-json\/wp\/v2\/product_brand?post=14012"},{"taxonomy":"product_cat","embeddable":true,"href":"https:\/\/www.hairandskin.eu\/nl\/wp-json\/wp\/v2\/product_cat?post=14012"},{"taxonomy":"product_tag","embeddable":true,"href":"https:\/\/www.hairandskin.eu\/nl\/wp-json\/wp\/v2\/product_tag?post=14012"}],"curies":[{"name":"wp","href":"https:\/\/api.w.org\/{rel}","templated":true}]}}