{"id":13888,"date":"2014-11-19T10:56:54","date_gmt":"2014-11-19T09:56:54","guid":{"rendered":"https:\/\/www.hairandskin.eu\/produit\/krullencreme\/"},"modified":"2025-03-19T17:39:54","modified_gmt":"2025-03-19T16:39:54","slug":"krullencreme","status":"publish","type":"product","link":"https:\/\/www.hairandskin.eu\/nl\/produit\/krullencreme\/","title":{"rendered":"Krullencr\u00e8me"},"content":{"rendered":"<p>De krulcr\u00e8me is verrijkt met vitamine B. Het is speciaal ontwikkeld om krullen te defini\u00ebren en optimaal te ondersteunen, terwijl het het haar van aanzet tot punt voedt en een optimale glans geeft.<\/p>\n<p>Een unieke formule die het haar ondersteunt en beschermt, en voorkomt dat krullen vervormen en pluizen.<\/p>\n","protected":false},"excerpt":{"rendered":"<p>Een cr\u00e8me die krullen ondersteunt, het haar beschermt en voorkomt dat krullen vervormen en pluizen.<\/p>\n","protected":false},"featured_media":10482,"comment_status":"open","ping_status":"closed","template":"","meta":[],"product_brand":[],"product_cat":[1124,1126,1162,1125,1138,1139],"product_tag":[1128],"class_list":{"0":"post-13888","1":"product","2":"type-product","3":"status-publish","4":"has-post-thumbnail","6":"product_cat-haarverzorging","7":"product_cat-haarverzorging-nl","8":"product_cat-merken","9":"product_cat-natulique-nl","10":"product_cat-styling","11":"product_cat-styling-nl","12":"product_tag-natulique-nl","13":"pa_advised_for-alle-haartypes","14":"pa_advised_for-krullend-haar","15":"pa_brand-natulique-nl","16":"pa_composition-actieve-ingredienten-gehydrolyseerde-tarweproteinen-die-het-haar-van-wortel-tot-punt-versterken-deze-krulcreme-is-verrijkt-met","17":"pa_gamme-organic","18":"pa_name_manufacturer-krul-definierende-haarcreme","19":"pa_quantity_vol-150-ml","20":"pa_usage-breng-een-geschikte-hoeveelheid-aan-op-nat-handdoekdroog-haar-werk-door-van-halverwege-de-lengte-tot-in-de-punten-fohnen-of-fohnen","21":"pa_used_for-styling","23":"first","24":"instock","25":"taxable","26":"shipping-taxable","27":"purchasable","28":"product-type-simple"},"yoast_head":"<!-- This site is optimized with the Yoast SEO Premium plugin v27.3 (Yoast SEO v27.3) - https:\/\/yoast.com\/product\/yoast-seo-premium-wordpress\/ -->\n<title>Krullencr\u00e8me<\/title>\n<meta name=\"description\" content=\"Een cr\u00e8me die krullen ondersteunt, het haar beschermt en voorkomt dat krullen vervormen en pluizen.\" \/>\n<meta name=\"robots\" content=\"index, follow, max-snippet:-1, max-image-preview:large, max-video-preview:-1\" \/>\n<link rel=\"canonical\" href=\"https:\/\/www.hairandskin.eu\/nl\/produit\/krullencreme\/\" \/>\n<meta property=\"og:locale\" content=\"nl_NL\" \/>\n<meta property=\"og:type\" content=\"article\" \/>\n<meta property=\"og:title\" content=\"Krullencr\u00e8me\" \/>\n<meta property=\"og:description\" content=\"Een cr\u00e8me die krullen ondersteunt, het haar beschermt en voorkomt dat krullen vervormen en pluizen.\" \/>\n<meta property=\"og:url\" content=\"https:\/\/www.hairandskin.eu\/nl\/produit\/krullencreme\/\" \/>\n<meta property=\"og:site_name\" content=\"Hairandskin\" \/>\n<meta property=\"article:publisher\" content=\"https:\/\/www.facebook.com\/hairandskin.shop\/\" \/>\n<meta property=\"article:modified_time\" content=\"2025-03-19T16:39:54+00:00\" \/>\n<meta property=\"og:image\" content=\"https:\/\/www.hairandskin.eu\/wp-content\/uploads\/2016\/10\/curl-cream2.jpg\" \/>\n\t<meta property=\"og:image:width\" content=\"329\" \/>\n\t<meta property=\"og:image:height\" content=\"411\" \/>\n\t<meta property=\"og:image:type\" content=\"image\/jpeg\" \/>\n<script type=\"application\/ld+json\" class=\"yoast-schema-graph\">{\"@context\":\"https:\\\/\\\/schema.org\",\"@graph\":[{\"@type\":[\"WebPage\",\"ItemPage\"],\"@id\":\"https:\\\/\\\/www.hairandskin.eu\\\/nl\\\/produit\\\/krullencreme\\\/\",\"url\":\"https:\\\/\\\/www.hairandskin.eu\\\/nl\\\/produit\\\/krullencreme\\\/\",\"name\":\"Krullencr\u00e8me\",\"isPartOf\":{\"@id\":\"https:\\\/\\\/www.hairandskin.eu\\\/nl\\\/#website\"},\"primaryImageOfPage\":{\"@id\":\"https:\\\/\\\/www.hairandskin.eu\\\/nl\\\/produit\\\/krullencreme\\\/#primaryimage\"},\"image\":{\"@id\":\"https:\\\/\\\/www.hairandskin.eu\\\/nl\\\/produit\\\/krullencreme\\\/#primaryimage\"},\"thumbnailUrl\":\"https:\\\/\\\/www.hairandskin.eu\\\/wp-content\\\/uploads\\\/2016\\\/10\\\/curl-cream2.jpg\",\"datePublished\":\"2014-11-19T09:56:54+00:00\",\"dateModified\":\"2025-03-19T16:39:54+00:00\",\"description\":\"Een cr\u00e8me die krullen ondersteunt, het haar beschermt en voorkomt dat krullen vervormen en pluizen.\",\"breadcrumb\":{\"@id\":\"https:\\\/\\\/www.hairandskin.eu\\\/nl\\\/produit\\\/krullencreme\\\/#breadcrumb\"},\"inLanguage\":\"nl-NL\",\"potentialAction\":[{\"@type\":\"ReadAction\",\"target\":[\"https:\\\/\\\/www.hairandskin.eu\\\/nl\\\/produit\\\/krullencreme\\\/\"]}]},{\"@type\":\"ImageObject\",\"inLanguage\":\"nl-NL\",\"@id\":\"https:\\\/\\\/www.hairandskin.eu\\\/nl\\\/produit\\\/krullencreme\\\/#primaryimage\",\"url\":\"https:\\\/\\\/www.hairandskin.eu\\\/wp-content\\\/uploads\\\/2016\\\/10\\\/curl-cream2.jpg\",\"contentUrl\":\"https:\\\/\\\/www.hairandskin.eu\\\/wp-content\\\/uploads\\\/2016\\\/10\\\/curl-cream2.jpg\",\"width\":329,\"height\":411,\"caption\":\"Krullencr\u00e8me\"},{\"@type\":\"BreadcrumbList\",\"@id\":\"https:\\\/\\\/www.hairandskin.eu\\\/nl\\\/produit\\\/krullencreme\\\/#breadcrumb\",\"itemListElement\":[{\"@type\":\"ListItem\",\"position\":1,\"name\":\"Accueil\",\"item\":\"https:\\\/\\\/www.hairandskin.eu\\\/nl\\\/\"},{\"@type\":\"ListItem\",\"position\":2,\"name\":\"Winkel\",\"item\":\"https:\\\/\\\/www.hairandskin.eu\\\/nl\\\/winkel\\\/\"},{\"@type\":\"ListItem\",\"position\":3,\"name\":\"Krullencr\u00e8me\"}]},{\"@type\":\"WebSite\",\"@id\":\"https:\\\/\\\/www.hairandskin.eu\\\/nl\\\/#website\",\"url\":\"https:\\\/\\\/www.hairandskin.eu\\\/nl\\\/\",\"name\":\"Hairandskin\",\"description\":\"Soins du cheveu et de la peau, aromath\u00e9rapie, cosm\u00e9tique, shampooing, conditioner\",\"publisher\":{\"@id\":\"https:\\\/\\\/www.hairandskin.eu\\\/nl\\\/#organization\"},\"potentialAction\":[{\"@type\":\"SearchAction\",\"target\":{\"@type\":\"EntryPoint\",\"urlTemplate\":\"https:\\\/\\\/www.hairandskin.eu\\\/nl\\\/?s={search_term_string}\"},\"query-input\":{\"@type\":\"PropertyValueSpecification\",\"valueRequired\":true,\"valueName\":\"search_term_string\"}}],\"inLanguage\":\"nl-NL\"},{\"@type\":\"Organization\",\"@id\":\"https:\\\/\\\/www.hairandskin.eu\\\/nl\\\/#organization\",\"name\":\"Hairandskin\",\"url\":\"https:\\\/\\\/www.hairandskin.eu\\\/nl\\\/\",\"logo\":{\"@type\":\"ImageObject\",\"inLanguage\":\"nl-NL\",\"@id\":\"https:\\\/\\\/www.hairandskin.eu\\\/nl\\\/#\\\/schema\\\/logo\\\/image\\\/\",\"url\":\"https:\\\/\\\/www.hairandskin.eu\\\/wp-content\\\/uploads\\\/2016\\\/10\\\/naturame_logo.png\",\"contentUrl\":\"https:\\\/\\\/www.hairandskin.eu\\\/wp-content\\\/uploads\\\/2016\\\/10\\\/naturame_logo.png\",\"width\":100,\"height\":80,\"caption\":\"Hairandskin\"},\"image\":{\"@id\":\"https:\\\/\\\/www.hairandskin.eu\\\/nl\\\/#\\\/schema\\\/logo\\\/image\\\/\"},\"sameAs\":[\"https:\\\/\\\/www.facebook.com\\\/hairandskin.shop\\\/\",\"https:\\\/\\\/www.instagram.com\\\/hairandskin.shop\\\/\"],\"vatID\":\"BE0897803393\"}]}<\/script>\n<!-- \/ Yoast SEO Premium plugin. -->","yoast_head_json":{"title":"Krullencr\u00e8me","description":"Een cr\u00e8me die krullen ondersteunt, het haar beschermt en voorkomt dat krullen vervormen en pluizen.","robots":{"index":"index","follow":"follow","max-snippet":"max-snippet:-1","max-image-preview":"max-image-preview:large","max-video-preview":"max-video-preview:-1"},"canonical":"https:\/\/www.hairandskin.eu\/nl\/produit\/krullencreme\/","og_locale":"nl_NL","og_type":"article","og_title":"Krullencr\u00e8me","og_description":"Een cr\u00e8me die krullen ondersteunt, het haar beschermt en voorkomt dat krullen vervormen en pluizen.","og_url":"https:\/\/www.hairandskin.eu\/nl\/produit\/krullencreme\/","og_site_name":"Hairandskin","article_publisher":"https:\/\/www.facebook.com\/hairandskin.shop\/","article_modified_time":"2025-03-19T16:39:54+00:00","og_image":[{"width":329,"height":411,"url":"https:\/\/www.hairandskin.eu\/wp-content\/uploads\/2016\/10\/curl-cream2.jpg","type":"image\/jpeg"}],"schema":{"@context":"https:\/\/schema.org","@graph":[{"@type":["WebPage","ItemPage"],"@id":"https:\/\/www.hairandskin.eu\/nl\/produit\/krullencreme\/","url":"https:\/\/www.hairandskin.eu\/nl\/produit\/krullencreme\/","name":"Krullencr\u00e8me","isPartOf":{"@id":"https:\/\/www.hairandskin.eu\/nl\/#website"},"primaryImageOfPage":{"@id":"https:\/\/www.hairandskin.eu\/nl\/produit\/krullencreme\/#primaryimage"},"image":{"@id":"https:\/\/www.hairandskin.eu\/nl\/produit\/krullencreme\/#primaryimage"},"thumbnailUrl":"https:\/\/www.hairandskin.eu\/wp-content\/uploads\/2016\/10\/curl-cream2.jpg","datePublished":"2014-11-19T09:56:54+00:00","dateModified":"2025-03-19T16:39:54+00:00","description":"Een cr\u00e8me die krullen ondersteunt, het haar beschermt en voorkomt dat krullen vervormen en pluizen.","breadcrumb":{"@id":"https:\/\/www.hairandskin.eu\/nl\/produit\/krullencreme\/#breadcrumb"},"inLanguage":"nl-NL","potentialAction":[{"@type":"ReadAction","target":["https:\/\/www.hairandskin.eu\/nl\/produit\/krullencreme\/"]}]},{"@type":"ImageObject","inLanguage":"nl-NL","@id":"https:\/\/www.hairandskin.eu\/nl\/produit\/krullencreme\/#primaryimage","url":"https:\/\/www.hairandskin.eu\/wp-content\/uploads\/2016\/10\/curl-cream2.jpg","contentUrl":"https:\/\/www.hairandskin.eu\/wp-content\/uploads\/2016\/10\/curl-cream2.jpg","width":329,"height":411,"caption":"Krullencr\u00e8me"},{"@type":"BreadcrumbList","@id":"https:\/\/www.hairandskin.eu\/nl\/produit\/krullencreme\/#breadcrumb","itemListElement":[{"@type":"ListItem","position":1,"name":"Accueil","item":"https:\/\/www.hairandskin.eu\/nl\/"},{"@type":"ListItem","position":2,"name":"Winkel","item":"https:\/\/www.hairandskin.eu\/nl\/winkel\/"},{"@type":"ListItem","position":3,"name":"Krullencr\u00e8me"}]},{"@type":"WebSite","@id":"https:\/\/www.hairandskin.eu\/nl\/#website","url":"https:\/\/www.hairandskin.eu\/nl\/","name":"Hairandskin","description":"Soins du cheveu et de la peau, aromath\u00e9rapie, cosm\u00e9tique, shampooing, conditioner","publisher":{"@id":"https:\/\/www.hairandskin.eu\/nl\/#organization"},"potentialAction":[{"@type":"SearchAction","target":{"@type":"EntryPoint","urlTemplate":"https:\/\/www.hairandskin.eu\/nl\/?s={search_term_string}"},"query-input":{"@type":"PropertyValueSpecification","valueRequired":true,"valueName":"search_term_string"}}],"inLanguage":"nl-NL"},{"@type":"Organization","@id":"https:\/\/www.hairandskin.eu\/nl\/#organization","name":"Hairandskin","url":"https:\/\/www.hairandskin.eu\/nl\/","logo":{"@type":"ImageObject","inLanguage":"nl-NL","@id":"https:\/\/www.hairandskin.eu\/nl\/#\/schema\/logo\/image\/","url":"https:\/\/www.hairandskin.eu\/wp-content\/uploads\/2016\/10\/naturame_logo.png","contentUrl":"https:\/\/www.hairandskin.eu\/wp-content\/uploads\/2016\/10\/naturame_logo.png","width":100,"height":80,"caption":"Hairandskin"},"image":{"@id":"https:\/\/www.hairandskin.eu\/nl\/#\/schema\/logo\/image\/"},"sameAs":["https:\/\/www.facebook.com\/hairandskin.shop\/","https:\/\/www.instagram.com\/hairandskin.shop\/"],"vatID":"BE0897803393"}]}},"_links":{"self":[{"href":"https:\/\/www.hairandskin.eu\/nl\/wp-json\/wp\/v2\/product\/13888","targetHints":{"allow":["GET"]}}],"collection":[{"href":"https:\/\/www.hairandskin.eu\/nl\/wp-json\/wp\/v2\/product"}],"about":[{"href":"https:\/\/www.hairandskin.eu\/nl\/wp-json\/wp\/v2\/types\/product"}],"replies":[{"embeddable":true,"href":"https:\/\/www.hairandskin.eu\/nl\/wp-json\/wp\/v2\/comments?post=13888"}],"wp:featuredmedia":[{"embeddable":true,"href":"https:\/\/www.hairandskin.eu\/nl\/wp-json\/wp\/v2\/media\/10482"}],"wp:attachment":[{"href":"https:\/\/www.hairandskin.eu\/nl\/wp-json\/wp\/v2\/media?parent=13888"}],"wp:term":[{"taxonomy":"product_brand","embeddable":true,"href":"https:\/\/www.hairandskin.eu\/nl\/wp-json\/wp\/v2\/product_brand?post=13888"},{"taxonomy":"product_cat","embeddable":true,"href":"https:\/\/www.hairandskin.eu\/nl\/wp-json\/wp\/v2\/product_cat?post=13888"},{"taxonomy":"product_tag","embeddable":true,"href":"https:\/\/www.hairandskin.eu\/nl\/wp-json\/wp\/v2\/product_tag?post=13888"}],"curies":[{"name":"wp","href":"https:\/\/api.w.org\/{rel}","templated":true}]}}