{"id":13776,"date":"2018-12-30T14:19:37","date_gmt":"2018-12-30T13:19:37","guid":{"rendered":"https:\/\/www.hairandskin.eu\/produit\/coloration-tahe-lumiere-express-pigmenten\/"},"modified":"2018-12-30T14:19:37","modified_gmt":"2018-12-30T13:19:37","slug":"coloration-tahe-lumiere-express-pigmenten","status":"publish","type":"product","link":"https:\/\/www.hairandskin.eu\/nl\/produit\/coloration-tahe-lumiere-express-pigmenten\/","title":{"rendered":"Coloration Tah\u00e9 Lumi\u00e8re Express Pigmenten"},"content":{"rendered":"<p><strong>Coloration Tah\u00e9 Lumi\u00e8re Express<\/strong> is een multifunctionele professionele haarkleuring die kan worden gebruikt voor een expresskleuring (10 minuten) of een conventionele kleuring, afhankelijk van het resultaat dat je wilt bereiken. Het biedt <strong>maximale kleurintensiteit<\/strong> en <strong>duurzaamheid<\/strong>, evenals <strong>hydratatie<\/strong> en<strong>glans<\/strong>.<br \/>\nHet kleurengamma is zeer uitgebreid, met 113 verschillende tinten en de integratie van koele tinten. <\/p>\n<p>Beschikbare kleuren:<\/p>\n<ul>\n<li>Puur blauw pigment<\/li>\n<li>Puur groen pigment<\/li>\n<li>Puur geel pigment<\/li>\n<\/ul>\n<p>Coloration Tah\u00e9 Lumi\u00e8re Express is samengesteld met het Triple Action Treatment-systeem, dat het volgende combineert<\/p>\n<ul>\n<li><strong>Trionic Keratins<\/strong>: een formule speciaal ontwikkeld om het haar te beschermen en te versterken tijdens elk kleurproces, zodat de kleur langer houdt.<\/li>\n<li><strong>sapconcentraat:<\/strong> bestaat uit water, suikers, fytoregulatoren en opgeloste mineralen, de combinatie van deze elementen helpt de kleur te fixeren<\/li>\n<li><strong>argan-, bergamot- en kokosnootolie<\/strong>: glansmiddelen, antioxidanten, vochtinbrengers en hydraterende middelen<\/li>\n<\/ul>\n<p><strong>Waar dient het voor?<\/strong><\/p>\n<ul>\n<li>Dankzij de drievoudige werking <strong>dekt<\/strong> LUMI\u00c8RE kleur <strong>wit haar 100%<\/strong> en laat het een perfecte, intense en langhoudende kleur achter.<\/li>\n<li>Het is verkrijgbaar in een grote verscheidenheid aan natuurlijke kleuren en tinten.<\/li>\n<li>Het biedt een uitzonderlijke glans en een hoog niveau van bescherming voor de gezondheid van je haar.<\/li>\n<li>Zeer laag ammoniakgehalte.<\/li>\n<li>Kleur met hoge weerstand, spiegelglans, diepe behandeling. Behoudt een schitterende, stralende, perfecte kleur gedurende 6 weken. <\/li>\n<li>Levendige, bestendige en intense kleuren. Sublieme kleur! Intense, diepe, volle kleur en natuurlijke dekking!  <\/li>\n<li>De nieuwste technologie in Trionic Keratins.<\/li>\n<li>Veelzijdige aanbrengtijden: EXPRESS in 10 minuten en NORMAL in 30 minuten. Het hangt allemaal af van de resultaten die je wilt. <\/li>\n<\/ul>\n<p><strong>Wanneer moet het worden gebruikt?<\/strong><\/p>\n<ul>\n<li>Voor het bedekken van wit haar.<\/li>\n<li>Voor kleurveranderingen.<\/li>\n<li>Voor het corrigeren van ongewenste tonen.<\/li>\n<\/ul>\n<p><strong>Waarom kunnen we spreken van een gemakkelijke toepassing en voorbereiding van Light?<\/strong><br \/>\nOmdat het een klassieke, praktische mix en toepassing is waarin de essenti\u00eble elementen samenkomen: kleurcr\u00e8me + fixeeremulsie (waterstofperoxide).<\/p>\n<p><strong>Waarom raden we 30 Vol. aan voor het mengen met LIGHT?<\/strong><\/p>\n<p>Om de beste prestaties van onze colloratie te garanderen:<\/p>\n<ul>\n<li>100% dekking van witte haren.<\/li>\n<li>Intense, heldere kleuren.<\/li>\n<li>Zacht, glanzend haar; dankzij de verzorging en behandeling door de exclusieve formule van LUMI\u00c8RE, rijk aan trionische keratine die ontworpen is om de drievoudige band tot stand te brengen tussen het haar, de pigmenten en de verzorgende en voedende basis van dit revolutionaire product.<\/li>\n<\/ul>\n<p><strong>Waarom XXL?<\/strong><br \/>\n&#8220;Meer is meer. Veertig gram meer product tegen een superconcurrerende prijs. <\/p>\n","protected":false},"excerpt":{"rendered":"<p>Coloration Tah\u00e9 Lumi\u00e8re Express Blonds Platines is een professionele kleur met een hoge weerstand. Het behoudt een schitterende, stralende, perfecte kleur gedurende 6 weken. Aanbrengen in 10 of 30 minuten. Pure pigmenten.   <\/p>\n","protected":false},"featured_media":11180,"comment_status":"open","ping_status":"closed","template":"","meta":[],"product_brand":[],"product_cat":[1173,1312,1371],"product_tag":[1374,1372,1373,1380],"class_list":{"0":"post-13776","1":"product","2":"type-product","3":"status-publish","4":"has-post-thumbnail","6":"product_cat-kleur","7":"product_cat-tahe-nl","8":"product_cat-tahe-kleuren","9":"product_tag-express-nl","10":"product_tag-haarkleuring","11":"product_tag-haarverf","12":"product_tag-pigment-nl","13":"pa_advised_for-alle-haartypes","14":"pa_advised_for-kleur","15":"pa_brand-tahe-nl","16":"pa_gamme-traditioneel","17":"pa_quantity_vol-100ml-nl","18":"pa_used_for-kleur","20":"first","21":"instock","22":"taxable","23":"shipping-taxable","24":"purchasable","25":"product-type-variable"},"yoast_head":"<!-- This site is optimized with the Yoast SEO Premium plugin v27.3 (Yoast SEO v27.3) - https:\/\/yoast.com\/product\/yoast-seo-premium-wordpress\/ -->\n<title>Coloration Tah\u00e9 Lumi\u00e8re Express Pigmenten - Hairandskin<\/title>\n<meta name=\"description\" content=\"Coloration Tah\u00e9 Lumi\u00e8re Express is een professionele haarkleuring met een hoge weerstand. De kleur blijft 6 weken lang glanzend, stralend en perfect.\" \/>\n<meta name=\"robots\" content=\"index, follow, max-snippet:-1, max-image-preview:large, max-video-preview:-1\" \/>\n<link rel=\"canonical\" href=\"https:\/\/www.hairandskin.eu\/nl\/produit\/coloration-tahe-lumiere-express-pigmenten\/\" \/>\n<meta property=\"og:locale\" content=\"nl_NL\" \/>\n<meta property=\"og:type\" content=\"article\" \/>\n<meta property=\"og:title\" content=\"Coloration Tah\u00e9 Lumi\u00e8re Express Pigmenten\" \/>\n<meta property=\"og:description\" content=\"Coloration Tah\u00e9 Lumi\u00e8re Express is een professionele haarkleuring met een hoge weerstand. De kleur blijft 6 weken lang glanzend, stralend en perfect.\" \/>\n<meta property=\"og:url\" content=\"https:\/\/www.hairandskin.eu\/nl\/produit\/coloration-tahe-lumiere-express-pigmenten\/\" \/>\n<meta property=\"og:site_name\" content=\"Hairandskin\" \/>\n<meta property=\"article:publisher\" content=\"https:\/\/www.facebook.com\/hairandskin.shop\/\" \/>\n<meta property=\"og:image\" content=\"https:\/\/www.hairandskin.eu\/wp-content\/uploads\/2018\/12\/Cr\u00e9ateur-de-base-de-couleur-Cuivr\u00e9.png\" \/>\n\t<meta property=\"og:image:width\" content=\"328\" \/>\n\t<meta property=\"og:image:height\" content=\"328\" \/>\n\t<meta property=\"og:image:type\" content=\"image\/png\" \/>\n<script type=\"application\/ld+json\" class=\"yoast-schema-graph\">{\"@context\":\"https:\\\/\\\/schema.org\",\"@graph\":[{\"@type\":[\"WebPage\",\"ItemPage\"],\"@id\":\"https:\\\/\\\/www.hairandskin.eu\\\/nl\\\/produit\\\/coloration-tahe-lumiere-express-pigmenten\\\/\",\"url\":\"https:\\\/\\\/www.hairandskin.eu\\\/nl\\\/produit\\\/coloration-tahe-lumiere-express-pigmenten\\\/\",\"name\":\"Coloration Tah\u00e9 Lumi\u00e8re Express Pigmenten - Hairandskin\",\"isPartOf\":{\"@id\":\"https:\\\/\\\/www.hairandskin.eu\\\/nl\\\/#website\"},\"primaryImageOfPage\":{\"@id\":\"https:\\\/\\\/www.hairandskin.eu\\\/nl\\\/produit\\\/coloration-tahe-lumiere-express-pigmenten\\\/#primaryimage\"},\"image\":{\"@id\":\"https:\\\/\\\/www.hairandskin.eu\\\/nl\\\/produit\\\/coloration-tahe-lumiere-express-pigmenten\\\/#primaryimage\"},\"thumbnailUrl\":\"https:\\\/\\\/www.hairandskin.eu\\\/wp-content\\\/uploads\\\/2018\\\/12\\\/Cr\u00e9ateur-de-base-de-couleur-Cuivr\u00e9.png\",\"datePublished\":\"2018-12-30T13:19:37+00:00\",\"description\":\"Coloration Tah\u00e9 Lumi\u00e8re Express is een professionele haarkleuring met een hoge weerstand. De kleur blijft 6 weken lang glanzend, stralend en perfect.\",\"breadcrumb\":{\"@id\":\"https:\\\/\\\/www.hairandskin.eu\\\/nl\\\/produit\\\/coloration-tahe-lumiere-express-pigmenten\\\/#breadcrumb\"},\"inLanguage\":\"nl-NL\",\"potentialAction\":[{\"@type\":\"ReadAction\",\"target\":[\"https:\\\/\\\/www.hairandskin.eu\\\/nl\\\/produit\\\/coloration-tahe-lumiere-express-pigmenten\\\/\"]}]},{\"@type\":\"ImageObject\",\"inLanguage\":\"nl-NL\",\"@id\":\"https:\\\/\\\/www.hairandskin.eu\\\/nl\\\/produit\\\/coloration-tahe-lumiere-express-pigmenten\\\/#primaryimage\",\"url\":\"https:\\\/\\\/www.hairandskin.eu\\\/wp-content\\\/uploads\\\/2018\\\/12\\\/Cr\u00e9ateur-de-base-de-couleur-Cuivr\u00e9.png\",\"contentUrl\":\"https:\\\/\\\/www.hairandskin.eu\\\/wp-content\\\/uploads\\\/2018\\\/12\\\/Cr\u00e9ateur-de-base-de-couleur-Cuivr\u00e9.png\",\"width\":328,\"height\":328},{\"@type\":\"BreadcrumbList\",\"@id\":\"https:\\\/\\\/www.hairandskin.eu\\\/nl\\\/produit\\\/coloration-tahe-lumiere-express-pigmenten\\\/#breadcrumb\",\"itemListElement\":[{\"@type\":\"ListItem\",\"position\":1,\"name\":\"Accueil\",\"item\":\"https:\\\/\\\/www.hairandskin.eu\\\/nl\\\/\"},{\"@type\":\"ListItem\",\"position\":2,\"name\":\"Winkel\",\"item\":\"https:\\\/\\\/www.hairandskin.eu\\\/nl\\\/winkel\\\/\"},{\"@type\":\"ListItem\",\"position\":3,\"name\":\"Coloration Tah\u00e9 Lumi\u00e8re Express Pigmenten\"}]},{\"@type\":\"WebSite\",\"@id\":\"https:\\\/\\\/www.hairandskin.eu\\\/nl\\\/#website\",\"url\":\"https:\\\/\\\/www.hairandskin.eu\\\/nl\\\/\",\"name\":\"Hairandskin\",\"description\":\"Soins du cheveu et de la peau, aromath\u00e9rapie, cosm\u00e9tique, shampooing, conditioner\",\"publisher\":{\"@id\":\"https:\\\/\\\/www.hairandskin.eu\\\/nl\\\/#organization\"},\"potentialAction\":[{\"@type\":\"SearchAction\",\"target\":{\"@type\":\"EntryPoint\",\"urlTemplate\":\"https:\\\/\\\/www.hairandskin.eu\\\/nl\\\/?s={search_term_string}\"},\"query-input\":{\"@type\":\"PropertyValueSpecification\",\"valueRequired\":true,\"valueName\":\"search_term_string\"}}],\"inLanguage\":\"nl-NL\"},{\"@type\":\"Organization\",\"@id\":\"https:\\\/\\\/www.hairandskin.eu\\\/nl\\\/#organization\",\"name\":\"Hairandskin\",\"url\":\"https:\\\/\\\/www.hairandskin.eu\\\/nl\\\/\",\"logo\":{\"@type\":\"ImageObject\",\"inLanguage\":\"nl-NL\",\"@id\":\"https:\\\/\\\/www.hairandskin.eu\\\/nl\\\/#\\\/schema\\\/logo\\\/image\\\/\",\"url\":\"https:\\\/\\\/www.hairandskin.eu\\\/wp-content\\\/uploads\\\/2016\\\/10\\\/naturame_logo.png\",\"contentUrl\":\"https:\\\/\\\/www.hairandskin.eu\\\/wp-content\\\/uploads\\\/2016\\\/10\\\/naturame_logo.png\",\"width\":100,\"height\":80,\"caption\":\"Hairandskin\"},\"image\":{\"@id\":\"https:\\\/\\\/www.hairandskin.eu\\\/nl\\\/#\\\/schema\\\/logo\\\/image\\\/\"},\"sameAs\":[\"https:\\\/\\\/www.facebook.com\\\/hairandskin.shop\\\/\",\"https:\\\/\\\/www.instagram.com\\\/hairandskin.shop\\\/\"],\"vatID\":\"BE0897803393\"}]}<\/script>\n<!-- \/ Yoast SEO Premium plugin. -->","yoast_head_json":{"title":"Coloration Tah\u00e9 Lumi\u00e8re Express Pigmenten - Hairandskin","description":"Coloration Tah\u00e9 Lumi\u00e8re Express is een professionele haarkleuring met een hoge weerstand. De kleur blijft 6 weken lang glanzend, stralend en perfect.","robots":{"index":"index","follow":"follow","max-snippet":"max-snippet:-1","max-image-preview":"max-image-preview:large","max-video-preview":"max-video-preview:-1"},"canonical":"https:\/\/www.hairandskin.eu\/nl\/produit\/coloration-tahe-lumiere-express-pigmenten\/","og_locale":"nl_NL","og_type":"article","og_title":"Coloration Tah\u00e9 Lumi\u00e8re Express Pigmenten","og_description":"Coloration Tah\u00e9 Lumi\u00e8re Express is een professionele haarkleuring met een hoge weerstand. De kleur blijft 6 weken lang glanzend, stralend en perfect.","og_url":"https:\/\/www.hairandskin.eu\/nl\/produit\/coloration-tahe-lumiere-express-pigmenten\/","og_site_name":"Hairandskin","article_publisher":"https:\/\/www.facebook.com\/hairandskin.shop\/","og_image":[{"width":328,"height":328,"url":"https:\/\/www.hairandskin.eu\/wp-content\/uploads\/2018\/12\/Cr\u00e9ateur-de-base-de-couleur-Cuivr\u00e9.png","type":"image\/png"}],"schema":{"@context":"https:\/\/schema.org","@graph":[{"@type":["WebPage","ItemPage"],"@id":"https:\/\/www.hairandskin.eu\/nl\/produit\/coloration-tahe-lumiere-express-pigmenten\/","url":"https:\/\/www.hairandskin.eu\/nl\/produit\/coloration-tahe-lumiere-express-pigmenten\/","name":"Coloration Tah\u00e9 Lumi\u00e8re Express Pigmenten - Hairandskin","isPartOf":{"@id":"https:\/\/www.hairandskin.eu\/nl\/#website"},"primaryImageOfPage":{"@id":"https:\/\/www.hairandskin.eu\/nl\/produit\/coloration-tahe-lumiere-express-pigmenten\/#primaryimage"},"image":{"@id":"https:\/\/www.hairandskin.eu\/nl\/produit\/coloration-tahe-lumiere-express-pigmenten\/#primaryimage"},"thumbnailUrl":"https:\/\/www.hairandskin.eu\/wp-content\/uploads\/2018\/12\/Cr\u00e9ateur-de-base-de-couleur-Cuivr\u00e9.png","datePublished":"2018-12-30T13:19:37+00:00","description":"Coloration Tah\u00e9 Lumi\u00e8re Express is een professionele haarkleuring met een hoge weerstand. De kleur blijft 6 weken lang glanzend, stralend en perfect.","breadcrumb":{"@id":"https:\/\/www.hairandskin.eu\/nl\/produit\/coloration-tahe-lumiere-express-pigmenten\/#breadcrumb"},"inLanguage":"nl-NL","potentialAction":[{"@type":"ReadAction","target":["https:\/\/www.hairandskin.eu\/nl\/produit\/coloration-tahe-lumiere-express-pigmenten\/"]}]},{"@type":"ImageObject","inLanguage":"nl-NL","@id":"https:\/\/www.hairandskin.eu\/nl\/produit\/coloration-tahe-lumiere-express-pigmenten\/#primaryimage","url":"https:\/\/www.hairandskin.eu\/wp-content\/uploads\/2018\/12\/Cr\u00e9ateur-de-base-de-couleur-Cuivr\u00e9.png","contentUrl":"https:\/\/www.hairandskin.eu\/wp-content\/uploads\/2018\/12\/Cr\u00e9ateur-de-base-de-couleur-Cuivr\u00e9.png","width":328,"height":328},{"@type":"BreadcrumbList","@id":"https:\/\/www.hairandskin.eu\/nl\/produit\/coloration-tahe-lumiere-express-pigmenten\/#breadcrumb","itemListElement":[{"@type":"ListItem","position":1,"name":"Accueil","item":"https:\/\/www.hairandskin.eu\/nl\/"},{"@type":"ListItem","position":2,"name":"Winkel","item":"https:\/\/www.hairandskin.eu\/nl\/winkel\/"},{"@type":"ListItem","position":3,"name":"Coloration Tah\u00e9 Lumi\u00e8re Express Pigmenten"}]},{"@type":"WebSite","@id":"https:\/\/www.hairandskin.eu\/nl\/#website","url":"https:\/\/www.hairandskin.eu\/nl\/","name":"Hairandskin","description":"Soins du cheveu et de la peau, aromath\u00e9rapie, cosm\u00e9tique, shampooing, conditioner","publisher":{"@id":"https:\/\/www.hairandskin.eu\/nl\/#organization"},"potentialAction":[{"@type":"SearchAction","target":{"@type":"EntryPoint","urlTemplate":"https:\/\/www.hairandskin.eu\/nl\/?s={search_term_string}"},"query-input":{"@type":"PropertyValueSpecification","valueRequired":true,"valueName":"search_term_string"}}],"inLanguage":"nl-NL"},{"@type":"Organization","@id":"https:\/\/www.hairandskin.eu\/nl\/#organization","name":"Hairandskin","url":"https:\/\/www.hairandskin.eu\/nl\/","logo":{"@type":"ImageObject","inLanguage":"nl-NL","@id":"https:\/\/www.hairandskin.eu\/nl\/#\/schema\/logo\/image\/","url":"https:\/\/www.hairandskin.eu\/wp-content\/uploads\/2016\/10\/naturame_logo.png","contentUrl":"https:\/\/www.hairandskin.eu\/wp-content\/uploads\/2016\/10\/naturame_logo.png","width":100,"height":80,"caption":"Hairandskin"},"image":{"@id":"https:\/\/www.hairandskin.eu\/nl\/#\/schema\/logo\/image\/"},"sameAs":["https:\/\/www.facebook.com\/hairandskin.shop\/","https:\/\/www.instagram.com\/hairandskin.shop\/"],"vatID":"BE0897803393"}]}},"_links":{"self":[{"href":"https:\/\/www.hairandskin.eu\/nl\/wp-json\/wp\/v2\/product\/13776","targetHints":{"allow":["GET"]}}],"collection":[{"href":"https:\/\/www.hairandskin.eu\/nl\/wp-json\/wp\/v2\/product"}],"about":[{"href":"https:\/\/www.hairandskin.eu\/nl\/wp-json\/wp\/v2\/types\/product"}],"replies":[{"embeddable":true,"href":"https:\/\/www.hairandskin.eu\/nl\/wp-json\/wp\/v2\/comments?post=13776"}],"wp:featuredmedia":[{"embeddable":true,"href":"https:\/\/www.hairandskin.eu\/nl\/wp-json\/wp\/v2\/media\/11180"}],"wp:attachment":[{"href":"https:\/\/www.hairandskin.eu\/nl\/wp-json\/wp\/v2\/media?parent=13776"}],"wp:term":[{"taxonomy":"product_brand","embeddable":true,"href":"https:\/\/www.hairandskin.eu\/nl\/wp-json\/wp\/v2\/product_brand?post=13776"},{"taxonomy":"product_cat","embeddable":true,"href":"https:\/\/www.hairandskin.eu\/nl\/wp-json\/wp\/v2\/product_cat?post=13776"},{"taxonomy":"product_tag","embeddable":true,"href":"https:\/\/www.hairandskin.eu\/nl\/wp-json\/wp\/v2\/product_tag?post=13776"}],"curies":[{"name":"wp","href":"https:\/\/api.w.org\/{rel}","templated":true}]}}