{"id":13733,"date":"2018-12-30T14:35:13","date_gmt":"2018-12-30T13:35:13","guid":{"rendered":"https:\/\/www.hairandskin.eu\/produit\/coloration-tahe-lumiere-express-oxiderende-creme\/"},"modified":"2018-12-30T14:35:13","modified_gmt":"2018-12-30T13:35:13","slug":"coloration-tahe-lumiere-express-oxiderende-creme","status":"publish","type":"product","link":"https:\/\/www.hairandskin.eu\/nl\/produit\/coloration-tahe-lumiere-express-oxiderende-creme\/","title":{"rendered":"Coloration Tah\u00e9 Lumi\u00e8re Express &#8211; Oxiderende Cr\u00e8me"},"content":{"rendered":"<p><strong>Coloration Tah\u00e9 Lumi\u00e8re Express<\/strong> is een multifunctionele professionele haarkleuring die kan worden gebruikt voor een expresskleuring (10 minuten) of een conventionele kleuring, afhankelijk van het resultaat dat je wilt bereiken. Het biedt <strong>maximale kleurintensiteit<\/strong> en <strong>duurzaamheid<\/strong>, evenals <strong>hydratatie<\/strong> en<strong>glans<\/strong>.<br \/>\nHet kleurengamma is zeer uitgebreid, met 113 verschillende tinten en de integratie van koele tinten. <\/p>\n<p>Oxidanten beschikbaar:<\/p>\n<ul>\n<li>10 Vol. (3%)<\/li>\n<li>20 Vol. (6%)<\/li>\n<li>30 Vol. (9%)<\/li>\n<li>40 vol (12%)<\/li>\n<\/ul>\n<p><strong>Wat is het?<\/strong><br \/>\nKleuractiverende oxiderende cr\u00e8me.<\/p>\n<p><strong>Waar dient het voor?<\/strong><br \/>\nHet oxideert het pigment, waardoor de kleur wordt geactiveerd.<\/p>\n<p><strong>Wanneer moet het worden gebruikt?<\/strong><br \/>\nHet wordt gebruikt op het moment van kleuren, door het te mengen met Lumi\u00e8re kleurstof. De verhoudingen van het mengsel vari\u00ebren afhankelijk van het haartype en het resultaat dat je wilt bereiken. (zie kleuren en Gebruiksaanwijzingen in kleur tubes)  <\/p>\n<p><strong>Resultaat:<\/strong><br \/>\nLumi\u00e8re oxyg\u00e9n\u00e9e kleuring maakt een perfecte mix om 100% van het witte haar te dekken.<\/p>\n<p><strong>Technische kenmerken<\/strong>:<br \/>\nEen witte cr\u00e8me met een lage viscositeit, een zure pH-waarde en een lichte geur.<\/p>\n","protected":false},"excerpt":{"rendered":"<p>Tah\u00e9 Lumi\u00e8re Express Kleur Activerende Oxiderende Cr\u00e8me &#8211; Waterstofperoxide<\/p>\n<p>&nbsp;<\/p>\n","protected":false},"featured_media":11187,"comment_status":"open","ping_status":"closed","template":"","meta":[],"product_brand":[],"product_cat":[1317,1173,1312,1371],"product_tag":[1374,1372,1373],"class_list":{"0":"post-13733","1":"product","2":"type-product","3":"status-publish","4":"has-post-thumbnail","6":"product_cat-activators-en-whitener","7":"product_cat-kleur","8":"product_cat-tahe-nl","9":"product_cat-tahe-kleuren","10":"product_tag-express-nl","11":"product_tag-haarkleuring","12":"product_tag-haarverf","13":"pa_advised_for-alle-haartypes","14":"pa_advised_for-kleur","15":"pa_brand-tahe-nl","16":"pa_gamme-traditioneel","17":"pa_quantity_vol-1-l","18":"pa_used_for-kleur","20":"first","21":"instock","22":"taxable","23":"shipping-taxable","24":"purchasable","25":"product-type-variable"},"yoast_head":"<!-- This site is optimized with the Yoast SEO Premium plugin v27.3 (Yoast SEO v27.3) - https:\/\/yoast.com\/product\/yoast-seo-premium-wordpress\/ -->\n<title>Coloration Tah\u00e9 Lumi\u00e8re Express - Oxiderende Cr\u00e8me - Hairandskin<\/title>\n<meta name=\"description\" content=\"Coloration Tah\u00e9 Lumi\u00e8re Express is een professionele haarkleuring met een hoge weerstand. Het behoudt een schitterende, stralende, perfecte kleur gedurende 6 weken.\" \/>\n<meta name=\"robots\" content=\"index, follow, max-snippet:-1, max-image-preview:large, max-video-preview:-1\" \/>\n<link rel=\"canonical\" href=\"https:\/\/www.hairandskin.eu\/nl\/produit\/coloration-tahe-lumiere-express-oxiderende-creme\/\" \/>\n<meta property=\"og:locale\" content=\"nl_NL\" \/>\n<meta property=\"og:type\" content=\"article\" \/>\n<meta property=\"og:title\" content=\"Coloration Tah\u00e9 Lumi\u00e8re Express - Oxiderende Cr\u00e8me\" \/>\n<meta property=\"og:description\" content=\"Coloration Tah\u00e9 Lumi\u00e8re Express is een professionele haarkleuring met een hoge weerstand. Het behoudt een schitterende, stralende, perfecte kleur gedurende 6 weken.\" \/>\n<meta property=\"og:url\" content=\"https:\/\/www.hairandskin.eu\/nl\/produit\/coloration-tahe-lumiere-express-oxiderende-creme\/\" \/>\n<meta property=\"og:site_name\" content=\"Hairandskin\" \/>\n<meta property=\"article:publisher\" content=\"https:\/\/www.facebook.com\/hairandskin.shop\/\" \/>\n<meta property=\"og:image\" content=\"https:\/\/www.hairandskin.eu\/wp-content\/uploads\/2018\/12\/Tahe-Cr\u00e8me-oxydante-peroxyde-hydrog\u00e8ne.png\" \/>\n\t<meta property=\"og:image:width\" content=\"328\" \/>\n\t<meta property=\"og:image:height\" content=\"328\" \/>\n\t<meta property=\"og:image:type\" content=\"image\/png\" \/>\n<script type=\"application\/ld+json\" class=\"yoast-schema-graph\">{\"@context\":\"https:\\\/\\\/schema.org\",\"@graph\":[{\"@type\":[\"WebPage\",\"ItemPage\"],\"@id\":\"https:\\\/\\\/www.hairandskin.eu\\\/nl\\\/produit\\\/coloration-tahe-lumiere-express-oxiderende-creme\\\/\",\"url\":\"https:\\\/\\\/www.hairandskin.eu\\\/nl\\\/produit\\\/coloration-tahe-lumiere-express-oxiderende-creme\\\/\",\"name\":\"Coloration Tah\u00e9 Lumi\u00e8re Express - Oxiderende Cr\u00e8me - Hairandskin\",\"isPartOf\":{\"@id\":\"https:\\\/\\\/www.hairandskin.eu\\\/nl\\\/#website\"},\"primaryImageOfPage\":{\"@id\":\"https:\\\/\\\/www.hairandskin.eu\\\/nl\\\/produit\\\/coloration-tahe-lumiere-express-oxiderende-creme\\\/#primaryimage\"},\"image\":{\"@id\":\"https:\\\/\\\/www.hairandskin.eu\\\/nl\\\/produit\\\/coloration-tahe-lumiere-express-oxiderende-creme\\\/#primaryimage\"},\"thumbnailUrl\":\"https:\\\/\\\/www.hairandskin.eu\\\/wp-content\\\/uploads\\\/2018\\\/12\\\/Tahe-Cr\u00e8me-oxydante-peroxyde-hydrog\u00e8ne.png\",\"datePublished\":\"2018-12-30T13:35:13+00:00\",\"description\":\"Coloration Tah\u00e9 Lumi\u00e8re Express is een professionele haarkleuring met een hoge weerstand. Het behoudt een schitterende, stralende, perfecte kleur gedurende 6 weken.\",\"breadcrumb\":{\"@id\":\"https:\\\/\\\/www.hairandskin.eu\\\/nl\\\/produit\\\/coloration-tahe-lumiere-express-oxiderende-creme\\\/#breadcrumb\"},\"inLanguage\":\"nl-NL\",\"potentialAction\":[{\"@type\":\"ReadAction\",\"target\":[\"https:\\\/\\\/www.hairandskin.eu\\\/nl\\\/produit\\\/coloration-tahe-lumiere-express-oxiderende-creme\\\/\"]}]},{\"@type\":\"ImageObject\",\"inLanguage\":\"nl-NL\",\"@id\":\"https:\\\/\\\/www.hairandskin.eu\\\/nl\\\/produit\\\/coloration-tahe-lumiere-express-oxiderende-creme\\\/#primaryimage\",\"url\":\"https:\\\/\\\/www.hairandskin.eu\\\/wp-content\\\/uploads\\\/2018\\\/12\\\/Tahe-Cr\u00e8me-oxydante-peroxyde-hydrog\u00e8ne.png\",\"contentUrl\":\"https:\\\/\\\/www.hairandskin.eu\\\/wp-content\\\/uploads\\\/2018\\\/12\\\/Tahe-Cr\u00e8me-oxydante-peroxyde-hydrog\u00e8ne.png\",\"width\":328,\"height\":328,\"caption\":\"Tahe Waterstofperoxide Oxiderende Cr\u00e8me\"},{\"@type\":\"BreadcrumbList\",\"@id\":\"https:\\\/\\\/www.hairandskin.eu\\\/nl\\\/produit\\\/coloration-tahe-lumiere-express-oxiderende-creme\\\/#breadcrumb\",\"itemListElement\":[{\"@type\":\"ListItem\",\"position\":1,\"name\":\"Accueil\",\"item\":\"https:\\\/\\\/www.hairandskin.eu\\\/nl\\\/\"},{\"@type\":\"ListItem\",\"position\":2,\"name\":\"Winkel\",\"item\":\"https:\\\/\\\/www.hairandskin.eu\\\/nl\\\/winkel\\\/\"},{\"@type\":\"ListItem\",\"position\":3,\"name\":\"Coloration Tah\u00e9 Lumi\u00e8re Express &#8211; Oxiderende Cr\u00e8me\"}]},{\"@type\":\"WebSite\",\"@id\":\"https:\\\/\\\/www.hairandskin.eu\\\/nl\\\/#website\",\"url\":\"https:\\\/\\\/www.hairandskin.eu\\\/nl\\\/\",\"name\":\"Hairandskin\",\"description\":\"Soins du cheveu et de la peau, aromath\u00e9rapie, cosm\u00e9tique, shampooing, conditioner\",\"publisher\":{\"@id\":\"https:\\\/\\\/www.hairandskin.eu\\\/nl\\\/#organization\"},\"potentialAction\":[{\"@type\":\"SearchAction\",\"target\":{\"@type\":\"EntryPoint\",\"urlTemplate\":\"https:\\\/\\\/www.hairandskin.eu\\\/nl\\\/?s={search_term_string}\"},\"query-input\":{\"@type\":\"PropertyValueSpecification\",\"valueRequired\":true,\"valueName\":\"search_term_string\"}}],\"inLanguage\":\"nl-NL\"},{\"@type\":\"Organization\",\"@id\":\"https:\\\/\\\/www.hairandskin.eu\\\/nl\\\/#organization\",\"name\":\"Hairandskin\",\"url\":\"https:\\\/\\\/www.hairandskin.eu\\\/nl\\\/\",\"logo\":{\"@type\":\"ImageObject\",\"inLanguage\":\"nl-NL\",\"@id\":\"https:\\\/\\\/www.hairandskin.eu\\\/nl\\\/#\\\/schema\\\/logo\\\/image\\\/\",\"url\":\"https:\\\/\\\/www.hairandskin.eu\\\/wp-content\\\/uploads\\\/2016\\\/10\\\/naturame_logo.png\",\"contentUrl\":\"https:\\\/\\\/www.hairandskin.eu\\\/wp-content\\\/uploads\\\/2016\\\/10\\\/naturame_logo.png\",\"width\":100,\"height\":80,\"caption\":\"Hairandskin\"},\"image\":{\"@id\":\"https:\\\/\\\/www.hairandskin.eu\\\/nl\\\/#\\\/schema\\\/logo\\\/image\\\/\"},\"sameAs\":[\"https:\\\/\\\/www.facebook.com\\\/hairandskin.shop\\\/\",\"https:\\\/\\\/www.instagram.com\\\/hairandskin.shop\\\/\"],\"vatID\":\"BE0897803393\"}]}<\/script>\n<!-- \/ Yoast SEO Premium plugin. -->","yoast_head_json":{"title":"Coloration Tah\u00e9 Lumi\u00e8re Express - Oxiderende Cr\u00e8me - Hairandskin","description":"Coloration Tah\u00e9 Lumi\u00e8re Express is een professionele haarkleuring met een hoge weerstand. Het behoudt een schitterende, stralende, perfecte kleur gedurende 6 weken.","robots":{"index":"index","follow":"follow","max-snippet":"max-snippet:-1","max-image-preview":"max-image-preview:large","max-video-preview":"max-video-preview:-1"},"canonical":"https:\/\/www.hairandskin.eu\/nl\/produit\/coloration-tahe-lumiere-express-oxiderende-creme\/","og_locale":"nl_NL","og_type":"article","og_title":"Coloration Tah\u00e9 Lumi\u00e8re Express - Oxiderende Cr\u00e8me","og_description":"Coloration Tah\u00e9 Lumi\u00e8re Express is een professionele haarkleuring met een hoge weerstand. Het behoudt een schitterende, stralende, perfecte kleur gedurende 6 weken.","og_url":"https:\/\/www.hairandskin.eu\/nl\/produit\/coloration-tahe-lumiere-express-oxiderende-creme\/","og_site_name":"Hairandskin","article_publisher":"https:\/\/www.facebook.com\/hairandskin.shop\/","og_image":[{"width":328,"height":328,"url":"https:\/\/www.hairandskin.eu\/wp-content\/uploads\/2018\/12\/Tahe-Cr\u00e8me-oxydante-peroxyde-hydrog\u00e8ne.png","type":"image\/png"}],"schema":{"@context":"https:\/\/schema.org","@graph":[{"@type":["WebPage","ItemPage"],"@id":"https:\/\/www.hairandskin.eu\/nl\/produit\/coloration-tahe-lumiere-express-oxiderende-creme\/","url":"https:\/\/www.hairandskin.eu\/nl\/produit\/coloration-tahe-lumiere-express-oxiderende-creme\/","name":"Coloration Tah\u00e9 Lumi\u00e8re Express - Oxiderende Cr\u00e8me - Hairandskin","isPartOf":{"@id":"https:\/\/www.hairandskin.eu\/nl\/#website"},"primaryImageOfPage":{"@id":"https:\/\/www.hairandskin.eu\/nl\/produit\/coloration-tahe-lumiere-express-oxiderende-creme\/#primaryimage"},"image":{"@id":"https:\/\/www.hairandskin.eu\/nl\/produit\/coloration-tahe-lumiere-express-oxiderende-creme\/#primaryimage"},"thumbnailUrl":"https:\/\/www.hairandskin.eu\/wp-content\/uploads\/2018\/12\/Tahe-Cr\u00e8me-oxydante-peroxyde-hydrog\u00e8ne.png","datePublished":"2018-12-30T13:35:13+00:00","description":"Coloration Tah\u00e9 Lumi\u00e8re Express is een professionele haarkleuring met een hoge weerstand. Het behoudt een schitterende, stralende, perfecte kleur gedurende 6 weken.","breadcrumb":{"@id":"https:\/\/www.hairandskin.eu\/nl\/produit\/coloration-tahe-lumiere-express-oxiderende-creme\/#breadcrumb"},"inLanguage":"nl-NL","potentialAction":[{"@type":"ReadAction","target":["https:\/\/www.hairandskin.eu\/nl\/produit\/coloration-tahe-lumiere-express-oxiderende-creme\/"]}]},{"@type":"ImageObject","inLanguage":"nl-NL","@id":"https:\/\/www.hairandskin.eu\/nl\/produit\/coloration-tahe-lumiere-express-oxiderende-creme\/#primaryimage","url":"https:\/\/www.hairandskin.eu\/wp-content\/uploads\/2018\/12\/Tahe-Cr\u00e8me-oxydante-peroxyde-hydrog\u00e8ne.png","contentUrl":"https:\/\/www.hairandskin.eu\/wp-content\/uploads\/2018\/12\/Tahe-Cr\u00e8me-oxydante-peroxyde-hydrog\u00e8ne.png","width":328,"height":328,"caption":"Tahe Waterstofperoxide Oxiderende Cr\u00e8me"},{"@type":"BreadcrumbList","@id":"https:\/\/www.hairandskin.eu\/nl\/produit\/coloration-tahe-lumiere-express-oxiderende-creme\/#breadcrumb","itemListElement":[{"@type":"ListItem","position":1,"name":"Accueil","item":"https:\/\/www.hairandskin.eu\/nl\/"},{"@type":"ListItem","position":2,"name":"Winkel","item":"https:\/\/www.hairandskin.eu\/nl\/winkel\/"},{"@type":"ListItem","position":3,"name":"Coloration Tah\u00e9 Lumi\u00e8re Express &#8211; Oxiderende Cr\u00e8me"}]},{"@type":"WebSite","@id":"https:\/\/www.hairandskin.eu\/nl\/#website","url":"https:\/\/www.hairandskin.eu\/nl\/","name":"Hairandskin","description":"Soins du cheveu et de la peau, aromath\u00e9rapie, cosm\u00e9tique, shampooing, conditioner","publisher":{"@id":"https:\/\/www.hairandskin.eu\/nl\/#organization"},"potentialAction":[{"@type":"SearchAction","target":{"@type":"EntryPoint","urlTemplate":"https:\/\/www.hairandskin.eu\/nl\/?s={search_term_string}"},"query-input":{"@type":"PropertyValueSpecification","valueRequired":true,"valueName":"search_term_string"}}],"inLanguage":"nl-NL"},{"@type":"Organization","@id":"https:\/\/www.hairandskin.eu\/nl\/#organization","name":"Hairandskin","url":"https:\/\/www.hairandskin.eu\/nl\/","logo":{"@type":"ImageObject","inLanguage":"nl-NL","@id":"https:\/\/www.hairandskin.eu\/nl\/#\/schema\/logo\/image\/","url":"https:\/\/www.hairandskin.eu\/wp-content\/uploads\/2016\/10\/naturame_logo.png","contentUrl":"https:\/\/www.hairandskin.eu\/wp-content\/uploads\/2016\/10\/naturame_logo.png","width":100,"height":80,"caption":"Hairandskin"},"image":{"@id":"https:\/\/www.hairandskin.eu\/nl\/#\/schema\/logo\/image\/"},"sameAs":["https:\/\/www.facebook.com\/hairandskin.shop\/","https:\/\/www.instagram.com\/hairandskin.shop\/"],"vatID":"BE0897803393"}]}},"_links":{"self":[{"href":"https:\/\/www.hairandskin.eu\/nl\/wp-json\/wp\/v2\/product\/13733","targetHints":{"allow":["GET"]}}],"collection":[{"href":"https:\/\/www.hairandskin.eu\/nl\/wp-json\/wp\/v2\/product"}],"about":[{"href":"https:\/\/www.hairandskin.eu\/nl\/wp-json\/wp\/v2\/types\/product"}],"replies":[{"embeddable":true,"href":"https:\/\/www.hairandskin.eu\/nl\/wp-json\/wp\/v2\/comments?post=13733"}],"wp:featuredmedia":[{"embeddable":true,"href":"https:\/\/www.hairandskin.eu\/nl\/wp-json\/wp\/v2\/media\/11187"}],"wp:attachment":[{"href":"https:\/\/www.hairandskin.eu\/nl\/wp-json\/wp\/v2\/media?parent=13733"}],"wp:term":[{"taxonomy":"product_brand","embeddable":true,"href":"https:\/\/www.hairandskin.eu\/nl\/wp-json\/wp\/v2\/product_brand?post=13733"},{"taxonomy":"product_cat","embeddable":true,"href":"https:\/\/www.hairandskin.eu\/nl\/wp-json\/wp\/v2\/product_cat?post=13733"},{"taxonomy":"product_tag","embeddable":true,"href":"https:\/\/www.hairandskin.eu\/nl\/wp-json\/wp\/v2\/product_tag?post=13733"}],"curies":[{"name":"wp","href":"https:\/\/api.w.org\/{rel}","templated":true}]}}