{"id":13618,"date":"2017-06-30T11:51:07","date_gmt":"2017-06-30T09:51:07","guid":{"rendered":"https:\/\/www.hairandskin.eu\/produit\/tahe-organic-care-power-oil-herstelconcentraat\/"},"modified":"2017-06-30T11:51:07","modified_gmt":"2017-06-30T09:51:07","slug":"tahe-organic-care-power-oil-herstelconcentraat","status":"publish","type":"product","link":"https:\/\/www.hairandskin.eu\/nl\/produit\/tahe-organic-care-power-oil-herstelconcentraat\/","title":{"rendered":"Tah\u00e9 Organic Care Power Oil Herstelconcentraat"},"content":{"rendered":"<p>Tah\u00e9 Power Oil Repair Concentrate wordt aanbevolen voor extreem beschadigd, droog haar.<\/p>\n<p>Het herstelt diepgaand extreem beschadigd en droog haar. Behandeld haar keert terug naar de oorspronkelijke staat, gehydrateerd, gevoed en met alle littekens veroorzaakt door overmatige hitte, chemicali\u00ebn of andere oorzaken hersteld. <\/p>\n<p>Extreme glans, maximale zachtheid en diepgaand herstel in \u00e9\u00e9n enkele stap.<\/p>\n<p>De actieve ingredi\u00ebnten bestaan uit<\/p>\n<ul>\n<li>Pracaxi plantaardige olie, voor maximale hydratatie, glans en souplesse voor je haar<\/li>\n<li>arganolie, die herstelt, beschermt en antioxiderende eigenschappen heeft<\/li>\n<li>extracten van mirre, helend.<\/li>\n<\/ul>\n<p>Power Oil Concentrate kan op drie manieren worden gebruikt:<\/p>\n<ol>\n<li>op vochtig haar na het wassen, voeden 3 tot 5 druppels je haar en vergemakkelijken het f\u00f6hnen<\/li>\n<li>Gemengd met de finishing producten uit het assortiment, zoals haarlak of leave-in conditioners, zorgen 3 tot 5 druppels ervoor dat kroes wordt ge\u00eblimineerd en dat f\u00f6hnen of steilen gemakkelijker wordt.<\/li>\n<li>op droog haar, 4 tot 5 druppels voor een genezend effect op je haar, om de haarschubben te sluiten.<\/li>\n<\/ol>\n<p>Dankzij het hoge gehalte aan beheninezuur is<strong>pracaxi-olie<\/strong> ideaal voor haarverzorging. De olie heeft de reputatie het haar te temmen en makkelijker te ontwarren, waardoor klitten en breken tijdens het stylen worden voorkomen. De olie wordt vooral gewaardeerd bij krullend of pluizig haar en kan in kleine dotjes op vochtig haar worden aangebracht om het zacht en glanzend te maken en krullen te defini\u00ebren.  <\/p>\n<p>De producten in het Tah\u00e9 Organic Care assortiment zijn gemaakt met niet-giftige ingredi\u00ebnten van topkwaliteit, samengesteld met in totaal 97% ingredi\u00ebnten van natuurlijke oorsprong en meer dan 20% biologische ingredi\u00ebnten.<\/p>\n<p><strong>Geen sulfaten, geen siliconen, geen parabenen<\/strong>, geen allergenen, geen petrolatum, geen kleurstoffen, geen ethylalcohol.<br \/>\nNiet getest op dieren, gemaakt van eco-gecertificeerde ingredi\u00ebnten en actieve ingredi\u00ebnten van biologische oorsprong.<\/p>\n","protected":false},"excerpt":{"rendered":"<p>Tah\u00e9 Power Oil Repair Concentrate wordt aanbevolen voor extreem beschadigd, droog haar.<br \/>\nExtreme glans, maximale zachtheid, hydratatie en diepgaand herstel in \u00e9\u00e9n enkele stap.<\/p>\n","protected":false},"featured_media":10944,"comment_status":"open","ping_status":"closed","template":"","meta":[],"product_brand":[],"product_cat":[1124,1162,1344,1138,1312,1313,1132],"product_tag":[1328,1323,1345,1310],"class_list":{"0":"post-13618","1":"product","2":"type-product","3":"status-publish","4":"has-post-thumbnail","6":"product_cat-haarverzorging","7":"product_cat-merken","8":"product_cat-perm-en-steilen","9":"product_cat-styling","10":"product_cat-tahe-nl","11":"product_cat-tahe-biologische-zorg","12":"product_cat-verzorging-en-maskers","13":"product_tag-conditioner-nl-2","14":"product_tag-gedroogd-haar","15":"product_tag-huidverzorgingsolie","16":"product_tag-organic","17":"pa_advised_for-alle-haartypes","18":"pa_advised_for-beschadigd-haar","19":"pa_advised_for-droog-haar","20":"pa_advised_for-gekleurd-haar","21":"pa_advised_for-krullend-haar","22":"pa_brand-tahe-nl","23":"pa_category_google-2441-nl","24":"pa_gamme-organic","25":"pa_quantity_vol-30-ml-nl","26":"pa_used_for-haarverzorging","27":"pa_used_for-olie","28":"pa_used_for-permanent","29":"pa_used_for-styling","31":"first","32":"instock","33":"taxable","34":"shipping-taxable","35":"purchasable","36":"product-type-simple"},"yoast_head":"<!-- This site is optimized with the Yoast SEO Premium plugin v27.3 (Yoast SEO v27.3) - https:\/\/yoast.com\/product\/yoast-seo-premium-wordpress\/ -->\n<title>Tah\u00e9 Organic Care Repair Concentrate Power Oil<\/title>\n<meta name=\"description\" content=\"Behandelingsolie voor extreem beschadigd, droog haar. Glans, maximale zachtheid, hydratatie en diepgaand herstel in \u00e9\u00e9n enkele stap. Biologische ingredi\u00ebnten.\" \/>\n<meta name=\"robots\" content=\"index, follow, max-snippet:-1, max-image-preview:large, max-video-preview:-1\" \/>\n<link rel=\"canonical\" href=\"https:\/\/www.hairandskin.eu\/nl\/produit\/tahe-organic-care-power-oil-herstelconcentraat\/\" \/>\n<meta property=\"og:locale\" content=\"nl_NL\" \/>\n<meta property=\"og:type\" content=\"article\" \/>\n<meta property=\"og:title\" content=\"Tah\u00e9 Organic Care Power Oil Herstelconcentraat\" \/>\n<meta property=\"og:description\" content=\"Behandelingsolie voor extreem beschadigd, droog haar. Glans, maximale zachtheid, hydratatie en diepgaand herstel in \u00e9\u00e9n enkele stap. Biologische ingredi\u00ebnten.\" \/>\n<meta property=\"og:url\" content=\"https:\/\/www.hairandskin.eu\/nl\/produit\/tahe-organic-care-power-oil-herstelconcentraat\/\" \/>\n<meta property=\"og:site_name\" content=\"Hairandskin\" \/>\n<meta property=\"article:publisher\" content=\"https:\/\/www.facebook.com\/hairandskin.shop\/\" \/>\n<meta property=\"og:image\" content=\"https:\/\/www.hairandskin.eu\/wp-content\/uploads\/2017\/06\/Tah\u00e9-Organic-Care-Huile-Concentr\u00e9-citracisant-de-gu\u00e9rison-Power-Oil-30ml.jpg\" \/>\n\t<meta property=\"og:image:width\" content=\"763\" \/>\n\t<meta property=\"og:image:height\" content=\"953\" \/>\n\t<meta property=\"og:image:type\" content=\"image\/jpeg\" \/>\n<script type=\"application\/ld+json\" class=\"yoast-schema-graph\">{\"@context\":\"https:\\\/\\\/schema.org\",\"@graph\":[{\"@type\":[\"WebPage\",\"ItemPage\"],\"@id\":\"https:\\\/\\\/www.hairandskin.eu\\\/nl\\\/produit\\\/tahe-organic-care-power-oil-herstelconcentraat\\\/\",\"url\":\"https:\\\/\\\/www.hairandskin.eu\\\/nl\\\/produit\\\/tahe-organic-care-power-oil-herstelconcentraat\\\/\",\"name\":\"Tah\u00e9 Organic Care Repair Concentrate Power Oil\",\"isPartOf\":{\"@id\":\"https:\\\/\\\/www.hairandskin.eu\\\/nl\\\/#website\"},\"primaryImageOfPage\":{\"@id\":\"https:\\\/\\\/www.hairandskin.eu\\\/nl\\\/produit\\\/tahe-organic-care-power-oil-herstelconcentraat\\\/#primaryimage\"},\"image\":{\"@id\":\"https:\\\/\\\/www.hairandskin.eu\\\/nl\\\/produit\\\/tahe-organic-care-power-oil-herstelconcentraat\\\/#primaryimage\"},\"thumbnailUrl\":\"https:\\\/\\\/www.hairandskin.eu\\\/wp-content\\\/uploads\\\/2017\\\/06\\\/Tah\u00e9-Organic-Care-Huile-Concentr\u00e9-citracisant-de-gu\u00e9rison-Power-Oil-30ml.jpg\",\"datePublished\":\"2017-06-30T09:51:07+00:00\",\"description\":\"Behandelingsolie voor extreem beschadigd, droog haar. Glans, maximale zachtheid, hydratatie en diepgaand herstel in \u00e9\u00e9n enkele stap. Biologische ingredi\u00ebnten.\",\"breadcrumb\":{\"@id\":\"https:\\\/\\\/www.hairandskin.eu\\\/nl\\\/produit\\\/tahe-organic-care-power-oil-herstelconcentraat\\\/#breadcrumb\"},\"inLanguage\":\"nl-NL\",\"potentialAction\":[{\"@type\":\"ReadAction\",\"target\":[\"https:\\\/\\\/www.hairandskin.eu\\\/nl\\\/produit\\\/tahe-organic-care-power-oil-herstelconcentraat\\\/\"]}]},{\"@type\":\"ImageObject\",\"inLanguage\":\"nl-NL\",\"@id\":\"https:\\\/\\\/www.hairandskin.eu\\\/nl\\\/produit\\\/tahe-organic-care-power-oil-herstelconcentraat\\\/#primaryimage\",\"url\":\"https:\\\/\\\/www.hairandskin.eu\\\/wp-content\\\/uploads\\\/2017\\\/06\\\/Tah\u00e9-Organic-Care-Huile-Concentr\u00e9-citracisant-de-gu\u00e9rison-Power-Oil-30ml.jpg\",\"contentUrl\":\"https:\\\/\\\/www.hairandskin.eu\\\/wp-content\\\/uploads\\\/2017\\\/06\\\/Tah\u00e9-Organic-Care-Huile-Concentr\u00e9-citracisant-de-gu\u00e9rison-Power-Oil-30ml.jpg\",\"width\":763,\"height\":953,\"caption\":\"Tah\u00e9 Organic Care Helende Krachtconcentraatolie 30ml\"},{\"@type\":\"BreadcrumbList\",\"@id\":\"https:\\\/\\\/www.hairandskin.eu\\\/nl\\\/produit\\\/tahe-organic-care-power-oil-herstelconcentraat\\\/#breadcrumb\",\"itemListElement\":[{\"@type\":\"ListItem\",\"position\":1,\"name\":\"Accueil\",\"item\":\"https:\\\/\\\/www.hairandskin.eu\\\/nl\\\/\"},{\"@type\":\"ListItem\",\"position\":2,\"name\":\"Winkel\",\"item\":\"https:\\\/\\\/www.hairandskin.eu\\\/nl\\\/winkel\\\/\"},{\"@type\":\"ListItem\",\"position\":3,\"name\":\"Tah\u00e9 Organic Care Power Oil Herstelconcentraat\"}]},{\"@type\":\"WebSite\",\"@id\":\"https:\\\/\\\/www.hairandskin.eu\\\/nl\\\/#website\",\"url\":\"https:\\\/\\\/www.hairandskin.eu\\\/nl\\\/\",\"name\":\"Hairandskin\",\"description\":\"Soins du cheveu et de la peau, aromath\u00e9rapie, cosm\u00e9tique, shampooing, conditioner\",\"publisher\":{\"@id\":\"https:\\\/\\\/www.hairandskin.eu\\\/nl\\\/#organization\"},\"potentialAction\":[{\"@type\":\"SearchAction\",\"target\":{\"@type\":\"EntryPoint\",\"urlTemplate\":\"https:\\\/\\\/www.hairandskin.eu\\\/nl\\\/?s={search_term_string}\"},\"query-input\":{\"@type\":\"PropertyValueSpecification\",\"valueRequired\":true,\"valueName\":\"search_term_string\"}}],\"inLanguage\":\"nl-NL\"},{\"@type\":\"Organization\",\"@id\":\"https:\\\/\\\/www.hairandskin.eu\\\/nl\\\/#organization\",\"name\":\"Hairandskin\",\"url\":\"https:\\\/\\\/www.hairandskin.eu\\\/nl\\\/\",\"logo\":{\"@type\":\"ImageObject\",\"inLanguage\":\"nl-NL\",\"@id\":\"https:\\\/\\\/www.hairandskin.eu\\\/nl\\\/#\\\/schema\\\/logo\\\/image\\\/\",\"url\":\"https:\\\/\\\/www.hairandskin.eu\\\/wp-content\\\/uploads\\\/2016\\\/10\\\/naturame_logo.png\",\"contentUrl\":\"https:\\\/\\\/www.hairandskin.eu\\\/wp-content\\\/uploads\\\/2016\\\/10\\\/naturame_logo.png\",\"width\":100,\"height\":80,\"caption\":\"Hairandskin\"},\"image\":{\"@id\":\"https:\\\/\\\/www.hairandskin.eu\\\/nl\\\/#\\\/schema\\\/logo\\\/image\\\/\"},\"sameAs\":[\"https:\\\/\\\/www.facebook.com\\\/hairandskin.shop\\\/\",\"https:\\\/\\\/www.instagram.com\\\/hairandskin.shop\\\/\"],\"vatID\":\"BE0897803393\"}]}<\/script>\n<!-- \/ Yoast SEO Premium plugin. -->","yoast_head_json":{"title":"Tah\u00e9 Organic Care Repair Concentrate Power Oil","description":"Behandelingsolie voor extreem beschadigd, droog haar. Glans, maximale zachtheid, hydratatie en diepgaand herstel in \u00e9\u00e9n enkele stap. Biologische ingredi\u00ebnten.","robots":{"index":"index","follow":"follow","max-snippet":"max-snippet:-1","max-image-preview":"max-image-preview:large","max-video-preview":"max-video-preview:-1"},"canonical":"https:\/\/www.hairandskin.eu\/nl\/produit\/tahe-organic-care-power-oil-herstelconcentraat\/","og_locale":"nl_NL","og_type":"article","og_title":"Tah\u00e9 Organic Care Power Oil Herstelconcentraat","og_description":"Behandelingsolie voor extreem beschadigd, droog haar. Glans, maximale zachtheid, hydratatie en diepgaand herstel in \u00e9\u00e9n enkele stap. Biologische ingredi\u00ebnten.","og_url":"https:\/\/www.hairandskin.eu\/nl\/produit\/tahe-organic-care-power-oil-herstelconcentraat\/","og_site_name":"Hairandskin","article_publisher":"https:\/\/www.facebook.com\/hairandskin.shop\/","og_image":[{"width":763,"height":953,"url":"https:\/\/www.hairandskin.eu\/wp-content\/uploads\/2017\/06\/Tah\u00e9-Organic-Care-Huile-Concentr\u00e9-citracisant-de-gu\u00e9rison-Power-Oil-30ml.jpg","type":"image\/jpeg"}],"schema":{"@context":"https:\/\/schema.org","@graph":[{"@type":["WebPage","ItemPage"],"@id":"https:\/\/www.hairandskin.eu\/nl\/produit\/tahe-organic-care-power-oil-herstelconcentraat\/","url":"https:\/\/www.hairandskin.eu\/nl\/produit\/tahe-organic-care-power-oil-herstelconcentraat\/","name":"Tah\u00e9 Organic Care Repair Concentrate Power Oil","isPartOf":{"@id":"https:\/\/www.hairandskin.eu\/nl\/#website"},"primaryImageOfPage":{"@id":"https:\/\/www.hairandskin.eu\/nl\/produit\/tahe-organic-care-power-oil-herstelconcentraat\/#primaryimage"},"image":{"@id":"https:\/\/www.hairandskin.eu\/nl\/produit\/tahe-organic-care-power-oil-herstelconcentraat\/#primaryimage"},"thumbnailUrl":"https:\/\/www.hairandskin.eu\/wp-content\/uploads\/2017\/06\/Tah\u00e9-Organic-Care-Huile-Concentr\u00e9-citracisant-de-gu\u00e9rison-Power-Oil-30ml.jpg","datePublished":"2017-06-30T09:51:07+00:00","description":"Behandelingsolie voor extreem beschadigd, droog haar. Glans, maximale zachtheid, hydratatie en diepgaand herstel in \u00e9\u00e9n enkele stap. Biologische ingredi\u00ebnten.","breadcrumb":{"@id":"https:\/\/www.hairandskin.eu\/nl\/produit\/tahe-organic-care-power-oil-herstelconcentraat\/#breadcrumb"},"inLanguage":"nl-NL","potentialAction":[{"@type":"ReadAction","target":["https:\/\/www.hairandskin.eu\/nl\/produit\/tahe-organic-care-power-oil-herstelconcentraat\/"]}]},{"@type":"ImageObject","inLanguage":"nl-NL","@id":"https:\/\/www.hairandskin.eu\/nl\/produit\/tahe-organic-care-power-oil-herstelconcentraat\/#primaryimage","url":"https:\/\/www.hairandskin.eu\/wp-content\/uploads\/2017\/06\/Tah\u00e9-Organic-Care-Huile-Concentr\u00e9-citracisant-de-gu\u00e9rison-Power-Oil-30ml.jpg","contentUrl":"https:\/\/www.hairandskin.eu\/wp-content\/uploads\/2017\/06\/Tah\u00e9-Organic-Care-Huile-Concentr\u00e9-citracisant-de-gu\u00e9rison-Power-Oil-30ml.jpg","width":763,"height":953,"caption":"Tah\u00e9 Organic Care Helende Krachtconcentraatolie 30ml"},{"@type":"BreadcrumbList","@id":"https:\/\/www.hairandskin.eu\/nl\/produit\/tahe-organic-care-power-oil-herstelconcentraat\/#breadcrumb","itemListElement":[{"@type":"ListItem","position":1,"name":"Accueil","item":"https:\/\/www.hairandskin.eu\/nl\/"},{"@type":"ListItem","position":2,"name":"Winkel","item":"https:\/\/www.hairandskin.eu\/nl\/winkel\/"},{"@type":"ListItem","position":3,"name":"Tah\u00e9 Organic Care Power Oil Herstelconcentraat"}]},{"@type":"WebSite","@id":"https:\/\/www.hairandskin.eu\/nl\/#website","url":"https:\/\/www.hairandskin.eu\/nl\/","name":"Hairandskin","description":"Soins du cheveu et de la peau, aromath\u00e9rapie, cosm\u00e9tique, shampooing, conditioner","publisher":{"@id":"https:\/\/www.hairandskin.eu\/nl\/#organization"},"potentialAction":[{"@type":"SearchAction","target":{"@type":"EntryPoint","urlTemplate":"https:\/\/www.hairandskin.eu\/nl\/?s={search_term_string}"},"query-input":{"@type":"PropertyValueSpecification","valueRequired":true,"valueName":"search_term_string"}}],"inLanguage":"nl-NL"},{"@type":"Organization","@id":"https:\/\/www.hairandskin.eu\/nl\/#organization","name":"Hairandskin","url":"https:\/\/www.hairandskin.eu\/nl\/","logo":{"@type":"ImageObject","inLanguage":"nl-NL","@id":"https:\/\/www.hairandskin.eu\/nl\/#\/schema\/logo\/image\/","url":"https:\/\/www.hairandskin.eu\/wp-content\/uploads\/2016\/10\/naturame_logo.png","contentUrl":"https:\/\/www.hairandskin.eu\/wp-content\/uploads\/2016\/10\/naturame_logo.png","width":100,"height":80,"caption":"Hairandskin"},"image":{"@id":"https:\/\/www.hairandskin.eu\/nl\/#\/schema\/logo\/image\/"},"sameAs":["https:\/\/www.facebook.com\/hairandskin.shop\/","https:\/\/www.instagram.com\/hairandskin.shop\/"],"vatID":"BE0897803393"}]}},"_links":{"self":[{"href":"https:\/\/www.hairandskin.eu\/nl\/wp-json\/wp\/v2\/product\/13618","targetHints":{"allow":["GET"]}}],"collection":[{"href":"https:\/\/www.hairandskin.eu\/nl\/wp-json\/wp\/v2\/product"}],"about":[{"href":"https:\/\/www.hairandskin.eu\/nl\/wp-json\/wp\/v2\/types\/product"}],"replies":[{"embeddable":true,"href":"https:\/\/www.hairandskin.eu\/nl\/wp-json\/wp\/v2\/comments?post=13618"}],"wp:featuredmedia":[{"embeddable":true,"href":"https:\/\/www.hairandskin.eu\/nl\/wp-json\/wp\/v2\/media\/10944"}],"wp:attachment":[{"href":"https:\/\/www.hairandskin.eu\/nl\/wp-json\/wp\/v2\/media?parent=13618"}],"wp:term":[{"taxonomy":"product_brand","embeddable":true,"href":"https:\/\/www.hairandskin.eu\/nl\/wp-json\/wp\/v2\/product_brand?post=13618"},{"taxonomy":"product_cat","embeddable":true,"href":"https:\/\/www.hairandskin.eu\/nl\/wp-json\/wp\/v2\/product_cat?post=13618"},{"taxonomy":"product_tag","embeddable":true,"href":"https:\/\/www.hairandskin.eu\/nl\/wp-json\/wp\/v2\/product_tag?post=13618"}],"curies":[{"name":"wp","href":"https:\/\/api.w.org\/{rel}","templated":true}]}}