{"id":13614,"date":"2017-07-01T11:01:07","date_gmt":"2017-07-01T09:01:07","guid":{"rendered":"https:\/\/www.hairandskin.eu\/produit\/tahe-organic-care-tecnic-waves-krullend-of-pluizig-haar-creme\/"},"modified":"2017-07-01T11:01:07","modified_gmt":"2017-07-01T09:01:07","slug":"tahe-organic-care-tecnic-waves-krullend-of-pluizig-haar-creme","status":"publish","type":"product","link":"https:\/\/www.hairandskin.eu\/nl\/produit\/tahe-organic-care-tecnic-waves-krullend-of-pluizig-haar-creme\/","title":{"rendered":"Tah\u00e9 Organic Care Tecnic Waves krullend of pluizig haar cr\u00e8me"},"content":{"rendered":"<p>Tecnic Waves van Tah\u00e9 Organic Care is een sterkhoudende cr\u00e8mepommade voor krullend of pluizig haar.<\/p>\n<p>Deze texturiserende defini\u00ebrende cr\u00e8me hydrateert, voedt en definieert soepele krullen met een natuurlijke glans. Het voorkomt pluis. <\/p>\n<p>Tecnic waves kan worden gemengd met <a href=\"https:\/\/www.hairandskin.eu\/produit\/tahe-organic-care-apres-shampoing-sans-rincage-radiance\/\">Radiance <\/a>of <a href=\"https:\/\/www.hairandskin.eu\/produit\/tahe-organic-care-apres-shampooing-hydratant-sans-rincage-radiance-oil-conditioner\/\">Radiance Oil<\/a> leave-in conditioners om verzorging en fixatie te combineren in dezelfde applicatie. Beschermt ook tegen hitte. <\/p>\n<p>Tecnic Waves cr\u00e8me bevat:<\/p>\n<ul>\n<li>bijenwas om je haar te voeden en te beschermen<\/li>\n<li>Essenti\u00eble olie van ceder, voor zijn helende en regenererende eigenschappen.<\/li>\n<li>etherische olie van munt, antioxidant<\/li>\n<\/ul>\n<p>De producten in het Tah\u00e9 Organic Care assortiment zijn gemaakt met niet-giftige ingredi\u00ebnten van topkwaliteit, samengesteld met in totaal 97% ingredi\u00ebnten van natuurlijke oorsprong en meer dan 20% biologische ingredi\u00ebnten.<\/p>\n<p><strong>Geen sulfaten, geen siliconen, geen parabenen<\/strong>, geen allergenen, geen petrolatum, geen kleurstoffen, geen ethylalcohol.<br \/>\nNiet getest op dieren, gemaakt van eco-gecertificeerde ingredi\u00ebnten en actieve ingredi\u00ebnten van biologische oorsprong.<\/p>\n","protected":false},"excerpt":{"rendered":"<p>Cr\u00e8me &#8211; sterkhoudende pommade voor krullend of pluizig haar.<br \/>\nHydrateert, voedt en definieert soepele krullen met natuurlijke glans. Elimineert pluis. <\/p>\n","protected":false},"featured_media":10961,"comment_status":"open","ping_status":"closed","template":"","meta":[],"product_brand":[],"product_cat":[1124,1162,1138,1312,1313,1132],"product_tag":[1323,1168,1336,1338,1337,1310],"class_list":{"0":"post-13614","1":"product","2":"type-product","3":"status-publish","4":"has-post-thumbnail","6":"product_cat-haarverzorging","7":"product_cat-merken","8":"product_cat-styling","9":"product_cat-tahe-nl","10":"product_cat-tahe-biologische-zorg","11":"product_cat-verzorging-en-maskers","12":"product_tag-gedroogd-haar","13":"product_tag-kleur","14":"product_tag-kroes","15":"product_tag-krullend-haar-nl","16":"product_tag-krullend-haar","17":"product_tag-organic","18":"pa_advised_for-droog-haar","19":"pa_advised_for-krullend-haar","20":"pa_advised_for-krullend-haar-nl","21":"pa_brand-tahe-nl","22":"pa_category_google-2441-nl","23":"pa_gamme-organic","24":"pa_quantity_vol-100ml-nl","25":"pa_used_for-haarverzorging","26":"pa_used_for-styling","28":"first","29":"outofstock","30":"taxable","31":"shipping-taxable","32":"purchasable","33":"product-type-simple"},"yoast_head":"<!-- This site is optimized with the Yoast SEO Premium plugin v27.3 (Yoast SEO v27.3) - https:\/\/yoast.com\/product\/yoast-seo-premium-wordpress\/ -->\n<title>Tah\u00e9 Organic Care Tecnic Waves krullend of pluizig haar cr\u00e8me<\/title>\n<meta name=\"description\" content=\"Sterk fixerende cr\u00e8me voor krullend of pluizig haar. Hydrateert, voedt en definieert soepele krullen met natuurlijke glans. Elimineert pluis.\" \/>\n<meta name=\"robots\" content=\"index, follow, max-snippet:-1, max-image-preview:large, max-video-preview:-1\" \/>\n<link rel=\"canonical\" href=\"https:\/\/www.hairandskin.eu\/nl\/produit\/tahe-organic-care-tecnic-waves-krullend-of-pluizig-haar-creme\/\" \/>\n<meta property=\"og:locale\" content=\"nl_NL\" \/>\n<meta property=\"og:type\" content=\"article\" \/>\n<meta property=\"og:title\" content=\"Tah\u00e9 Organic Care Tecnic Waves krullend of pluizig haar cr\u00e8me\" \/>\n<meta property=\"og:description\" content=\"Sterk fixerende cr\u00e8me voor krullend of pluizig haar. Hydrateert, voedt en definieert soepele krullen met natuurlijke glans. Elimineert pluis.\" \/>\n<meta property=\"og:url\" content=\"https:\/\/www.hairandskin.eu\/nl\/produit\/tahe-organic-care-tecnic-waves-krullend-of-pluizig-haar-creme\/\" \/>\n<meta property=\"og:site_name\" content=\"Hairandskin\" \/>\n<meta property=\"article:publisher\" content=\"https:\/\/www.facebook.com\/hairandskin.shop\/\" \/>\n<meta property=\"og:image\" content=\"https:\/\/www.hairandskin.eu\/wp-content\/uploads\/2017\/06\/Tahe-Organic-Care-Pommade-capillaire-tecnic-waves-cheveux-fris\u00e9s-boucl\u00e9s.jpg\" \/>\n\t<meta property=\"og:image:width\" content=\"813\" \/>\n\t<meta property=\"og:image:height\" content=\"1016\" \/>\n\t<meta property=\"og:image:type\" content=\"image\/jpeg\" \/>\n<script type=\"application\/ld+json\" class=\"yoast-schema-graph\">{\"@context\":\"https:\\\/\\\/schema.org\",\"@graph\":[{\"@type\":[\"WebPage\",\"ItemPage\"],\"@id\":\"https:\\\/\\\/www.hairandskin.eu\\\/nl\\\/produit\\\/tahe-organic-care-tecnic-waves-krullend-of-pluizig-haar-creme\\\/\",\"url\":\"https:\\\/\\\/www.hairandskin.eu\\\/nl\\\/produit\\\/tahe-organic-care-tecnic-waves-krullend-of-pluizig-haar-creme\\\/\",\"name\":\"Tah\u00e9 Organic Care Tecnic Waves krullend of pluizig haar cr\u00e8me\",\"isPartOf\":{\"@id\":\"https:\\\/\\\/www.hairandskin.eu\\\/nl\\\/#website\"},\"primaryImageOfPage\":{\"@id\":\"https:\\\/\\\/www.hairandskin.eu\\\/nl\\\/produit\\\/tahe-organic-care-tecnic-waves-krullend-of-pluizig-haar-creme\\\/#primaryimage\"},\"image\":{\"@id\":\"https:\\\/\\\/www.hairandskin.eu\\\/nl\\\/produit\\\/tahe-organic-care-tecnic-waves-krullend-of-pluizig-haar-creme\\\/#primaryimage\"},\"thumbnailUrl\":\"https:\\\/\\\/www.hairandskin.eu\\\/wp-content\\\/uploads\\\/2017\\\/06\\\/Tahe-Organic-Care-Pommade-capillaire-tecnic-waves-cheveux-fris\u00e9s-boucl\u00e9s.jpg\",\"datePublished\":\"2017-07-01T09:01:07+00:00\",\"description\":\"Sterk fixerende cr\u00e8me voor krullend of pluizig haar. Hydrateert, voedt en definieert soepele krullen met natuurlijke glans. Elimineert pluis.\",\"breadcrumb\":{\"@id\":\"https:\\\/\\\/www.hairandskin.eu\\\/nl\\\/produit\\\/tahe-organic-care-tecnic-waves-krullend-of-pluizig-haar-creme\\\/#breadcrumb\"},\"inLanguage\":\"nl-NL\",\"potentialAction\":[{\"@type\":\"ReadAction\",\"target\":[\"https:\\\/\\\/www.hairandskin.eu\\\/nl\\\/produit\\\/tahe-organic-care-tecnic-waves-krullend-of-pluizig-haar-creme\\\/\"]}]},{\"@type\":\"ImageObject\",\"inLanguage\":\"nl-NL\",\"@id\":\"https:\\\/\\\/www.hairandskin.eu\\\/nl\\\/produit\\\/tahe-organic-care-tecnic-waves-krullend-of-pluizig-haar-creme\\\/#primaryimage\",\"url\":\"https:\\\/\\\/www.hairandskin.eu\\\/wp-content\\\/uploads\\\/2017\\\/06\\\/Tahe-Organic-Care-Pommade-capillaire-tecnic-waves-cheveux-fris\u00e9s-boucl\u00e9s.jpg\",\"contentUrl\":\"https:\\\/\\\/www.hairandskin.eu\\\/wp-content\\\/uploads\\\/2017\\\/06\\\/Tahe-Organic-Care-Pommade-capillaire-tecnic-waves-cheveux-fris\u00e9s-boucl\u00e9s.jpg\",\"width\":813,\"height\":1016,\"caption\":\"Tahe Organic Care Haarpommade tecnic waves - krullend haar\"},{\"@type\":\"BreadcrumbList\",\"@id\":\"https:\\\/\\\/www.hairandskin.eu\\\/nl\\\/produit\\\/tahe-organic-care-tecnic-waves-krullend-of-pluizig-haar-creme\\\/#breadcrumb\",\"itemListElement\":[{\"@type\":\"ListItem\",\"position\":1,\"name\":\"Accueil\",\"item\":\"https:\\\/\\\/www.hairandskin.eu\\\/nl\\\/\"},{\"@type\":\"ListItem\",\"position\":2,\"name\":\"Winkel\",\"item\":\"https:\\\/\\\/www.hairandskin.eu\\\/nl\\\/winkel\\\/\"},{\"@type\":\"ListItem\",\"position\":3,\"name\":\"Tah\u00e9 Organic Care Tecnic Waves krullend of pluizig haar cr\u00e8me\"}]},{\"@type\":\"WebSite\",\"@id\":\"https:\\\/\\\/www.hairandskin.eu\\\/nl\\\/#website\",\"url\":\"https:\\\/\\\/www.hairandskin.eu\\\/nl\\\/\",\"name\":\"Hairandskin\",\"description\":\"Soins du cheveu et de la peau, aromath\u00e9rapie, cosm\u00e9tique, shampooing, conditioner\",\"publisher\":{\"@id\":\"https:\\\/\\\/www.hairandskin.eu\\\/nl\\\/#organization\"},\"potentialAction\":[{\"@type\":\"SearchAction\",\"target\":{\"@type\":\"EntryPoint\",\"urlTemplate\":\"https:\\\/\\\/www.hairandskin.eu\\\/nl\\\/?s={search_term_string}\"},\"query-input\":{\"@type\":\"PropertyValueSpecification\",\"valueRequired\":true,\"valueName\":\"search_term_string\"}}],\"inLanguage\":\"nl-NL\"},{\"@type\":\"Organization\",\"@id\":\"https:\\\/\\\/www.hairandskin.eu\\\/nl\\\/#organization\",\"name\":\"Hairandskin\",\"url\":\"https:\\\/\\\/www.hairandskin.eu\\\/nl\\\/\",\"logo\":{\"@type\":\"ImageObject\",\"inLanguage\":\"nl-NL\",\"@id\":\"https:\\\/\\\/www.hairandskin.eu\\\/nl\\\/#\\\/schema\\\/logo\\\/image\\\/\",\"url\":\"https:\\\/\\\/www.hairandskin.eu\\\/wp-content\\\/uploads\\\/2016\\\/10\\\/naturame_logo.png\",\"contentUrl\":\"https:\\\/\\\/www.hairandskin.eu\\\/wp-content\\\/uploads\\\/2016\\\/10\\\/naturame_logo.png\",\"width\":100,\"height\":80,\"caption\":\"Hairandskin\"},\"image\":{\"@id\":\"https:\\\/\\\/www.hairandskin.eu\\\/nl\\\/#\\\/schema\\\/logo\\\/image\\\/\"},\"sameAs\":[\"https:\\\/\\\/www.facebook.com\\\/hairandskin.shop\\\/\",\"https:\\\/\\\/www.instagram.com\\\/hairandskin.shop\\\/\"],\"vatID\":\"BE0897803393\"}]}<\/script>\n<!-- \/ Yoast SEO Premium plugin. -->","yoast_head_json":{"title":"Tah\u00e9 Organic Care Tecnic Waves krullend of pluizig haar cr\u00e8me","description":"Sterk fixerende cr\u00e8me voor krullend of pluizig haar. Hydrateert, voedt en definieert soepele krullen met natuurlijke glans. Elimineert pluis.","robots":{"index":"index","follow":"follow","max-snippet":"max-snippet:-1","max-image-preview":"max-image-preview:large","max-video-preview":"max-video-preview:-1"},"canonical":"https:\/\/www.hairandskin.eu\/nl\/produit\/tahe-organic-care-tecnic-waves-krullend-of-pluizig-haar-creme\/","og_locale":"nl_NL","og_type":"article","og_title":"Tah\u00e9 Organic Care Tecnic Waves krullend of pluizig haar cr\u00e8me","og_description":"Sterk fixerende cr\u00e8me voor krullend of pluizig haar. Hydrateert, voedt en definieert soepele krullen met natuurlijke glans. Elimineert pluis.","og_url":"https:\/\/www.hairandskin.eu\/nl\/produit\/tahe-organic-care-tecnic-waves-krullend-of-pluizig-haar-creme\/","og_site_name":"Hairandskin","article_publisher":"https:\/\/www.facebook.com\/hairandskin.shop\/","og_image":[{"width":813,"height":1016,"url":"https:\/\/www.hairandskin.eu\/wp-content\/uploads\/2017\/06\/Tahe-Organic-Care-Pommade-capillaire-tecnic-waves-cheveux-fris\u00e9s-boucl\u00e9s.jpg","type":"image\/jpeg"}],"schema":{"@context":"https:\/\/schema.org","@graph":[{"@type":["WebPage","ItemPage"],"@id":"https:\/\/www.hairandskin.eu\/nl\/produit\/tahe-organic-care-tecnic-waves-krullend-of-pluizig-haar-creme\/","url":"https:\/\/www.hairandskin.eu\/nl\/produit\/tahe-organic-care-tecnic-waves-krullend-of-pluizig-haar-creme\/","name":"Tah\u00e9 Organic Care Tecnic Waves krullend of pluizig haar cr\u00e8me","isPartOf":{"@id":"https:\/\/www.hairandskin.eu\/nl\/#website"},"primaryImageOfPage":{"@id":"https:\/\/www.hairandskin.eu\/nl\/produit\/tahe-organic-care-tecnic-waves-krullend-of-pluizig-haar-creme\/#primaryimage"},"image":{"@id":"https:\/\/www.hairandskin.eu\/nl\/produit\/tahe-organic-care-tecnic-waves-krullend-of-pluizig-haar-creme\/#primaryimage"},"thumbnailUrl":"https:\/\/www.hairandskin.eu\/wp-content\/uploads\/2017\/06\/Tahe-Organic-Care-Pommade-capillaire-tecnic-waves-cheveux-fris\u00e9s-boucl\u00e9s.jpg","datePublished":"2017-07-01T09:01:07+00:00","description":"Sterk fixerende cr\u00e8me voor krullend of pluizig haar. Hydrateert, voedt en definieert soepele krullen met natuurlijke glans. Elimineert pluis.","breadcrumb":{"@id":"https:\/\/www.hairandskin.eu\/nl\/produit\/tahe-organic-care-tecnic-waves-krullend-of-pluizig-haar-creme\/#breadcrumb"},"inLanguage":"nl-NL","potentialAction":[{"@type":"ReadAction","target":["https:\/\/www.hairandskin.eu\/nl\/produit\/tahe-organic-care-tecnic-waves-krullend-of-pluizig-haar-creme\/"]}]},{"@type":"ImageObject","inLanguage":"nl-NL","@id":"https:\/\/www.hairandskin.eu\/nl\/produit\/tahe-organic-care-tecnic-waves-krullend-of-pluizig-haar-creme\/#primaryimage","url":"https:\/\/www.hairandskin.eu\/wp-content\/uploads\/2017\/06\/Tahe-Organic-Care-Pommade-capillaire-tecnic-waves-cheveux-fris\u00e9s-boucl\u00e9s.jpg","contentUrl":"https:\/\/www.hairandskin.eu\/wp-content\/uploads\/2017\/06\/Tahe-Organic-Care-Pommade-capillaire-tecnic-waves-cheveux-fris\u00e9s-boucl\u00e9s.jpg","width":813,"height":1016,"caption":"Tahe Organic Care Haarpommade tecnic waves - krullend haar"},{"@type":"BreadcrumbList","@id":"https:\/\/www.hairandskin.eu\/nl\/produit\/tahe-organic-care-tecnic-waves-krullend-of-pluizig-haar-creme\/#breadcrumb","itemListElement":[{"@type":"ListItem","position":1,"name":"Accueil","item":"https:\/\/www.hairandskin.eu\/nl\/"},{"@type":"ListItem","position":2,"name":"Winkel","item":"https:\/\/www.hairandskin.eu\/nl\/winkel\/"},{"@type":"ListItem","position":3,"name":"Tah\u00e9 Organic Care Tecnic Waves krullend of pluizig haar cr\u00e8me"}]},{"@type":"WebSite","@id":"https:\/\/www.hairandskin.eu\/nl\/#website","url":"https:\/\/www.hairandskin.eu\/nl\/","name":"Hairandskin","description":"Soins du cheveu et de la peau, aromath\u00e9rapie, cosm\u00e9tique, shampooing, conditioner","publisher":{"@id":"https:\/\/www.hairandskin.eu\/nl\/#organization"},"potentialAction":[{"@type":"SearchAction","target":{"@type":"EntryPoint","urlTemplate":"https:\/\/www.hairandskin.eu\/nl\/?s={search_term_string}"},"query-input":{"@type":"PropertyValueSpecification","valueRequired":true,"valueName":"search_term_string"}}],"inLanguage":"nl-NL"},{"@type":"Organization","@id":"https:\/\/www.hairandskin.eu\/nl\/#organization","name":"Hairandskin","url":"https:\/\/www.hairandskin.eu\/nl\/","logo":{"@type":"ImageObject","inLanguage":"nl-NL","@id":"https:\/\/www.hairandskin.eu\/nl\/#\/schema\/logo\/image\/","url":"https:\/\/www.hairandskin.eu\/wp-content\/uploads\/2016\/10\/naturame_logo.png","contentUrl":"https:\/\/www.hairandskin.eu\/wp-content\/uploads\/2016\/10\/naturame_logo.png","width":100,"height":80,"caption":"Hairandskin"},"image":{"@id":"https:\/\/www.hairandskin.eu\/nl\/#\/schema\/logo\/image\/"},"sameAs":["https:\/\/www.facebook.com\/hairandskin.shop\/","https:\/\/www.instagram.com\/hairandskin.shop\/"],"vatID":"BE0897803393"}]}},"_links":{"self":[{"href":"https:\/\/www.hairandskin.eu\/nl\/wp-json\/wp\/v2\/product\/13614","targetHints":{"allow":["GET"]}}],"collection":[{"href":"https:\/\/www.hairandskin.eu\/nl\/wp-json\/wp\/v2\/product"}],"about":[{"href":"https:\/\/www.hairandskin.eu\/nl\/wp-json\/wp\/v2\/types\/product"}],"replies":[{"embeddable":true,"href":"https:\/\/www.hairandskin.eu\/nl\/wp-json\/wp\/v2\/comments?post=13614"}],"wp:featuredmedia":[{"embeddable":true,"href":"https:\/\/www.hairandskin.eu\/nl\/wp-json\/wp\/v2\/media\/10961"}],"wp:attachment":[{"href":"https:\/\/www.hairandskin.eu\/nl\/wp-json\/wp\/v2\/media?parent=13614"}],"wp:term":[{"taxonomy":"product_brand","embeddable":true,"href":"https:\/\/www.hairandskin.eu\/nl\/wp-json\/wp\/v2\/product_brand?post=13614"},{"taxonomy":"product_cat","embeddable":true,"href":"https:\/\/www.hairandskin.eu\/nl\/wp-json\/wp\/v2\/product_cat?post=13614"},{"taxonomy":"product_tag","embeddable":true,"href":"https:\/\/www.hairandskin.eu\/nl\/wp-json\/wp\/v2\/product_tag?post=13614"}],"curies":[{"name":"wp","href":"https:\/\/api.w.org\/{rel}","templated":true}]}}