{"id":13576,"date":"2023-11-01T17:41:58","date_gmt":"2023-11-01T16:41:58","guid":{"rendered":"https:\/\/www.hairandskin.eu\/produit\/naturigin-extra-licht-blond-kleur-10-0\/"},"modified":"2023-11-01T17:41:58","modified_gmt":"2023-11-01T16:41:58","slug":"naturigin-extra-licht-blond-kleur-10-0","status":"publish","type":"product","link":"https:\/\/www.hairandskin.eu\/nl\/produit\/naturigin-extra-licht-blond-kleur-10-0\/","title":{"rendered":"Naturigin Extra Licht Blond Kleur 10.0"},"content":{"rendered":"<p>NATURIGIN Permanente kleuring Extra licht blond 10.0<\/p>\n<div class=\"row\"  id=\"row-574006588\">\n\n\n\t<div id=\"col-222683056\" class=\"col medium-8 small-12 large-8\"  >\n\t\t\t\t<div class=\"col-inner\"  >\n\t\t\t\n\t\t\t\n\n<p>Een geavanceerde, natuurlijke formule met een unieke mix van gecertificeerde organische essenti\u00eble citroen- en sinaasappelolie, plus 10 andere organische extracten en pure, zachte natuurlijke oli\u00ebn die het haar beschermen tijdens het kleuren en glans en voeding aan je haar toevoegen.<\/p>\n<p>Naturigin biedt een lijn van schoonheidsproducten gebaseerd op een eenvoudige visie: schoonheid is natuurlijk!<br>Naturigin producten zijn gemaakt op een balans van natuurlijke ingredi\u00ebnten en hoogwaardige resultaten voor iedereen.<br>Naturigin is 100% <strong>Lauryl Sulfaat vrij, amonia vrij, resorcinol vrij!<\/strong><\/p>\n<p>Deze <strong>permanente haarkleuring<\/strong> is geschikt voor alle haartypes, <strong>geeft 100% dekking voor grijs haar<\/strong> en is eenvoudig aan te brengen in slechts <strong>30 minuten<\/strong>.<\/p>\n<p>Elke doos bevat:<\/p>\n<ul>\n<li>1 tube kleurcr\u00e8me 40ml<\/li>\n<li>1 fles activator 60ml<\/li>\n<li>1 behandeling na kleur 15ml<\/li>\n<li>1 set handschoenen<\/li>\n<li>1 gedetailleerde Gebruiksaanwijzing<\/li>\n<\/ul>\n\n\t\t<\/div>\n\t\t\t\t\t<\/div>\n\n\t\n\n\t<div id=\"col-584019364\" class=\"col medium-4 small-12 large-4\"  >\n\t\t\t\t<div class=\"col-inner\"  >\n\t\t\t\n\t\t\t\n\n<div class=\"video video-fit mb\" style=\"padding-top:200%;\"><p><iframe loading=\"lazy\" title=\"Naturigin Permanent Hair Color\" width=\"1020\" height=\"574\" src=\"https:\/\/www.youtube.com\/embed\/0-SyGSCI7hI?feature=oembed\" frameborder=\"0\" allow=\"accelerometer; autoplay; clipboard-write; encrypted-media; gyroscope; picture-in-picture; web-share\" referrerpolicy=\"strict-origin-when-cross-origin\" allowfullscreen><\/iframe><\/p>\n<\/div>\n\n\n\t\t<\/div>\n\t\t\t\t\t<\/div>\n\n\t\n\n<\/div>\n","protected":false},"excerpt":{"rendered":"<p>Naturigin cr\u00e8mekleuring, referentie 10.0 <strong>Extra licht blond<\/strong>.<br \/>\nAmmoniakvrije, natuurlijke en biologische ingredi\u00ebnten.<\/p>\n","protected":false},"featured_media":11938,"comment_status":"open","ping_status":"closed","template":"","meta":[],"product_brand":[],"product_cat":[1173,1175,1162,1125,1289,1290],"product_tag":[1168,1291],"class_list":{"0":"post-13576","1":"product","2":"type-product","3":"status-publish","4":"has-post-thumbnail","6":"product_cat-kleur","7":"product_cat-kleur-nl","8":"product_cat-merken","9":"product_cat-natulique-nl","10":"product_cat-naturigin-nl","11":"product_cat-naturigin-kit","12":"product_tag-kleur","13":"product_tag-naturigin-nl","14":"pa_advised_for-kleur","15":"pa_brand-naturigin-nl","16":"pa_gamme-bevat-biologische-ingredienten","17":"pa_name_manufacturer-naturigin-nl","18":"pa_quantity_vol-kleurcreme-40ml-activator-60ml-behandeling-15ml","19":"pa_used_for-kleur","21":"first","22":"instock","23":"taxable","24":"shipping-taxable","25":"purchasable","26":"product-type-simple"},"yoast_head":"<!-- This site is optimized with the Yoast SEO Premium plugin v27.3 (Yoast SEO v27.3) - https:\/\/yoast.com\/product\/yoast-seo-premium-wordpress\/ -->\n<title>Naturigin Extra Licht Blond Kleur Kit - gecertificeerde natuurlijke ingredi\u00ebnten<\/title>\n<meta name=\"description\" content=\"Naturigin permanente haarkleuring. Topklasse kleuring met natuurlijke ingredi\u00ebnten. Kit bevat kleuringscr\u00e8me, activator, treatment en handschoenen.\" \/>\n<meta name=\"robots\" content=\"index, follow, max-snippet:-1, max-image-preview:large, max-video-preview:-1\" \/>\n<link rel=\"canonical\" href=\"https:\/\/www.hairandskin.eu\/nl\/produit\/naturigin-extra-licht-blond-kleur-10-0\/\" \/>\n<meta property=\"og:locale\" content=\"nl_NL\" \/>\n<meta property=\"og:type\" content=\"article\" \/>\n<meta property=\"og:title\" content=\"Naturigin Extra Licht Blond Kleur 10.0\" \/>\n<meta property=\"og:description\" content=\"Naturigin permanente haarkleuring. Topklasse kleuring met natuurlijke ingredi\u00ebnten. Kit bevat kleuringscr\u00e8me, activator, treatment en handschoenen.\" \/>\n<meta property=\"og:url\" content=\"https:\/\/www.hairandskin.eu\/nl\/produit\/naturigin-extra-licht-blond-kleur-10-0\/\" \/>\n<meta property=\"og:site_name\" content=\"Hairandskin\" \/>\n<meta property=\"article:publisher\" content=\"https:\/\/www.facebook.com\/hairandskin.shop\/\" \/>\n<meta property=\"og:image\" content=\"https:\/\/www.hairandskin.eu\/wp-content\/uploads\/2023\/11\/Naturigin-10.0-Boite-Blond-platine.webp\" \/>\n\t<meta property=\"og:image:width\" content=\"1083\" \/>\n\t<meta property=\"og:image:height\" content=\"1800\" \/>\n\t<meta property=\"og:image:type\" content=\"image\/webp\" \/>\n<script type=\"application\/ld+json\" class=\"yoast-schema-graph\">{\"@context\":\"https:\\\/\\\/schema.org\",\"@graph\":[{\"@type\":[\"WebPage\",\"ItemPage\"],\"@id\":\"https:\\\/\\\/www.hairandskin.eu\\\/nl\\\/produit\\\/naturigin-extra-licht-blond-kleur-10-0\\\/\",\"url\":\"https:\\\/\\\/www.hairandskin.eu\\\/nl\\\/produit\\\/naturigin-extra-licht-blond-kleur-10-0\\\/\",\"name\":\"Naturigin Extra Licht Blond Kleur Kit - gecertificeerde natuurlijke ingredi\u00ebnten\",\"isPartOf\":{\"@id\":\"https:\\\/\\\/www.hairandskin.eu\\\/nl\\\/#website\"},\"primaryImageOfPage\":{\"@id\":\"https:\\\/\\\/www.hairandskin.eu\\\/nl\\\/produit\\\/naturigin-extra-licht-blond-kleur-10-0\\\/#primaryimage\"},\"image\":{\"@id\":\"https:\\\/\\\/www.hairandskin.eu\\\/nl\\\/produit\\\/naturigin-extra-licht-blond-kleur-10-0\\\/#primaryimage\"},\"thumbnailUrl\":\"https:\\\/\\\/www.hairandskin.eu\\\/wp-content\\\/uploads\\\/2023\\\/11\\\/Naturigin-10.0-Boite-Blond-platine.webp\",\"datePublished\":\"2023-11-01T16:41:58+00:00\",\"description\":\"Naturigin permanente haarkleuring. Topklasse kleuring met natuurlijke ingredi\u00ebnten. Kit bevat kleuringscr\u00e8me, activator, treatment en handschoenen.\",\"breadcrumb\":{\"@id\":\"https:\\\/\\\/www.hairandskin.eu\\\/nl\\\/produit\\\/naturigin-extra-licht-blond-kleur-10-0\\\/#breadcrumb\"},\"inLanguage\":\"nl-NL\",\"potentialAction\":[{\"@type\":\"ReadAction\",\"target\":[\"https:\\\/\\\/www.hairandskin.eu\\\/nl\\\/produit\\\/naturigin-extra-licht-blond-kleur-10-0\\\/\"]}]},{\"@type\":\"ImageObject\",\"inLanguage\":\"nl-NL\",\"@id\":\"https:\\\/\\\/www.hairandskin.eu\\\/nl\\\/produit\\\/naturigin-extra-licht-blond-kleur-10-0\\\/#primaryimage\",\"url\":\"https:\\\/\\\/www.hairandskin.eu\\\/wp-content\\\/uploads\\\/2023\\\/11\\\/Naturigin-10.0-Boite-Blond-platine.webp\",\"contentUrl\":\"https:\\\/\\\/www.hairandskin.eu\\\/wp-content\\\/uploads\\\/2023\\\/11\\\/Naturigin-10.0-Boite-Blond-platine.webp\",\"width\":1083,\"height\":1800,\"caption\":\"Naturigin Kleur 10.0 Doos Platina Blond\"},{\"@type\":\"BreadcrumbList\",\"@id\":\"https:\\\/\\\/www.hairandskin.eu\\\/nl\\\/produit\\\/naturigin-extra-licht-blond-kleur-10-0\\\/#breadcrumb\",\"itemListElement\":[{\"@type\":\"ListItem\",\"position\":1,\"name\":\"Accueil\",\"item\":\"https:\\\/\\\/www.hairandskin.eu\\\/nl\\\/\"},{\"@type\":\"ListItem\",\"position\":2,\"name\":\"Winkel\",\"item\":\"https:\\\/\\\/www.hairandskin.eu\\\/nl\\\/winkel\\\/\"},{\"@type\":\"ListItem\",\"position\":3,\"name\":\"Naturigin Extra Licht Blond Kleur 10.0\"}]},{\"@type\":\"WebSite\",\"@id\":\"https:\\\/\\\/www.hairandskin.eu\\\/nl\\\/#website\",\"url\":\"https:\\\/\\\/www.hairandskin.eu\\\/nl\\\/\",\"name\":\"Hairandskin\",\"description\":\"Soins du cheveu et de la peau, aromath\u00e9rapie, cosm\u00e9tique, shampooing, conditioner\",\"publisher\":{\"@id\":\"https:\\\/\\\/www.hairandskin.eu\\\/nl\\\/#organization\"},\"potentialAction\":[{\"@type\":\"SearchAction\",\"target\":{\"@type\":\"EntryPoint\",\"urlTemplate\":\"https:\\\/\\\/www.hairandskin.eu\\\/nl\\\/?s={search_term_string}\"},\"query-input\":{\"@type\":\"PropertyValueSpecification\",\"valueRequired\":true,\"valueName\":\"search_term_string\"}}],\"inLanguage\":\"nl-NL\"},{\"@type\":\"Organization\",\"@id\":\"https:\\\/\\\/www.hairandskin.eu\\\/nl\\\/#organization\",\"name\":\"Hairandskin\",\"url\":\"https:\\\/\\\/www.hairandskin.eu\\\/nl\\\/\",\"logo\":{\"@type\":\"ImageObject\",\"inLanguage\":\"nl-NL\",\"@id\":\"https:\\\/\\\/www.hairandskin.eu\\\/nl\\\/#\\\/schema\\\/logo\\\/image\\\/\",\"url\":\"https:\\\/\\\/www.hairandskin.eu\\\/wp-content\\\/uploads\\\/2016\\\/10\\\/naturame_logo.png\",\"contentUrl\":\"https:\\\/\\\/www.hairandskin.eu\\\/wp-content\\\/uploads\\\/2016\\\/10\\\/naturame_logo.png\",\"width\":100,\"height\":80,\"caption\":\"Hairandskin\"},\"image\":{\"@id\":\"https:\\\/\\\/www.hairandskin.eu\\\/nl\\\/#\\\/schema\\\/logo\\\/image\\\/\"},\"sameAs\":[\"https:\\\/\\\/www.facebook.com\\\/hairandskin.shop\\\/\",\"https:\\\/\\\/www.instagram.com\\\/hairandskin.shop\\\/\"],\"vatID\":\"BE0897803393\"}]}<\/script>\n<!-- \/ Yoast SEO Premium plugin. -->","yoast_head_json":{"title":"Naturigin Extra Licht Blond Kleur Kit - gecertificeerde natuurlijke ingredi\u00ebnten","description":"Naturigin permanente haarkleuring. Topklasse kleuring met natuurlijke ingredi\u00ebnten. Kit bevat kleuringscr\u00e8me, activator, treatment en handschoenen.","robots":{"index":"index","follow":"follow","max-snippet":"max-snippet:-1","max-image-preview":"max-image-preview:large","max-video-preview":"max-video-preview:-1"},"canonical":"https:\/\/www.hairandskin.eu\/nl\/produit\/naturigin-extra-licht-blond-kleur-10-0\/","og_locale":"nl_NL","og_type":"article","og_title":"Naturigin Extra Licht Blond Kleur 10.0","og_description":"Naturigin permanente haarkleuring. Topklasse kleuring met natuurlijke ingredi\u00ebnten. Kit bevat kleuringscr\u00e8me, activator, treatment en handschoenen.","og_url":"https:\/\/www.hairandskin.eu\/nl\/produit\/naturigin-extra-licht-blond-kleur-10-0\/","og_site_name":"Hairandskin","article_publisher":"https:\/\/www.facebook.com\/hairandskin.shop\/","og_image":[{"width":1083,"height":1800,"url":"https:\/\/www.hairandskin.eu\/wp-content\/uploads\/2023\/11\/Naturigin-10.0-Boite-Blond-platine.webp","type":"image\/webp"}],"schema":{"@context":"https:\/\/schema.org","@graph":[{"@type":["WebPage","ItemPage"],"@id":"https:\/\/www.hairandskin.eu\/nl\/produit\/naturigin-extra-licht-blond-kleur-10-0\/","url":"https:\/\/www.hairandskin.eu\/nl\/produit\/naturigin-extra-licht-blond-kleur-10-0\/","name":"Naturigin Extra Licht Blond Kleur Kit - gecertificeerde natuurlijke ingredi\u00ebnten","isPartOf":{"@id":"https:\/\/www.hairandskin.eu\/nl\/#website"},"primaryImageOfPage":{"@id":"https:\/\/www.hairandskin.eu\/nl\/produit\/naturigin-extra-licht-blond-kleur-10-0\/#primaryimage"},"image":{"@id":"https:\/\/www.hairandskin.eu\/nl\/produit\/naturigin-extra-licht-blond-kleur-10-0\/#primaryimage"},"thumbnailUrl":"https:\/\/www.hairandskin.eu\/wp-content\/uploads\/2023\/11\/Naturigin-10.0-Boite-Blond-platine.webp","datePublished":"2023-11-01T16:41:58+00:00","description":"Naturigin permanente haarkleuring. Topklasse kleuring met natuurlijke ingredi\u00ebnten. Kit bevat kleuringscr\u00e8me, activator, treatment en handschoenen.","breadcrumb":{"@id":"https:\/\/www.hairandskin.eu\/nl\/produit\/naturigin-extra-licht-blond-kleur-10-0\/#breadcrumb"},"inLanguage":"nl-NL","potentialAction":[{"@type":"ReadAction","target":["https:\/\/www.hairandskin.eu\/nl\/produit\/naturigin-extra-licht-blond-kleur-10-0\/"]}]},{"@type":"ImageObject","inLanguage":"nl-NL","@id":"https:\/\/www.hairandskin.eu\/nl\/produit\/naturigin-extra-licht-blond-kleur-10-0\/#primaryimage","url":"https:\/\/www.hairandskin.eu\/wp-content\/uploads\/2023\/11\/Naturigin-10.0-Boite-Blond-platine.webp","contentUrl":"https:\/\/www.hairandskin.eu\/wp-content\/uploads\/2023\/11\/Naturigin-10.0-Boite-Blond-platine.webp","width":1083,"height":1800,"caption":"Naturigin Kleur 10.0 Doos Platina Blond"},{"@type":"BreadcrumbList","@id":"https:\/\/www.hairandskin.eu\/nl\/produit\/naturigin-extra-licht-blond-kleur-10-0\/#breadcrumb","itemListElement":[{"@type":"ListItem","position":1,"name":"Accueil","item":"https:\/\/www.hairandskin.eu\/nl\/"},{"@type":"ListItem","position":2,"name":"Winkel","item":"https:\/\/www.hairandskin.eu\/nl\/winkel\/"},{"@type":"ListItem","position":3,"name":"Naturigin Extra Licht Blond Kleur 10.0"}]},{"@type":"WebSite","@id":"https:\/\/www.hairandskin.eu\/nl\/#website","url":"https:\/\/www.hairandskin.eu\/nl\/","name":"Hairandskin","description":"Soins du cheveu et de la peau, aromath\u00e9rapie, cosm\u00e9tique, shampooing, conditioner","publisher":{"@id":"https:\/\/www.hairandskin.eu\/nl\/#organization"},"potentialAction":[{"@type":"SearchAction","target":{"@type":"EntryPoint","urlTemplate":"https:\/\/www.hairandskin.eu\/nl\/?s={search_term_string}"},"query-input":{"@type":"PropertyValueSpecification","valueRequired":true,"valueName":"search_term_string"}}],"inLanguage":"nl-NL"},{"@type":"Organization","@id":"https:\/\/www.hairandskin.eu\/nl\/#organization","name":"Hairandskin","url":"https:\/\/www.hairandskin.eu\/nl\/","logo":{"@type":"ImageObject","inLanguage":"nl-NL","@id":"https:\/\/www.hairandskin.eu\/nl\/#\/schema\/logo\/image\/","url":"https:\/\/www.hairandskin.eu\/wp-content\/uploads\/2016\/10\/naturame_logo.png","contentUrl":"https:\/\/www.hairandskin.eu\/wp-content\/uploads\/2016\/10\/naturame_logo.png","width":100,"height":80,"caption":"Hairandskin"},"image":{"@id":"https:\/\/www.hairandskin.eu\/nl\/#\/schema\/logo\/image\/"},"sameAs":["https:\/\/www.facebook.com\/hairandskin.shop\/","https:\/\/www.instagram.com\/hairandskin.shop\/"],"vatID":"BE0897803393"}]}},"_links":{"self":[{"href":"https:\/\/www.hairandskin.eu\/nl\/wp-json\/wp\/v2\/product\/13576","targetHints":{"allow":["GET"]}}],"collection":[{"href":"https:\/\/www.hairandskin.eu\/nl\/wp-json\/wp\/v2\/product"}],"about":[{"href":"https:\/\/www.hairandskin.eu\/nl\/wp-json\/wp\/v2\/types\/product"}],"replies":[{"embeddable":true,"href":"https:\/\/www.hairandskin.eu\/nl\/wp-json\/wp\/v2\/comments?post=13576"}],"wp:featuredmedia":[{"embeddable":true,"href":"https:\/\/www.hairandskin.eu\/nl\/wp-json\/wp\/v2\/media\/11938"}],"wp:attachment":[{"href":"https:\/\/www.hairandskin.eu\/nl\/wp-json\/wp\/v2\/media?parent=13576"}],"wp:term":[{"taxonomy":"product_brand","embeddable":true,"href":"https:\/\/www.hairandskin.eu\/nl\/wp-json\/wp\/v2\/product_brand?post=13576"},{"taxonomy":"product_cat","embeddable":true,"href":"https:\/\/www.hairandskin.eu\/nl\/wp-json\/wp\/v2\/product_cat?post=13576"},{"taxonomy":"product_tag","embeddable":true,"href":"https:\/\/www.hairandskin.eu\/nl\/wp-json\/wp\/v2\/product_tag?post=13576"}],"curies":[{"name":"wp","href":"https:\/\/api.w.org\/{rel}","templated":true}]}}