{"id":13051,"date":"2024-11-22T17:25:37","date_gmt":"2024-11-22T16:25:37","guid":{"rendered":"https:\/\/www.hairandskin.eu\/?post_type=product&#038;p=13051"},"modified":"2025-04-16T09:10:33","modified_gmt":"2025-04-16T07:10:33","slug":"therapeutische-verkoelende-mist-copie-copie-copie-copie-copie-copie","status":"publish","type":"product","link":"https:\/\/www.hairandskin.eu\/nl\/produit\/therapeutische-verkoelende-mist-copie-copie-copie-copie-copie-copie\/","title":{"rendered":"Hair Bond 6 leave-in masker"},"content":{"rendered":"<p><strong>Natulique&#8217;s Hair Bond leave-in masker<\/strong> verbetert de glans en uitstraling en verlengt ook Bond Repair behandelingen.<br \/>\nIdeaal om je routine mee af te ronden nadat je uit de douche komt en vlak voordat je je haar gaat stylen. Een paar keer knijpen op vochtig haar is alles wat nodig is om een zichtbare verbetering in gezondheid en glans te geven in slechts een paar minuten. Met rijstprote\u00efnen om het haar te voeden, verzachten, volume te geven en te hydrateren.<br \/>\nHet gepatenteerde complex herstelt beschadigde haarbanden en versterkt de gezondheid van het haar terwijl het actief beschermt tegen schade van buitenaf.  <\/p>\n<p><strong>Herstelt gespleten haarpunten en corrigeert onvolkomenheden<\/strong><\/p>\n<p>Hair Bond Anti-Breakage Leave-In Mask verandert droog, beschadigd en breekbaar haar in diep gehydrateerd, glad en glanzend haar door de schubbenlaag glad te maken en een beschermende barri\u00e8re te vormen tegen schade van buitenaf. Door het vermogen van haar en huid om vocht vast te houden te vergroten, verbetert het de flexibiliteit en sterkte en beschermt het tegen kleur. Het resultaat is gezond, glanzend en stralend haar.  <\/p>\n<p>Gehydrolyseerde Quinoa Prote\u00efne en Rijst Prote\u00efne leveren essenti\u00eble prote\u00efnen en aminozuren aan beschadigd haar om de sterkte en elasticiteit van de haarvezels te stimuleren. De prote\u00efnecomponent helpt ook de haarvezel te omhullen, de haarschubben glad te maken en een beschermende barri\u00e8re te cre\u00ebren om het haar te versterken tegen toekomstige beschadiging. <\/p>\n<p>Het herstelt onmiddellijk gespleten haarpunten en strijkt onvolkomenheden in de haarvezel glad, waardoor het haar meer glans krijgt en er gezond uitziet.<\/p>\n<p>&nbsp;<\/p>\n<p><strong>Versterkende formule met biologische ingredi\u00ebnten:  <\/strong><\/p>\n<ul>\n<li><strong>Broccolizaadolie<\/strong> levert vochtinbrengende vetzuren en vitamines die essentieel zijn voor een gezonde haargroei. Het bevat ook arachidonzuur, een omega-6 vetzuur waarvan bekend is dat het huidontstekingen zoals dermatitis, rosacea en psoriasis helpt verminderen. <\/li>\n<li><strong>Jojobazaadolie<\/strong> is rijk aan vitaminen en mineralen zoals koper en zink, die elke haarlok versterken en uitdroging voorkomen. Door de natuurlijke werking van talg na te bootsen, wordt het gemakkelijk opgenomen door de huid en het haar. Het biedt een uitzonderlijke hydratatie, evenals conditionerende en verzachtende eigenschappen, waardoor het gemakkelijker te beheren en te stylen is.  <\/li>\n<li><strong>Jasmijnbloemextract<\/strong> versterkt de haarwortels, voorkomt afbreken en verbetert de glans. Het bevordert de celvernieuwing, bestrijdt bacteri\u00ebn en gisten, hydrateert en beschermt het haar en de hoofdhuid. <\/li>\n<li><strong>Haverzaadextract<\/strong> helpt haarbreuk en gespleten haarpunten te verminderen, terwijl het elke haarstreng hydrateert. Met antioxiderende, kalmerende en ontstekingsremmende eigenschappen kalmeert het de hoofdhuid en verbetert het de elasticiteit van de haarvezels. <\/li>\n<\/ul>\n<p><strong>BioActive Complex<\/strong> is een behandeling op plantaardige basis die beschadigd haar herstelt en weer opbouwt door nieuwe bindingen te cre\u00ebren met de keratine van je haar. Het gepatenteerde BioActive Complex bestaat uit kleine micro-moleculen die gemakkelijk het haar binnendringen om de interactie binnen de keratine cortex te optimaliseren. Het herstelt haarbeschadiging veroorzaakt door chemicali\u00ebn, kleuren en hitte.  <\/p>\n<p>Hair Bond Leave-In Mask maakt deel uit van de BioActive Bond lijn, een professioneel systeem ontworpen om het haar van binnenuit te herstellen en te revitaliseren.<\/p>\n<p>De 3 fasen van het professionele Bond Repair protocol:<\/p>\n<ol>\n<li><strong>Bond Repair Intrinsic Additive<\/strong><br \/>\nEen professionele oplossing die gebroken haarvezels diepgaand herstelt en opnieuw opbouwt, met behoud van kracht en vitaliteit. Vergemakkelijkt styling met een zachte, frisse geur. <\/li>\n<li><strong>Bond Repair Intrinsic Strengthener<\/strong><br \/>\nEen geconcentreerd masker op plantaardige basis dat beschadigde haarvezels diepgaand herstelt, breuk vermindert, glans en zachtheid toevoegt en voor intense hydratatie zorgt. Het masker is speciaal ontworpen om de interactie tussen meerdere bindingen te verbeteren en bevat een gepatenteerd herstelcomplex, evenals oli\u00ebn en extracten. <\/li>\n<li><strong>Bond Repair Intrinsic Maintenance<\/strong><br \/>\nBehoudt de resultaten van de behandeling en maakt het haar gezond en opvallend glanzend. Het gepatenteerde complex herstelt vezels die beschadigd zijn door het gebruik van verwarmde gereedschappen, chemische behandelingen en haarkleuring. <\/li>\n<\/ol>\n<p>We adviseren om de werking van de behandeling te verlengen door Bond Repair shampoo, behandeling en masker te gebruiken.<\/p>\n","protected":false},"excerpt":{"rendered":"<p><strong>Natulique Hair Bond<\/strong> <strong>leave-in masker<\/strong> transformeert droog, beschadigd en breekbaar haar in diep gehydrateerd, glad en glanzend haar door de schubbenlaag glad te maken en een beschermende barri\u00e8re te vormen tegen schade van buitenaf.<\/p>\n","protected":false},"featured_media":13053,"comment_status":"open","ping_status":"closed","template":"","meta":[],"product_brand":[],"product_cat":[1124,1126,1125,1132],"product_tag":[1133,1301,1303,1302,1535],"class_list":{"0":"post-13051","1":"product","2":"type-product","3":"status-publish","4":"has-post-thumbnail","6":"product_cat-haarverzorging","7":"product_cat-haarverzorging-nl","8":"product_cat-natulique-nl","9":"product_cat-verzorging-en-maskers","10":"product_tag-conditioner-nl","11":"product_tag-hair-bond-nl","12":"product_tag-reparateur-nl","13":"product_tag-versterkend","14":"product_tag-zonder-spoelen","15":"pa_advised_for-beschadigd-haar","16":"pa_advised_for-gebroken-haar","17":"pa_advised_for-gekleurd-haar","18":"pa_advised_for-haarproblemen","19":"pa_advised_for-vorken","20":"pa_brand-natulique-nl","21":"pa_gamme-organic","22":"pa_name_manufacturer-natulique-hair-bond-leave-in-mask-nl","23":"pa_quantity_vol-250-ml","25":"first","26":"instock","27":"taxable","28":"shipping-taxable","29":"purchasable","30":"product-type-simple"},"yoast_head":"<!-- This site is optimized with the Yoast SEO Premium plugin v27.3 (Yoast SEO v27.3) - https:\/\/yoast.com\/product\/yoast-seo-premium-wordpress\/ -->\n<title>Natulique Hair Bond leave-in masker<\/title>\n<meta name=\"description\" content=\"Natulique Hair Bond leave-in masker herstelt gespleten haarpunten en corrigeert onvolkomenheden. Het transformeert droog, beschadigd en broos haar in diep gehydrateerd, glad en glanzend haar.\" \/>\n<meta name=\"robots\" content=\"index, follow, max-snippet:-1, max-image-preview:large, max-video-preview:-1\" \/>\n<link rel=\"canonical\" href=\"https:\/\/www.hairandskin.eu\/nl\/produit\/therapeutische-verkoelende-mist-copie-copie-copie-copie-copie-copie\/\" \/>\n<meta property=\"og:locale\" content=\"nl_NL\" \/>\n<meta property=\"og:type\" content=\"article\" \/>\n<meta property=\"og:title\" content=\"Hair Bond 6 leave-in masker\" \/>\n<meta property=\"og:description\" content=\"Natulique Hair Bond leave-in masker herstelt gespleten haarpunten en corrigeert onvolkomenheden. Het transformeert droog, beschadigd en broos haar in diep gehydrateerd, glad en glanzend haar.\" \/>\n<meta property=\"og:url\" content=\"https:\/\/www.hairandskin.eu\/nl\/produit\/therapeutische-verkoelende-mist-copie-copie-copie-copie-copie-copie\/\" \/>\n<meta property=\"og:site_name\" content=\"Hairandskin\" \/>\n<meta property=\"article:publisher\" content=\"https:\/\/www.facebook.com\/hairandskin.shop\/\" \/>\n<meta property=\"article:modified_time\" content=\"2025-04-16T07:10:33+00:00\" \/>\n<meta property=\"og:image\" content=\"https:\/\/www.hairandskin.eu\/wp-content\/uploads\/2024\/11\/NATULIQUE-HAIR-BOND-Leave-In-Mask-6.jpg\" \/>\n\t<meta property=\"og:image:width\" content=\"800\" \/>\n\t<meta property=\"og:image:height\" content=\"1200\" \/>\n\t<meta property=\"og:image:type\" content=\"image\/jpeg\" \/>\n<script type=\"application\/ld+json\" class=\"yoast-schema-graph\">{\"@context\":\"https:\\\/\\\/schema.org\",\"@graph\":[{\"@type\":[\"WebPage\",\"ItemPage\"],\"@id\":\"https:\\\/\\\/www.hairandskin.eu\\\/nl\\\/produit\\\/therapeutische-verkoelende-mist-copie-copie-copie-copie-copie-copie\\\/\",\"url\":\"https:\\\/\\\/www.hairandskin.eu\\\/nl\\\/produit\\\/therapeutische-verkoelende-mist-copie-copie-copie-copie-copie-copie\\\/\",\"name\":\"Natulique Hair Bond leave-in masker\",\"isPartOf\":{\"@id\":\"https:\\\/\\\/www.hairandskin.eu\\\/nl\\\/#website\"},\"primaryImageOfPage\":{\"@id\":\"https:\\\/\\\/www.hairandskin.eu\\\/nl\\\/produit\\\/therapeutische-verkoelende-mist-copie-copie-copie-copie-copie-copie\\\/#primaryimage\"},\"image\":{\"@id\":\"https:\\\/\\\/www.hairandskin.eu\\\/nl\\\/produit\\\/therapeutische-verkoelende-mist-copie-copie-copie-copie-copie-copie\\\/#primaryimage\"},\"thumbnailUrl\":\"https:\\\/\\\/www.hairandskin.eu\\\/wp-content\\\/uploads\\\/2024\\\/11\\\/NATULIQUE-HAIR-BOND-Leave-In-Mask-6.jpg\",\"datePublished\":\"2024-11-22T16:25:37+00:00\",\"dateModified\":\"2025-04-16T07:10:33+00:00\",\"description\":\"Natulique Hair Bond leave-in masker herstelt gespleten haarpunten en corrigeert onvolkomenheden. Het transformeert droog, beschadigd en broos haar in diep gehydrateerd, glad en glanzend haar.\",\"breadcrumb\":{\"@id\":\"https:\\\/\\\/www.hairandskin.eu\\\/nl\\\/produit\\\/therapeutische-verkoelende-mist-copie-copie-copie-copie-copie-copie\\\/#breadcrumb\"},\"inLanguage\":\"nl-NL\",\"potentialAction\":[{\"@type\":\"ReadAction\",\"target\":[\"https:\\\/\\\/www.hairandskin.eu\\\/nl\\\/produit\\\/therapeutische-verkoelende-mist-copie-copie-copie-copie-copie-copie\\\/\"]}]},{\"@type\":\"ImageObject\",\"inLanguage\":\"nl-NL\",\"@id\":\"https:\\\/\\\/www.hairandskin.eu\\\/nl\\\/produit\\\/therapeutische-verkoelende-mist-copie-copie-copie-copie-copie-copie\\\/#primaryimage\",\"url\":\"https:\\\/\\\/www.hairandskin.eu\\\/wp-content\\\/uploads\\\/2024\\\/11\\\/NATULIQUE-HAIR-BOND-Leave-In-Mask-6.jpg\",\"contentUrl\":\"https:\\\/\\\/www.hairandskin.eu\\\/wp-content\\\/uploads\\\/2024\\\/11\\\/NATULIQUE-HAIR-BOND-Leave-In-Mask-6.jpg\",\"width\":800,\"height\":1200,\"caption\":\"Natulique Hair Bond LEAVE-IN MASKER\"},{\"@type\":\"BreadcrumbList\",\"@id\":\"https:\\\/\\\/www.hairandskin.eu\\\/nl\\\/produit\\\/therapeutische-verkoelende-mist-copie-copie-copie-copie-copie-copie\\\/#breadcrumb\",\"itemListElement\":[{\"@type\":\"ListItem\",\"position\":1,\"name\":\"Accueil\",\"item\":\"https:\\\/\\\/www.hairandskin.eu\\\/nl\\\/\"},{\"@type\":\"ListItem\",\"position\":2,\"name\":\"Winkel\",\"item\":\"https:\\\/\\\/www.hairandskin.eu\\\/nl\\\/winkel\\\/\"},{\"@type\":\"ListItem\",\"position\":3,\"name\":\"Hair Bond 6 leave-in masker\"}]},{\"@type\":\"WebSite\",\"@id\":\"https:\\\/\\\/www.hairandskin.eu\\\/nl\\\/#website\",\"url\":\"https:\\\/\\\/www.hairandskin.eu\\\/nl\\\/\",\"name\":\"Hairandskin\",\"description\":\"Soins du cheveu et de la peau, aromath\u00e9rapie, cosm\u00e9tique, shampooing, conditioner\",\"publisher\":{\"@id\":\"https:\\\/\\\/www.hairandskin.eu\\\/nl\\\/#organization\"},\"potentialAction\":[{\"@type\":\"SearchAction\",\"target\":{\"@type\":\"EntryPoint\",\"urlTemplate\":\"https:\\\/\\\/www.hairandskin.eu\\\/nl\\\/?s={search_term_string}\"},\"query-input\":{\"@type\":\"PropertyValueSpecification\",\"valueRequired\":true,\"valueName\":\"search_term_string\"}}],\"inLanguage\":\"nl-NL\"},{\"@type\":\"Organization\",\"@id\":\"https:\\\/\\\/www.hairandskin.eu\\\/nl\\\/#organization\",\"name\":\"Hairandskin\",\"url\":\"https:\\\/\\\/www.hairandskin.eu\\\/nl\\\/\",\"logo\":{\"@type\":\"ImageObject\",\"inLanguage\":\"nl-NL\",\"@id\":\"https:\\\/\\\/www.hairandskin.eu\\\/nl\\\/#\\\/schema\\\/logo\\\/image\\\/\",\"url\":\"https:\\\/\\\/www.hairandskin.eu\\\/wp-content\\\/uploads\\\/2016\\\/10\\\/naturame_logo.png\",\"contentUrl\":\"https:\\\/\\\/www.hairandskin.eu\\\/wp-content\\\/uploads\\\/2016\\\/10\\\/naturame_logo.png\",\"width\":100,\"height\":80,\"caption\":\"Hairandskin\"},\"image\":{\"@id\":\"https:\\\/\\\/www.hairandskin.eu\\\/nl\\\/#\\\/schema\\\/logo\\\/image\\\/\"},\"sameAs\":[\"https:\\\/\\\/www.facebook.com\\\/hairandskin.shop\\\/\",\"https:\\\/\\\/www.instagram.com\\\/hairandskin.shop\\\/\"],\"vatID\":\"BE0897803393\"}]}<\/script>\n<!-- \/ Yoast SEO Premium plugin. -->","yoast_head_json":{"title":"Natulique Hair Bond leave-in masker","description":"Natulique Hair Bond leave-in masker herstelt gespleten haarpunten en corrigeert onvolkomenheden. Het transformeert droog, beschadigd en broos haar in diep gehydrateerd, glad en glanzend haar.","robots":{"index":"index","follow":"follow","max-snippet":"max-snippet:-1","max-image-preview":"max-image-preview:large","max-video-preview":"max-video-preview:-1"},"canonical":"https:\/\/www.hairandskin.eu\/nl\/produit\/therapeutische-verkoelende-mist-copie-copie-copie-copie-copie-copie\/","og_locale":"nl_NL","og_type":"article","og_title":"Hair Bond 6 leave-in masker","og_description":"Natulique Hair Bond leave-in masker herstelt gespleten haarpunten en corrigeert onvolkomenheden. Het transformeert droog, beschadigd en broos haar in diep gehydrateerd, glad en glanzend haar.","og_url":"https:\/\/www.hairandskin.eu\/nl\/produit\/therapeutische-verkoelende-mist-copie-copie-copie-copie-copie-copie\/","og_site_name":"Hairandskin","article_publisher":"https:\/\/www.facebook.com\/hairandskin.shop\/","article_modified_time":"2025-04-16T07:10:33+00:00","og_image":[{"width":800,"height":1200,"url":"https:\/\/www.hairandskin.eu\/wp-content\/uploads\/2024\/11\/NATULIQUE-HAIR-BOND-Leave-In-Mask-6.jpg","type":"image\/jpeg"}],"schema":{"@context":"https:\/\/schema.org","@graph":[{"@type":["WebPage","ItemPage"],"@id":"https:\/\/www.hairandskin.eu\/nl\/produit\/therapeutische-verkoelende-mist-copie-copie-copie-copie-copie-copie\/","url":"https:\/\/www.hairandskin.eu\/nl\/produit\/therapeutische-verkoelende-mist-copie-copie-copie-copie-copie-copie\/","name":"Natulique Hair Bond leave-in masker","isPartOf":{"@id":"https:\/\/www.hairandskin.eu\/nl\/#website"},"primaryImageOfPage":{"@id":"https:\/\/www.hairandskin.eu\/nl\/produit\/therapeutische-verkoelende-mist-copie-copie-copie-copie-copie-copie\/#primaryimage"},"image":{"@id":"https:\/\/www.hairandskin.eu\/nl\/produit\/therapeutische-verkoelende-mist-copie-copie-copie-copie-copie-copie\/#primaryimage"},"thumbnailUrl":"https:\/\/www.hairandskin.eu\/wp-content\/uploads\/2024\/11\/NATULIQUE-HAIR-BOND-Leave-In-Mask-6.jpg","datePublished":"2024-11-22T16:25:37+00:00","dateModified":"2025-04-16T07:10:33+00:00","description":"Natulique Hair Bond leave-in masker herstelt gespleten haarpunten en corrigeert onvolkomenheden. Het transformeert droog, beschadigd en broos haar in diep gehydrateerd, glad en glanzend haar.","breadcrumb":{"@id":"https:\/\/www.hairandskin.eu\/nl\/produit\/therapeutische-verkoelende-mist-copie-copie-copie-copie-copie-copie\/#breadcrumb"},"inLanguage":"nl-NL","potentialAction":[{"@type":"ReadAction","target":["https:\/\/www.hairandskin.eu\/nl\/produit\/therapeutische-verkoelende-mist-copie-copie-copie-copie-copie-copie\/"]}]},{"@type":"ImageObject","inLanguage":"nl-NL","@id":"https:\/\/www.hairandskin.eu\/nl\/produit\/therapeutische-verkoelende-mist-copie-copie-copie-copie-copie-copie\/#primaryimage","url":"https:\/\/www.hairandskin.eu\/wp-content\/uploads\/2024\/11\/NATULIQUE-HAIR-BOND-Leave-In-Mask-6.jpg","contentUrl":"https:\/\/www.hairandskin.eu\/wp-content\/uploads\/2024\/11\/NATULIQUE-HAIR-BOND-Leave-In-Mask-6.jpg","width":800,"height":1200,"caption":"Natulique Hair Bond LEAVE-IN MASKER"},{"@type":"BreadcrumbList","@id":"https:\/\/www.hairandskin.eu\/nl\/produit\/therapeutische-verkoelende-mist-copie-copie-copie-copie-copie-copie\/#breadcrumb","itemListElement":[{"@type":"ListItem","position":1,"name":"Accueil","item":"https:\/\/www.hairandskin.eu\/nl\/"},{"@type":"ListItem","position":2,"name":"Winkel","item":"https:\/\/www.hairandskin.eu\/nl\/winkel\/"},{"@type":"ListItem","position":3,"name":"Hair Bond 6 leave-in masker"}]},{"@type":"WebSite","@id":"https:\/\/www.hairandskin.eu\/nl\/#website","url":"https:\/\/www.hairandskin.eu\/nl\/","name":"Hairandskin","description":"Soins du cheveu et de la peau, aromath\u00e9rapie, cosm\u00e9tique, shampooing, conditioner","publisher":{"@id":"https:\/\/www.hairandskin.eu\/nl\/#organization"},"potentialAction":[{"@type":"SearchAction","target":{"@type":"EntryPoint","urlTemplate":"https:\/\/www.hairandskin.eu\/nl\/?s={search_term_string}"},"query-input":{"@type":"PropertyValueSpecification","valueRequired":true,"valueName":"search_term_string"}}],"inLanguage":"nl-NL"},{"@type":"Organization","@id":"https:\/\/www.hairandskin.eu\/nl\/#organization","name":"Hairandskin","url":"https:\/\/www.hairandskin.eu\/nl\/","logo":{"@type":"ImageObject","inLanguage":"nl-NL","@id":"https:\/\/www.hairandskin.eu\/nl\/#\/schema\/logo\/image\/","url":"https:\/\/www.hairandskin.eu\/wp-content\/uploads\/2016\/10\/naturame_logo.png","contentUrl":"https:\/\/www.hairandskin.eu\/wp-content\/uploads\/2016\/10\/naturame_logo.png","width":100,"height":80,"caption":"Hairandskin"},"image":{"@id":"https:\/\/www.hairandskin.eu\/nl\/#\/schema\/logo\/image\/"},"sameAs":["https:\/\/www.facebook.com\/hairandskin.shop\/","https:\/\/www.instagram.com\/hairandskin.shop\/"],"vatID":"BE0897803393"}]}},"_links":{"self":[{"href":"https:\/\/www.hairandskin.eu\/nl\/wp-json\/wp\/v2\/product\/13051","targetHints":{"allow":["GET"]}}],"collection":[{"href":"https:\/\/www.hairandskin.eu\/nl\/wp-json\/wp\/v2\/product"}],"about":[{"href":"https:\/\/www.hairandskin.eu\/nl\/wp-json\/wp\/v2\/types\/product"}],"replies":[{"embeddable":true,"href":"https:\/\/www.hairandskin.eu\/nl\/wp-json\/wp\/v2\/comments?post=13051"}],"wp:featuredmedia":[{"embeddable":true,"href":"https:\/\/www.hairandskin.eu\/nl\/wp-json\/wp\/v2\/media\/13053"}],"wp:attachment":[{"href":"https:\/\/www.hairandskin.eu\/nl\/wp-json\/wp\/v2\/media?parent=13051"}],"wp:term":[{"taxonomy":"product_brand","embeddable":true,"href":"https:\/\/www.hairandskin.eu\/nl\/wp-json\/wp\/v2\/product_brand?post=13051"},{"taxonomy":"product_cat","embeddable":true,"href":"https:\/\/www.hairandskin.eu\/nl\/wp-json\/wp\/v2\/product_cat?post=13051"},{"taxonomy":"product_tag","embeddable":true,"href":"https:\/\/www.hairandskin.eu\/nl\/wp-json\/wp\/v2\/product_tag?post=13051"}],"curies":[{"name":"wp","href":"https:\/\/api.w.org\/{rel}","templated":true}]}}