{"id":12999,"date":"2024-11-17T17:14:16","date_gmt":"2024-11-17T16:14:16","guid":{"rendered":"https:\/\/www.hairandskin.eu\/?post_type=product&#038;p=12999"},"modified":"2025-03-19T17:07:53","modified_gmt":"2025-03-19T16:07:53","slug":"therapeutische-verkoelende-mist-copie","status":"publish","type":"product","link":"https:\/\/www.hairandskin.eu\/nl\/produit\/therapeutische-verkoelende-mist-copie\/","title":{"rendered":"Hair Bond 1 Intrinsieke additieve behandeling"},"content":{"rendered":"<p><strong>Natulique Hair Bond Intrinsic Additive<\/strong> is de eerste stap in een haarvezelherstelbehandeling met het BioActive complex.<\/p>\n<p>Het brengt de interne structuur van het haar terug naar een meer natuurlijke staat met behoud van kracht en gezondheid en herstelt de soepelheid. Met een lichte, frisse geur is het de eerste essenti\u00eble stap in het herstellen van beschadigde bindingen. <\/p>\n<p>Het helpt beschadigde bindingen veroorzaakt door hitte, chemicali\u00ebn en kleurstoffen om te keren en te herstellen in \u00e9\u00e9n enkele behandeling (bij gebruik met het complete 3-stappen-systeem).<br \/>\n<strong>BioActive Complex<\/strong> is een behandeling op plantaardige basis die beschadigd haar herstelt en opnieuw opbouwt door nieuwe bindingen met de keratine van je haar te cre\u00ebren. Het gepatenteerde BioActive Complex bestaat uit kleine micro-moleculen die gemakkelijk het haar binnendringen om de interactie binnen de keratine cortex te optimaliseren. Het herstelt haarbeschadiging veroorzaakt door chemicali\u00ebn, kleuren en hitte.  <\/p>\n<p>Je zult merken dat je haar gezonder, zachter en glanzender is en minder snel breekt.<\/p>\n<p>De 3 fasen van het professionele Bond Repair protocol:<\/p>\n<ol>\n<li><strong>Bond Repair Intrinsic Additive<\/strong><br \/>\nEen professionele oplossing die gebroken haarvezels diepgaand herstelt en opnieuw opbouwt, met behoud van kracht en vitaliteit. Vergemakkelijkt styling met een zachte, frisse geur. <\/li>\n<li><strong>Bond Repair Intrinsic Strengthener<\/strong><br \/>\nEen geconcentreerd masker op plantaardige basis dat beschadigde haarvezels diepgaand herstelt, breuk vermindert, glans en zachtheid toevoegt en voor intense hydratatie zorgt. Het masker is speciaal ontworpen om de interactie tussen meerdere bindingen te verbeteren en bevat een gepatenteerd herstelcomplex, evenals oli\u00ebn en extracten. <\/li>\n<li><strong>Bond Repair Intrinsic Maintenance<\/strong><br \/>\nBehoudt de resultaten van de behandeling en maakt het haar gezond en opvallend glanzend. Het gepatenteerde complex herstelt vezels die beschadigd zijn door het gebruik van verwarmde gereedschappen, chemische behandelingen en haarkleuring. <\/li>\n<\/ol>\n<p>We adviseren om de werking van de behandeling te verlengen door Bon Repair shampoo, treatment en masker te gebruiken.<\/p>\n","protected":false},"excerpt":{"rendered":"<p><strong>Natulique Hair Bond Intrinsic Additive<\/strong> is de eerste stap in de BioActive haarvezelherstelbehandeling.<br \/>\nHet herstelt en reconstrueert gebroken haarvezels in de diepte en herstelt de kracht en vitaliteit van je haar.<\/p>\n","protected":false},"featured_media":13001,"comment_status":"open","ping_status":"closed","template":"","meta":[],"product_brand":[],"product_cat":[1124,1126,1125,1132],"product_tag":[1301],"class_list":{"0":"post-12999","1":"product","2":"type-product","3":"status-publish","4":"has-post-thumbnail","6":"product_cat-haarverzorging","7":"product_cat-haarverzorging-nl","8":"product_cat-natulique-nl","9":"product_cat-verzorging-en-maskers","10":"product_tag-hair-bond-nl","11":"pa_advised_for-beschadigd-haar","12":"pa_advised_for-gebroken-haar","13":"pa_advised_for-gekleurd-haar","14":"pa_advised_for-haarproblemen","15":"pa_advised_for-vorken","16":"pa_brand-natulique-nl","17":"pa_gamme-organic","18":"pa_quantity_vol-500-ml","20":"first","21":"instock","22":"taxable","23":"shipping-taxable","24":"purchasable","25":"product-type-simple"},"yoast_head":"<!-- This site is optimized with the Yoast SEO Premium plugin v27.3 (Yoast SEO v27.3) - https:\/\/yoast.com\/product\/yoast-seo-premium-wordpress\/ -->\n<title>Natulique Haarbinding Intrinsiek Additief<\/title>\n<meta name=\"description\" content=\"Natulique Hair Bond Intrinsic Additive is de eerste stap in de BioActive haarvezelherstelbehandeling.\" \/>\n<meta name=\"robots\" content=\"index, follow, max-snippet:-1, max-image-preview:large, max-video-preview:-1\" \/>\n<link rel=\"canonical\" href=\"https:\/\/www.hairandskin.eu\/nl\/produit\/therapeutische-verkoelende-mist-copie\/\" \/>\n<meta property=\"og:locale\" content=\"nl_NL\" \/>\n<meta property=\"og:type\" content=\"article\" \/>\n<meta property=\"og:title\" content=\"Hair Bond 1 Intrinsieke additieve behandeling\" \/>\n<meta property=\"og:description\" content=\"Natulique Hair Bond Intrinsic Additive is de eerste stap in de BioActive haarvezelherstelbehandeling.\" \/>\n<meta property=\"og:url\" content=\"https:\/\/www.hairandskin.eu\/nl\/produit\/therapeutische-verkoelende-mist-copie\/\" \/>\n<meta property=\"og:site_name\" content=\"Hairandskin\" \/>\n<meta property=\"article:publisher\" content=\"https:\/\/www.facebook.com\/hairandskin.shop\/\" \/>\n<meta property=\"article:modified_time\" content=\"2025-03-19T16:07:53+00:00\" \/>\n<meta property=\"og:image\" content=\"https:\/\/www.hairandskin.eu\/wp-content\/uploads\/2024\/11\/NATULIQUE-HAIR-BOND-INTRINSIC-ADDITIVE-1-1200x800-1.jpg\" \/>\n\t<meta property=\"og:image:width\" content=\"800\" \/>\n\t<meta property=\"og:image:height\" content=\"1200\" \/>\n\t<meta property=\"og:image:type\" content=\"image\/jpeg\" \/>\n<script type=\"application\/ld+json\" class=\"yoast-schema-graph\">{\"@context\":\"https:\\\/\\\/schema.org\",\"@graph\":[{\"@type\":[\"WebPage\",\"ItemPage\"],\"@id\":\"https:\\\/\\\/www.hairandskin.eu\\\/nl\\\/produit\\\/therapeutische-verkoelende-mist-copie\\\/\",\"url\":\"https:\\\/\\\/www.hairandskin.eu\\\/nl\\\/produit\\\/therapeutische-verkoelende-mist-copie\\\/\",\"name\":\"Natulique Haarbinding Intrinsiek Additief\",\"isPartOf\":{\"@id\":\"https:\\\/\\\/www.hairandskin.eu\\\/nl\\\/#website\"},\"primaryImageOfPage\":{\"@id\":\"https:\\\/\\\/www.hairandskin.eu\\\/nl\\\/produit\\\/therapeutische-verkoelende-mist-copie\\\/#primaryimage\"},\"image\":{\"@id\":\"https:\\\/\\\/www.hairandskin.eu\\\/nl\\\/produit\\\/therapeutische-verkoelende-mist-copie\\\/#primaryimage\"},\"thumbnailUrl\":\"https:\\\/\\\/www.hairandskin.eu\\\/wp-content\\\/uploads\\\/2024\\\/11\\\/NATULIQUE-HAIR-BOND-INTRINSIC-ADDITIVE-1-1200x800-1.jpg\",\"datePublished\":\"2024-11-17T16:14:16+00:00\",\"dateModified\":\"2025-03-19T16:07:53+00:00\",\"description\":\"Natulique Hair Bond Intrinsic Additive is de eerste stap in de BioActive haarvezelherstelbehandeling.\",\"breadcrumb\":{\"@id\":\"https:\\\/\\\/www.hairandskin.eu\\\/nl\\\/produit\\\/therapeutische-verkoelende-mist-copie\\\/#breadcrumb\"},\"inLanguage\":\"nl-NL\",\"potentialAction\":[{\"@type\":\"ReadAction\",\"target\":[\"https:\\\/\\\/www.hairandskin.eu\\\/nl\\\/produit\\\/therapeutische-verkoelende-mist-copie\\\/\"]}]},{\"@type\":\"ImageObject\",\"inLanguage\":\"nl-NL\",\"@id\":\"https:\\\/\\\/www.hairandskin.eu\\\/nl\\\/produit\\\/therapeutische-verkoelende-mist-copie\\\/#primaryimage\",\"url\":\"https:\\\/\\\/www.hairandskin.eu\\\/wp-content\\\/uploads\\\/2024\\\/11\\\/NATULIQUE-HAIR-BOND-INTRINSIC-ADDITIVE-1-1200x800-1.jpg\",\"contentUrl\":\"https:\\\/\\\/www.hairandskin.eu\\\/wp-content\\\/uploads\\\/2024\\\/11\\\/NATULIQUE-HAIR-BOND-INTRINSIC-ADDITIVE-1-1200x800-1.jpg\",\"width\":800,\"height\":1200,\"caption\":\"Natulique Hair Bond Intrinsiek toevoegingsmiddel\"},{\"@type\":\"BreadcrumbList\",\"@id\":\"https:\\\/\\\/www.hairandskin.eu\\\/nl\\\/produit\\\/therapeutische-verkoelende-mist-copie\\\/#breadcrumb\",\"itemListElement\":[{\"@type\":\"ListItem\",\"position\":1,\"name\":\"Accueil\",\"item\":\"https:\\\/\\\/www.hairandskin.eu\\\/nl\\\/\"},{\"@type\":\"ListItem\",\"position\":2,\"name\":\"Winkel\",\"item\":\"https:\\\/\\\/www.hairandskin.eu\\\/nl\\\/winkel\\\/\"},{\"@type\":\"ListItem\",\"position\":3,\"name\":\"Hair Bond 1 Intrinsieke additieve behandeling\"}]},{\"@type\":\"WebSite\",\"@id\":\"https:\\\/\\\/www.hairandskin.eu\\\/nl\\\/#website\",\"url\":\"https:\\\/\\\/www.hairandskin.eu\\\/nl\\\/\",\"name\":\"Hairandskin\",\"description\":\"Soins du cheveu et de la peau, aromath\u00e9rapie, cosm\u00e9tique, shampooing, conditioner\",\"publisher\":{\"@id\":\"https:\\\/\\\/www.hairandskin.eu\\\/nl\\\/#organization\"},\"potentialAction\":[{\"@type\":\"SearchAction\",\"target\":{\"@type\":\"EntryPoint\",\"urlTemplate\":\"https:\\\/\\\/www.hairandskin.eu\\\/nl\\\/?s={search_term_string}\"},\"query-input\":{\"@type\":\"PropertyValueSpecification\",\"valueRequired\":true,\"valueName\":\"search_term_string\"}}],\"inLanguage\":\"nl-NL\"},{\"@type\":\"Organization\",\"@id\":\"https:\\\/\\\/www.hairandskin.eu\\\/nl\\\/#organization\",\"name\":\"Hairandskin\",\"url\":\"https:\\\/\\\/www.hairandskin.eu\\\/nl\\\/\",\"logo\":{\"@type\":\"ImageObject\",\"inLanguage\":\"nl-NL\",\"@id\":\"https:\\\/\\\/www.hairandskin.eu\\\/nl\\\/#\\\/schema\\\/logo\\\/image\\\/\",\"url\":\"https:\\\/\\\/www.hairandskin.eu\\\/wp-content\\\/uploads\\\/2016\\\/10\\\/naturame_logo.png\",\"contentUrl\":\"https:\\\/\\\/www.hairandskin.eu\\\/wp-content\\\/uploads\\\/2016\\\/10\\\/naturame_logo.png\",\"width\":100,\"height\":80,\"caption\":\"Hairandskin\"},\"image\":{\"@id\":\"https:\\\/\\\/www.hairandskin.eu\\\/nl\\\/#\\\/schema\\\/logo\\\/image\\\/\"},\"sameAs\":[\"https:\\\/\\\/www.facebook.com\\\/hairandskin.shop\\\/\",\"https:\\\/\\\/www.instagram.com\\\/hairandskin.shop\\\/\"],\"vatID\":\"BE0897803393\"}]}<\/script>\n<!-- \/ Yoast SEO Premium plugin. -->","yoast_head_json":{"title":"Natulique Haarbinding Intrinsiek Additief","description":"Natulique Hair Bond Intrinsic Additive is de eerste stap in de BioActive haarvezelherstelbehandeling.","robots":{"index":"index","follow":"follow","max-snippet":"max-snippet:-1","max-image-preview":"max-image-preview:large","max-video-preview":"max-video-preview:-1"},"canonical":"https:\/\/www.hairandskin.eu\/nl\/produit\/therapeutische-verkoelende-mist-copie\/","og_locale":"nl_NL","og_type":"article","og_title":"Hair Bond 1 Intrinsieke additieve behandeling","og_description":"Natulique Hair Bond Intrinsic Additive is de eerste stap in de BioActive haarvezelherstelbehandeling.","og_url":"https:\/\/www.hairandskin.eu\/nl\/produit\/therapeutische-verkoelende-mist-copie\/","og_site_name":"Hairandskin","article_publisher":"https:\/\/www.facebook.com\/hairandskin.shop\/","article_modified_time":"2025-03-19T16:07:53+00:00","og_image":[{"width":800,"height":1200,"url":"https:\/\/www.hairandskin.eu\/wp-content\/uploads\/2024\/11\/NATULIQUE-HAIR-BOND-INTRINSIC-ADDITIVE-1-1200x800-1.jpg","type":"image\/jpeg"}],"schema":{"@context":"https:\/\/schema.org","@graph":[{"@type":["WebPage","ItemPage"],"@id":"https:\/\/www.hairandskin.eu\/nl\/produit\/therapeutische-verkoelende-mist-copie\/","url":"https:\/\/www.hairandskin.eu\/nl\/produit\/therapeutische-verkoelende-mist-copie\/","name":"Natulique Haarbinding Intrinsiek Additief","isPartOf":{"@id":"https:\/\/www.hairandskin.eu\/nl\/#website"},"primaryImageOfPage":{"@id":"https:\/\/www.hairandskin.eu\/nl\/produit\/therapeutische-verkoelende-mist-copie\/#primaryimage"},"image":{"@id":"https:\/\/www.hairandskin.eu\/nl\/produit\/therapeutische-verkoelende-mist-copie\/#primaryimage"},"thumbnailUrl":"https:\/\/www.hairandskin.eu\/wp-content\/uploads\/2024\/11\/NATULIQUE-HAIR-BOND-INTRINSIC-ADDITIVE-1-1200x800-1.jpg","datePublished":"2024-11-17T16:14:16+00:00","dateModified":"2025-03-19T16:07:53+00:00","description":"Natulique Hair Bond Intrinsic Additive is de eerste stap in de BioActive haarvezelherstelbehandeling.","breadcrumb":{"@id":"https:\/\/www.hairandskin.eu\/nl\/produit\/therapeutische-verkoelende-mist-copie\/#breadcrumb"},"inLanguage":"nl-NL","potentialAction":[{"@type":"ReadAction","target":["https:\/\/www.hairandskin.eu\/nl\/produit\/therapeutische-verkoelende-mist-copie\/"]}]},{"@type":"ImageObject","inLanguage":"nl-NL","@id":"https:\/\/www.hairandskin.eu\/nl\/produit\/therapeutische-verkoelende-mist-copie\/#primaryimage","url":"https:\/\/www.hairandskin.eu\/wp-content\/uploads\/2024\/11\/NATULIQUE-HAIR-BOND-INTRINSIC-ADDITIVE-1-1200x800-1.jpg","contentUrl":"https:\/\/www.hairandskin.eu\/wp-content\/uploads\/2024\/11\/NATULIQUE-HAIR-BOND-INTRINSIC-ADDITIVE-1-1200x800-1.jpg","width":800,"height":1200,"caption":"Natulique Hair Bond Intrinsiek toevoegingsmiddel"},{"@type":"BreadcrumbList","@id":"https:\/\/www.hairandskin.eu\/nl\/produit\/therapeutische-verkoelende-mist-copie\/#breadcrumb","itemListElement":[{"@type":"ListItem","position":1,"name":"Accueil","item":"https:\/\/www.hairandskin.eu\/nl\/"},{"@type":"ListItem","position":2,"name":"Winkel","item":"https:\/\/www.hairandskin.eu\/nl\/winkel\/"},{"@type":"ListItem","position":3,"name":"Hair Bond 1 Intrinsieke additieve behandeling"}]},{"@type":"WebSite","@id":"https:\/\/www.hairandskin.eu\/nl\/#website","url":"https:\/\/www.hairandskin.eu\/nl\/","name":"Hairandskin","description":"Soins du cheveu et de la peau, aromath\u00e9rapie, cosm\u00e9tique, shampooing, conditioner","publisher":{"@id":"https:\/\/www.hairandskin.eu\/nl\/#organization"},"potentialAction":[{"@type":"SearchAction","target":{"@type":"EntryPoint","urlTemplate":"https:\/\/www.hairandskin.eu\/nl\/?s={search_term_string}"},"query-input":{"@type":"PropertyValueSpecification","valueRequired":true,"valueName":"search_term_string"}}],"inLanguage":"nl-NL"},{"@type":"Organization","@id":"https:\/\/www.hairandskin.eu\/nl\/#organization","name":"Hairandskin","url":"https:\/\/www.hairandskin.eu\/nl\/","logo":{"@type":"ImageObject","inLanguage":"nl-NL","@id":"https:\/\/www.hairandskin.eu\/nl\/#\/schema\/logo\/image\/","url":"https:\/\/www.hairandskin.eu\/wp-content\/uploads\/2016\/10\/naturame_logo.png","contentUrl":"https:\/\/www.hairandskin.eu\/wp-content\/uploads\/2016\/10\/naturame_logo.png","width":100,"height":80,"caption":"Hairandskin"},"image":{"@id":"https:\/\/www.hairandskin.eu\/nl\/#\/schema\/logo\/image\/"},"sameAs":["https:\/\/www.facebook.com\/hairandskin.shop\/","https:\/\/www.instagram.com\/hairandskin.shop\/"],"vatID":"BE0897803393"}]}},"_links":{"self":[{"href":"https:\/\/www.hairandskin.eu\/nl\/wp-json\/wp\/v2\/product\/12999","targetHints":{"allow":["GET"]}}],"collection":[{"href":"https:\/\/www.hairandskin.eu\/nl\/wp-json\/wp\/v2\/product"}],"about":[{"href":"https:\/\/www.hairandskin.eu\/nl\/wp-json\/wp\/v2\/types\/product"}],"replies":[{"embeddable":true,"href":"https:\/\/www.hairandskin.eu\/nl\/wp-json\/wp\/v2\/comments?post=12999"}],"wp:featuredmedia":[{"embeddable":true,"href":"https:\/\/www.hairandskin.eu\/nl\/wp-json\/wp\/v2\/media\/13001"}],"wp:attachment":[{"href":"https:\/\/www.hairandskin.eu\/nl\/wp-json\/wp\/v2\/media?parent=12999"}],"wp:term":[{"taxonomy":"product_brand","embeddable":true,"href":"https:\/\/www.hairandskin.eu\/nl\/wp-json\/wp\/v2\/product_brand?post=12999"},{"taxonomy":"product_cat","embeddable":true,"href":"https:\/\/www.hairandskin.eu\/nl\/wp-json\/wp\/v2\/product_cat?post=12999"},{"taxonomy":"product_tag","embeddable":true,"href":"https:\/\/www.hairandskin.eu\/nl\/wp-json\/wp\/v2\/product_tag?post=12999"}],"curies":[{"name":"wp","href":"https:\/\/api.w.org\/{rel}","templated":true}]}}