{"id":12701,"date":"2012-07-16T12:29:15","date_gmt":"2012-07-16T10:29:15","guid":{"rendered":"https:\/\/www.hairandskin.eu\/produit\/diep-mahoniebruin-555\/"},"modified":"2025-04-20T11:25:37","modified_gmt":"2025-04-20T11:25:37","slug":"diep-mahoniebruin-555","status":"publish","type":"product","link":"https:\/\/www.hairandskin.eu\/nl\/produit\/diep-mahoniebruin-555\/","title":{"rendered":"Natulique natuurlijke haarkleuring Intense Mahonie Lichtbruin &#8211; 5.55"},"content":{"rendered":"<p>NATULIQUE permanente haarkleuring is zacht en wordt geleverd in cr\u00e8meformaat.<\/p>\n<p>Met NATULIQUE kies je voor een eersteklas haarkleuring met een <strong>complex van 10 natuurlijke en biologische ingredi\u00ebnten<\/strong> voor optimale zachtheid en welzijn. Het gebruik wordt <strong>vooral aanbevolen voor delicaat, gevoelig haar<\/strong>.<\/p>\n<p>Een unieke, exclusieve formule op basis van pure, natuurlijke extracten van zonnebloemzaad, jojoba-olie, abrikozenpitolie en druivenpitolie, activeert de kleur en regenereert het haar dankzij een uitgebalanceerde toevoer van vitaminen en prote\u00efnen.<br \/>\nDe professionele kleuringen van NATULIQUE beschermen het haar, herstructureren het en zorgen ervoor dat de kleur lang houdt in \u00e9\u00e9n enkele behandeling. Essenti\u00eble mandarijn- en citroenextracten en waardevolle perzik- en citroenolie geven het haar zachtheid en glans.<\/p>\n<p>Gecertificeerde natuurlijke ingredi\u00ebnten versterken de werking van ammoniakvrije kleur en zorgen ervoor dat deze langer houdt.<\/p>\n<p><b>Ammoniakvrij, geurvrij, geen ongemak, schitterende kleur en 100% dekking van grijs haar<\/b>.<\/p>\n<p>Om de kleur aan te brengen, meng je deze met een activator (zie gebruiksaanwijzing).<\/p>\n","protected":false},"excerpt":{"rendered":"<p>Natulique Intense Mahonie Lichtbruine Cr\u00e8me haarkleuring, referentie 5.55. Ammoniakvrij, natuurlijke en biologische ingredi\u00ebnten.<\/p>\n","protected":false},"featured_media":10714,"comment_status":"open","ping_status":"closed","template":"","meta":[],"product_brand":[],"product_cat":[1173,1175,1162,1125,1174],"product_tag":[1168,1128],"class_list":{"0":"post-12701","1":"product","2":"type-product","3":"status-publish","4":"has-post-thumbnail","6":"product_cat-kleur","7":"product_cat-kleur-nl","8":"product_cat-merken","9":"product_cat-natulique-nl","10":"product_cat-natulique-kleuren","11":"product_tag-kleur","12":"product_tag-natulique-nl","13":"pa_advised_for-kleur","14":"pa_brand-natulique-nl","15":"pa_gamme-bevat-biologische-ingredienten","16":"pa_name_manufacturer-natulique-intens-rood-lichtbruin-555","17":"pa_quantity_vol-75-ml","18":"pa_used_for-kleur","20":"first","21":"instock","22":"taxable","23":"shipping-taxable","24":"purchasable","25":"product-type-simple"},"yoast_head":"<!-- This site is optimized with the Yoast SEO Premium plugin v27.3 (Yoast SEO v27.3) - https:\/\/yoast.com\/product\/yoast-seo-premium-wordpress\/ -->\n<title>Natulique Kleur Intense Mahonie Lichtbruin 5.55 natuurlijke cr\u00e8me<\/title>\n<meta name=\"description\" content=\"Natulique Permanente Haarkleuring Intense Mahonie Lichtbruin Eersteklas kleuring met natuurlijke en biologische ingredi\u00ebnten voor optimale zachtheid en welzijn\" \/>\n<meta name=\"robots\" content=\"index, follow, max-snippet:-1, max-image-preview:large, max-video-preview:-1\" \/>\n<link rel=\"canonical\" href=\"https:\/\/www.hairandskin.eu\/nl\/produit\/diep-mahoniebruin-555\/\" \/>\n<meta property=\"og:locale\" content=\"nl_NL\" \/>\n<meta property=\"og:type\" content=\"article\" \/>\n<meta property=\"og:title\" content=\"Natulique natuurlijke haarkleuring Intense Mahonie Lichtbruin - 5.55\" \/>\n<meta property=\"og:description\" content=\"Natulique Permanente Haarkleuring Intense Mahonie Lichtbruin Eersteklas kleuring met natuurlijke en biologische ingredi\u00ebnten voor optimale zachtheid en welzijn\" \/>\n<meta property=\"og:url\" content=\"https:\/\/www.hairandskin.eu\/nl\/produit\/diep-mahoniebruin-555\/\" \/>\n<meta property=\"og:site_name\" content=\"Hairandskin\" \/>\n<meta property=\"article:publisher\" content=\"https:\/\/www.facebook.com\/hairandskin.shop\/\" \/>\n<meta property=\"article:modified_time\" content=\"2025-04-20T11:25:37+00:00\" \/>\n<meta property=\"og:image\" content=\"https:\/\/www.hairandskin.eu\/wp-content\/uploads\/2016\/12\/5-55-intense-red-light-brown.jpg\" \/>\n\t<meta property=\"og:image:width\" content=\"750\" \/>\n\t<meta property=\"og:image:height\" content=\"750\" \/>\n\t<meta property=\"og:image:type\" content=\"image\/jpeg\" \/>\n<script type=\"application\/ld+json\" class=\"yoast-schema-graph\">{\"@context\":\"https:\\\/\\\/schema.org\",\"@graph\":[{\"@type\":[\"WebPage\",\"ItemPage\"],\"@id\":\"https:\\\/\\\/www.hairandskin.eu\\\/nl\\\/produit\\\/diep-mahoniebruin-555\\\/\",\"url\":\"https:\\\/\\\/www.hairandskin.eu\\\/nl\\\/produit\\\/diep-mahoniebruin-555\\\/\",\"name\":\"Natulique Kleur Intense Mahonie Lichtbruin 5.55 natuurlijke cr\u00e8me\",\"isPartOf\":{\"@id\":\"https:\\\/\\\/www.hairandskin.eu\\\/nl\\\/#website\"},\"primaryImageOfPage\":{\"@id\":\"https:\\\/\\\/www.hairandskin.eu\\\/nl\\\/produit\\\/diep-mahoniebruin-555\\\/#primaryimage\"},\"image\":{\"@id\":\"https:\\\/\\\/www.hairandskin.eu\\\/nl\\\/produit\\\/diep-mahoniebruin-555\\\/#primaryimage\"},\"thumbnailUrl\":\"https:\\\/\\\/www.hairandskin.eu\\\/wp-content\\\/uploads\\\/2016\\\/12\\\/5-55-intense-red-light-brown.jpg\",\"datePublished\":\"2012-07-16T10:29:15+00:00\",\"dateModified\":\"2025-04-20T11:25:37+00:00\",\"description\":\"Natulique Permanente Haarkleuring Intense Mahonie Lichtbruin Eersteklas kleuring met natuurlijke en biologische ingredi\u00ebnten voor optimale zachtheid en welzijn\",\"breadcrumb\":{\"@id\":\"https:\\\/\\\/www.hairandskin.eu\\\/nl\\\/produit\\\/diep-mahoniebruin-555\\\/#breadcrumb\"},\"inLanguage\":\"nl-NL\",\"potentialAction\":[{\"@type\":\"ReadAction\",\"target\":[\"https:\\\/\\\/www.hairandskin.eu\\\/nl\\\/produit\\\/diep-mahoniebruin-555\\\/\"]}]},{\"@type\":\"ImageObject\",\"inLanguage\":\"nl-NL\",\"@id\":\"https:\\\/\\\/www.hairandskin.eu\\\/nl\\\/produit\\\/diep-mahoniebruin-555\\\/#primaryimage\",\"url\":\"https:\\\/\\\/www.hairandskin.eu\\\/wp-content\\\/uploads\\\/2016\\\/12\\\/5-55-intense-red-light-brown.jpg\",\"contentUrl\":\"https:\\\/\\\/www.hairandskin.eu\\\/wp-content\\\/uploads\\\/2016\\\/12\\\/5-55-intense-red-light-brown.jpg\",\"width\":750,\"height\":750,\"caption\":\"Natulique 5.55 Intense Mahonie Lichtbruin\"},{\"@type\":\"BreadcrumbList\",\"@id\":\"https:\\\/\\\/www.hairandskin.eu\\\/nl\\\/produit\\\/diep-mahoniebruin-555\\\/#breadcrumb\",\"itemListElement\":[{\"@type\":\"ListItem\",\"position\":1,\"name\":\"Accueil\",\"item\":\"https:\\\/\\\/www.hairandskin.eu\\\/nl\\\/\"},{\"@type\":\"ListItem\",\"position\":2,\"name\":\"Winkel\",\"item\":\"https:\\\/\\\/www.hairandskin.eu\\\/nl\\\/winkel\\\/\"},{\"@type\":\"ListItem\",\"position\":3,\"name\":\"Intense Mahonie Lichtbruin &#8211; 5.55\"}]},{\"@type\":\"WebSite\",\"@id\":\"https:\\\/\\\/www.hairandskin.eu\\\/nl\\\/#website\",\"url\":\"https:\\\/\\\/www.hairandskin.eu\\\/nl\\\/\",\"name\":\"Hairandskin\",\"description\":\"Soins du cheveu et de la peau, aromath\u00e9rapie, cosm\u00e9tique, shampooing, conditioner\",\"publisher\":{\"@id\":\"https:\\\/\\\/www.hairandskin.eu\\\/nl\\\/#organization\"},\"potentialAction\":[{\"@type\":\"SearchAction\",\"target\":{\"@type\":\"EntryPoint\",\"urlTemplate\":\"https:\\\/\\\/www.hairandskin.eu\\\/nl\\\/?s={search_term_string}\"},\"query-input\":{\"@type\":\"PropertyValueSpecification\",\"valueRequired\":true,\"valueName\":\"search_term_string\"}}],\"inLanguage\":\"nl-NL\"},{\"@type\":\"Organization\",\"@id\":\"https:\\\/\\\/www.hairandskin.eu\\\/nl\\\/#organization\",\"name\":\"Hairandskin\",\"url\":\"https:\\\/\\\/www.hairandskin.eu\\\/nl\\\/\",\"logo\":{\"@type\":\"ImageObject\",\"inLanguage\":\"nl-NL\",\"@id\":\"https:\\\/\\\/www.hairandskin.eu\\\/nl\\\/#\\\/schema\\\/logo\\\/image\\\/\",\"url\":\"https:\\\/\\\/www.hairandskin.eu\\\/wp-content\\\/uploads\\\/2016\\\/10\\\/naturame_logo.png\",\"contentUrl\":\"https:\\\/\\\/www.hairandskin.eu\\\/wp-content\\\/uploads\\\/2016\\\/10\\\/naturame_logo.png\",\"width\":100,\"height\":80,\"caption\":\"Hairandskin\"},\"image\":{\"@id\":\"https:\\\/\\\/www.hairandskin.eu\\\/nl\\\/#\\\/schema\\\/logo\\\/image\\\/\"},\"sameAs\":[\"https:\\\/\\\/www.facebook.com\\\/hairandskin.shop\\\/\",\"https:\\\/\\\/www.instagram.com\\\/hairandskin.shop\\\/\"],\"vatID\":\"BE0897803393\"}]}<\/script>\n<!-- \/ Yoast SEO Premium plugin. -->","yoast_head_json":{"title":"Natulique Kleur Intense Mahonie Lichtbruin 5.55 natuurlijke cr\u00e8me","description":"Natulique Permanente Haarkleuring Intense Mahonie Lichtbruin Eersteklas kleuring met natuurlijke en biologische ingredi\u00ebnten voor optimale zachtheid en welzijn","robots":{"index":"index","follow":"follow","max-snippet":"max-snippet:-1","max-image-preview":"max-image-preview:large","max-video-preview":"max-video-preview:-1"},"canonical":"https:\/\/www.hairandskin.eu\/nl\/produit\/diep-mahoniebruin-555\/","og_locale":"nl_NL","og_type":"article","og_title":"Natulique natuurlijke haarkleuring Intense Mahonie Lichtbruin - 5.55","og_description":"Natulique Permanente Haarkleuring Intense Mahonie Lichtbruin Eersteklas kleuring met natuurlijke en biologische ingredi\u00ebnten voor optimale zachtheid en welzijn","og_url":"https:\/\/www.hairandskin.eu\/nl\/produit\/diep-mahoniebruin-555\/","og_site_name":"Hairandskin","article_publisher":"https:\/\/www.facebook.com\/hairandskin.shop\/","article_modified_time":"2025-04-20T11:25:37+00:00","og_image":[{"width":750,"height":750,"url":"https:\/\/www.hairandskin.eu\/wp-content\/uploads\/2016\/12\/5-55-intense-red-light-brown.jpg","type":"image\/jpeg"}],"schema":{"@context":"https:\/\/schema.org","@graph":[{"@type":["WebPage","ItemPage"],"@id":"https:\/\/www.hairandskin.eu\/nl\/produit\/diep-mahoniebruin-555\/","url":"https:\/\/www.hairandskin.eu\/nl\/produit\/diep-mahoniebruin-555\/","name":"Natulique Kleur Intense Mahonie Lichtbruin 5.55 natuurlijke cr\u00e8me","isPartOf":{"@id":"https:\/\/www.hairandskin.eu\/nl\/#website"},"primaryImageOfPage":{"@id":"https:\/\/www.hairandskin.eu\/nl\/produit\/diep-mahoniebruin-555\/#primaryimage"},"image":{"@id":"https:\/\/www.hairandskin.eu\/nl\/produit\/diep-mahoniebruin-555\/#primaryimage"},"thumbnailUrl":"https:\/\/www.hairandskin.eu\/wp-content\/uploads\/2016\/12\/5-55-intense-red-light-brown.jpg","datePublished":"2012-07-16T10:29:15+00:00","dateModified":"2025-04-20T11:25:37+00:00","description":"Natulique Permanente Haarkleuring Intense Mahonie Lichtbruin Eersteklas kleuring met natuurlijke en biologische ingredi\u00ebnten voor optimale zachtheid en welzijn","breadcrumb":{"@id":"https:\/\/www.hairandskin.eu\/nl\/produit\/diep-mahoniebruin-555\/#breadcrumb"},"inLanguage":"nl-NL","potentialAction":[{"@type":"ReadAction","target":["https:\/\/www.hairandskin.eu\/nl\/produit\/diep-mahoniebruin-555\/"]}]},{"@type":"ImageObject","inLanguage":"nl-NL","@id":"https:\/\/www.hairandskin.eu\/nl\/produit\/diep-mahoniebruin-555\/#primaryimage","url":"https:\/\/www.hairandskin.eu\/wp-content\/uploads\/2016\/12\/5-55-intense-red-light-brown.jpg","contentUrl":"https:\/\/www.hairandskin.eu\/wp-content\/uploads\/2016\/12\/5-55-intense-red-light-brown.jpg","width":750,"height":750,"caption":"Natulique 5.55 Intense Mahonie Lichtbruin"},{"@type":"BreadcrumbList","@id":"https:\/\/www.hairandskin.eu\/nl\/produit\/diep-mahoniebruin-555\/#breadcrumb","itemListElement":[{"@type":"ListItem","position":1,"name":"Accueil","item":"https:\/\/www.hairandskin.eu\/nl\/"},{"@type":"ListItem","position":2,"name":"Winkel","item":"https:\/\/www.hairandskin.eu\/nl\/winkel\/"},{"@type":"ListItem","position":3,"name":"Intense Mahonie Lichtbruin &#8211; 5.55"}]},{"@type":"WebSite","@id":"https:\/\/www.hairandskin.eu\/nl\/#website","url":"https:\/\/www.hairandskin.eu\/nl\/","name":"Hairandskin","description":"Soins du cheveu et de la peau, aromath\u00e9rapie, cosm\u00e9tique, shampooing, conditioner","publisher":{"@id":"https:\/\/www.hairandskin.eu\/nl\/#organization"},"potentialAction":[{"@type":"SearchAction","target":{"@type":"EntryPoint","urlTemplate":"https:\/\/www.hairandskin.eu\/nl\/?s={search_term_string}"},"query-input":{"@type":"PropertyValueSpecification","valueRequired":true,"valueName":"search_term_string"}}],"inLanguage":"nl-NL"},{"@type":"Organization","@id":"https:\/\/www.hairandskin.eu\/nl\/#organization","name":"Hairandskin","url":"https:\/\/www.hairandskin.eu\/nl\/","logo":{"@type":"ImageObject","inLanguage":"nl-NL","@id":"https:\/\/www.hairandskin.eu\/nl\/#\/schema\/logo\/image\/","url":"https:\/\/www.hairandskin.eu\/wp-content\/uploads\/2016\/10\/naturame_logo.png","contentUrl":"https:\/\/www.hairandskin.eu\/wp-content\/uploads\/2016\/10\/naturame_logo.png","width":100,"height":80,"caption":"Hairandskin"},"image":{"@id":"https:\/\/www.hairandskin.eu\/nl\/#\/schema\/logo\/image\/"},"sameAs":["https:\/\/www.facebook.com\/hairandskin.shop\/","https:\/\/www.instagram.com\/hairandskin.shop\/"],"vatID":"BE0897803393"}]}},"_links":{"self":[{"href":"https:\/\/www.hairandskin.eu\/nl\/wp-json\/wp\/v2\/product\/12701","targetHints":{"allow":["GET"]}}],"collection":[{"href":"https:\/\/www.hairandskin.eu\/nl\/wp-json\/wp\/v2\/product"}],"about":[{"href":"https:\/\/www.hairandskin.eu\/nl\/wp-json\/wp\/v2\/types\/product"}],"replies":[{"embeddable":true,"href":"https:\/\/www.hairandskin.eu\/nl\/wp-json\/wp\/v2\/comments?post=12701"}],"wp:featuredmedia":[{"embeddable":true,"href":"https:\/\/www.hairandskin.eu\/nl\/wp-json\/wp\/v2\/media\/10714"}],"wp:attachment":[{"href":"https:\/\/www.hairandskin.eu\/nl\/wp-json\/wp\/v2\/media?parent=12701"}],"wp:term":[{"taxonomy":"product_brand","embeddable":true,"href":"https:\/\/www.hairandskin.eu\/nl\/wp-json\/wp\/v2\/product_brand?post=12701"},{"taxonomy":"product_cat","embeddable":true,"href":"https:\/\/www.hairandskin.eu\/nl\/wp-json\/wp\/v2\/product_cat?post=12701"},{"taxonomy":"product_tag","embeddable":true,"href":"https:\/\/www.hairandskin.eu\/nl\/wp-json\/wp\/v2\/product_tag?post=12701"}],"curies":[{"name":"wp","href":"https:\/\/api.w.org\/{rel}","templated":true}]}}