{"id":12579,"date":"2024-07-07T18:28:29","date_gmt":"2024-07-07T16:28:29","guid":{"rendered":"https:\/\/www.hairandskin.eu\/?post_type=product&#038;p=12579"},"modified":"2024-07-25T08:55:56","modified_gmt":"2024-07-25T06:55:56","slug":"sachajuan-zilver-shampoo-copie-copie-copie","status":"publish","type":"product","link":"https:\/\/www.hairandskin.eu\/nl\/produit\/sachajuan-zilver-shampoo-copie-copie-copie\/","title":{"rendered":"Sachajuan Cr\u00e8me Oceaannevel"},"content":{"rendered":"<p>Lichtblauw stylingproduct op gelbasis met een cr\u00e8mige formule die zich gemakkelijk in het haar vormt en grip, volume en textuur toevoegt. Ideaal voor gebruik v\u00f3\u00f3r het f\u00f6hnen of met een diffuser om strandwaardige krullen te cre\u00ebren. Voordelen: &#8211; Geeft het haar een tweede dag gevoel &#8211; Voegt volume en textuur toe &#8211; Uitstekende kruldefinitie &#8211; Kan gebruikt worden voor f\u00f6hnen &#8211; Het ideale basisproduct voor styling &#8211; Veganistisch en Cruelty-Free &#8211; Parabeenvrij<\/p>\n","protected":false},"excerpt":{"rendered":"<p>Stylinggel die volume en textuur toevoegt, ideaal voor beach looks en kruldefinitie.<\/p>\n","protected":false},"featured_media":12571,"comment_status":"open","ping_status":"closed","template":"","meta":[],"product_brand":[],"product_cat":[1110,1138],"product_tag":[1129,1185],"class_list":{"0":"post-12579","1":"product","2":"type-product","3":"status-publish","4":"has-post-thumbnail","6":"product_cat-sachajuan-nl","7":"product_cat-styling","8":"product_tag-krullen","9":"product_tag-styling","10":"pa_advised_for-alle-haartypes","11":"pa_advised_for-fijn-haar","12":"pa_brand-sachajuan-nl","13":"pa_name_manufacturer-sachajuan-creme-oceaannevel","14":"pa_quantity_vol-125-ml","15":"pa_used_for-styling","17":"first","18":"instock","19":"taxable","20":"shipping-taxable","21":"purchasable","22":"product-type-simple"},"yoast_head":"<!-- This site is optimized with the Yoast SEO Premium plugin v27.3 (Yoast SEO v27.3) - https:\/\/yoast.com\/product\/yoast-seo-premium-wordpress\/ -->\n<title>Sachajuan Cr\u00e8me Oceaannevel - Hairandskin<\/title>\n<meta name=\"description\" content=\"Stylinggel die volume en textuur toevoegt, ideaal voor beach looks en kruldefinitie.\" \/>\n<meta name=\"robots\" content=\"index, follow, max-snippet:-1, max-image-preview:large, max-video-preview:-1\" \/>\n<link rel=\"canonical\" href=\"https:\/\/www.hairandskin.eu\/nl\/produit\/sachajuan-zilver-shampoo-copie-copie-copie\/\" \/>\n<meta property=\"og:locale\" content=\"nl_NL\" \/>\n<meta property=\"og:type\" content=\"article\" \/>\n<meta property=\"og:title\" content=\"Sachajuan Cr\u00e8me Oceaannevel\" \/>\n<meta property=\"og:description\" content=\"Stylinggel die volume en textuur toevoegt, ideaal voor beach looks en kruldefinitie.\" \/>\n<meta property=\"og:url\" content=\"https:\/\/www.hairandskin.eu\/nl\/produit\/sachajuan-zilver-shampoo-copie-copie-copie\/\" \/>\n<meta property=\"og:site_name\" content=\"Hairandskin\" \/>\n<meta property=\"article:publisher\" content=\"https:\/\/www.facebook.com\/hairandskin.shop\/\" \/>\n<meta property=\"article:modified_time\" content=\"2024-07-25T06:55:56+00:00\" \/>\n<meta property=\"og:image\" content=\"https:\/\/www.hairandskin.eu\/wp-content\/uploads\/2024\/07\/sachajuan-creme-coiffante-brume-docean-125ml.jpg\" \/>\n\t<meta property=\"og:image:width\" content=\"2537\" \/>\n\t<meta property=\"og:image:height\" content=\"3131\" \/>\n\t<meta property=\"og:image:type\" content=\"image\/jpeg\" \/>\n<script type=\"application\/ld+json\" class=\"yoast-schema-graph\">{\"@context\":\"https:\\\/\\\/schema.org\",\"@graph\":[{\"@type\":[\"WebPage\",\"ItemPage\"],\"@id\":\"https:\\\/\\\/www.hairandskin.eu\\\/nl\\\/produit\\\/sachajuan-zilver-shampoo-copie-copie-copie\\\/\",\"url\":\"https:\\\/\\\/www.hairandskin.eu\\\/nl\\\/produit\\\/sachajuan-zilver-shampoo-copie-copie-copie\\\/\",\"name\":\"Sachajuan Cr\u00e8me Oceaannevel - Hairandskin\",\"isPartOf\":{\"@id\":\"https:\\\/\\\/www.hairandskin.eu\\\/nl\\\/#website\"},\"primaryImageOfPage\":{\"@id\":\"https:\\\/\\\/www.hairandskin.eu\\\/nl\\\/produit\\\/sachajuan-zilver-shampoo-copie-copie-copie\\\/#primaryimage\"},\"image\":{\"@id\":\"https:\\\/\\\/www.hairandskin.eu\\\/nl\\\/produit\\\/sachajuan-zilver-shampoo-copie-copie-copie\\\/#primaryimage\"},\"thumbnailUrl\":\"https:\\\/\\\/www.hairandskin.eu\\\/wp-content\\\/uploads\\\/2024\\\/07\\\/sachajuan-creme-coiffante-brume-docean-125ml.jpg\",\"datePublished\":\"2024-07-07T16:28:29+00:00\",\"dateModified\":\"2024-07-25T06:55:56+00:00\",\"description\":\"Stylinggel die volume en textuur toevoegt, ideaal voor beach looks en kruldefinitie.\",\"breadcrumb\":{\"@id\":\"https:\\\/\\\/www.hairandskin.eu\\\/nl\\\/produit\\\/sachajuan-zilver-shampoo-copie-copie-copie\\\/#breadcrumb\"},\"inLanguage\":\"nl-NL\",\"potentialAction\":[{\"@type\":\"ReadAction\",\"target\":[\"https:\\\/\\\/www.hairandskin.eu\\\/nl\\\/produit\\\/sachajuan-zilver-shampoo-copie-copie-copie\\\/\"]}]},{\"@type\":\"ImageObject\",\"inLanguage\":\"nl-NL\",\"@id\":\"https:\\\/\\\/www.hairandskin.eu\\\/nl\\\/produit\\\/sachajuan-zilver-shampoo-copie-copie-copie\\\/#primaryimage\",\"url\":\"https:\\\/\\\/www.hairandskin.eu\\\/wp-content\\\/uploads\\\/2024\\\/07\\\/sachajuan-creme-coiffante-brume-docean-125ml.jpg\",\"contentUrl\":\"https:\\\/\\\/www.hairandskin.eu\\\/wp-content\\\/uploads\\\/2024\\\/07\\\/sachajuan-creme-coiffante-brume-docean-125ml.jpg\",\"width\":2537,\"height\":3131},{\"@type\":\"BreadcrumbList\",\"@id\":\"https:\\\/\\\/www.hairandskin.eu\\\/nl\\\/produit\\\/sachajuan-zilver-shampoo-copie-copie-copie\\\/#breadcrumb\",\"itemListElement\":[{\"@type\":\"ListItem\",\"position\":1,\"name\":\"Accueil\",\"item\":\"https:\\\/\\\/www.hairandskin.eu\\\/nl\\\/\"},{\"@type\":\"ListItem\",\"position\":2,\"name\":\"Winkel\",\"item\":\"https:\\\/\\\/www.hairandskin.eu\\\/nl\\\/winkel\\\/\"},{\"@type\":\"ListItem\",\"position\":3,\"name\":\"Sachajuan Cr\u00e8me Oceaannevel\"}]},{\"@type\":\"WebSite\",\"@id\":\"https:\\\/\\\/www.hairandskin.eu\\\/nl\\\/#website\",\"url\":\"https:\\\/\\\/www.hairandskin.eu\\\/nl\\\/\",\"name\":\"Hairandskin\",\"description\":\"Soins du cheveu et de la peau, aromath\u00e9rapie, cosm\u00e9tique, shampooing, conditioner\",\"publisher\":{\"@id\":\"https:\\\/\\\/www.hairandskin.eu\\\/nl\\\/#organization\"},\"potentialAction\":[{\"@type\":\"SearchAction\",\"target\":{\"@type\":\"EntryPoint\",\"urlTemplate\":\"https:\\\/\\\/www.hairandskin.eu\\\/nl\\\/?s={search_term_string}\"},\"query-input\":{\"@type\":\"PropertyValueSpecification\",\"valueRequired\":true,\"valueName\":\"search_term_string\"}}],\"inLanguage\":\"nl-NL\"},{\"@type\":\"Organization\",\"@id\":\"https:\\\/\\\/www.hairandskin.eu\\\/nl\\\/#organization\",\"name\":\"Hairandskin\",\"url\":\"https:\\\/\\\/www.hairandskin.eu\\\/nl\\\/\",\"logo\":{\"@type\":\"ImageObject\",\"inLanguage\":\"nl-NL\",\"@id\":\"https:\\\/\\\/www.hairandskin.eu\\\/nl\\\/#\\\/schema\\\/logo\\\/image\\\/\",\"url\":\"https:\\\/\\\/www.hairandskin.eu\\\/wp-content\\\/uploads\\\/2016\\\/10\\\/naturame_logo.png\",\"contentUrl\":\"https:\\\/\\\/www.hairandskin.eu\\\/wp-content\\\/uploads\\\/2016\\\/10\\\/naturame_logo.png\",\"width\":100,\"height\":80,\"caption\":\"Hairandskin\"},\"image\":{\"@id\":\"https:\\\/\\\/www.hairandskin.eu\\\/nl\\\/#\\\/schema\\\/logo\\\/image\\\/\"},\"sameAs\":[\"https:\\\/\\\/www.facebook.com\\\/hairandskin.shop\\\/\",\"https:\\\/\\\/www.instagram.com\\\/hairandskin.shop\\\/\"],\"vatID\":\"BE0897803393\"}]}<\/script>\n<!-- \/ Yoast SEO Premium plugin. -->","yoast_head_json":{"title":"Sachajuan Cr\u00e8me Oceaannevel - Hairandskin","description":"Stylinggel die volume en textuur toevoegt, ideaal voor beach looks en kruldefinitie.","robots":{"index":"index","follow":"follow","max-snippet":"max-snippet:-1","max-image-preview":"max-image-preview:large","max-video-preview":"max-video-preview:-1"},"canonical":"https:\/\/www.hairandskin.eu\/nl\/produit\/sachajuan-zilver-shampoo-copie-copie-copie\/","og_locale":"nl_NL","og_type":"article","og_title":"Sachajuan Cr\u00e8me Oceaannevel","og_description":"Stylinggel die volume en textuur toevoegt, ideaal voor beach looks en kruldefinitie.","og_url":"https:\/\/www.hairandskin.eu\/nl\/produit\/sachajuan-zilver-shampoo-copie-copie-copie\/","og_site_name":"Hairandskin","article_publisher":"https:\/\/www.facebook.com\/hairandskin.shop\/","article_modified_time":"2024-07-25T06:55:56+00:00","og_image":[{"width":2537,"height":3131,"url":"https:\/\/www.hairandskin.eu\/wp-content\/uploads\/2024\/07\/sachajuan-creme-coiffante-brume-docean-125ml.jpg","type":"image\/jpeg"}],"schema":{"@context":"https:\/\/schema.org","@graph":[{"@type":["WebPage","ItemPage"],"@id":"https:\/\/www.hairandskin.eu\/nl\/produit\/sachajuan-zilver-shampoo-copie-copie-copie\/","url":"https:\/\/www.hairandskin.eu\/nl\/produit\/sachajuan-zilver-shampoo-copie-copie-copie\/","name":"Sachajuan Cr\u00e8me Oceaannevel - Hairandskin","isPartOf":{"@id":"https:\/\/www.hairandskin.eu\/nl\/#website"},"primaryImageOfPage":{"@id":"https:\/\/www.hairandskin.eu\/nl\/produit\/sachajuan-zilver-shampoo-copie-copie-copie\/#primaryimage"},"image":{"@id":"https:\/\/www.hairandskin.eu\/nl\/produit\/sachajuan-zilver-shampoo-copie-copie-copie\/#primaryimage"},"thumbnailUrl":"https:\/\/www.hairandskin.eu\/wp-content\/uploads\/2024\/07\/sachajuan-creme-coiffante-brume-docean-125ml.jpg","datePublished":"2024-07-07T16:28:29+00:00","dateModified":"2024-07-25T06:55:56+00:00","description":"Stylinggel die volume en textuur toevoegt, ideaal voor beach looks en kruldefinitie.","breadcrumb":{"@id":"https:\/\/www.hairandskin.eu\/nl\/produit\/sachajuan-zilver-shampoo-copie-copie-copie\/#breadcrumb"},"inLanguage":"nl-NL","potentialAction":[{"@type":"ReadAction","target":["https:\/\/www.hairandskin.eu\/nl\/produit\/sachajuan-zilver-shampoo-copie-copie-copie\/"]}]},{"@type":"ImageObject","inLanguage":"nl-NL","@id":"https:\/\/www.hairandskin.eu\/nl\/produit\/sachajuan-zilver-shampoo-copie-copie-copie\/#primaryimage","url":"https:\/\/www.hairandskin.eu\/wp-content\/uploads\/2024\/07\/sachajuan-creme-coiffante-brume-docean-125ml.jpg","contentUrl":"https:\/\/www.hairandskin.eu\/wp-content\/uploads\/2024\/07\/sachajuan-creme-coiffante-brume-docean-125ml.jpg","width":2537,"height":3131},{"@type":"BreadcrumbList","@id":"https:\/\/www.hairandskin.eu\/nl\/produit\/sachajuan-zilver-shampoo-copie-copie-copie\/#breadcrumb","itemListElement":[{"@type":"ListItem","position":1,"name":"Accueil","item":"https:\/\/www.hairandskin.eu\/nl\/"},{"@type":"ListItem","position":2,"name":"Winkel","item":"https:\/\/www.hairandskin.eu\/nl\/winkel\/"},{"@type":"ListItem","position":3,"name":"Sachajuan Cr\u00e8me Oceaannevel"}]},{"@type":"WebSite","@id":"https:\/\/www.hairandskin.eu\/nl\/#website","url":"https:\/\/www.hairandskin.eu\/nl\/","name":"Hairandskin","description":"Soins du cheveu et de la peau, aromath\u00e9rapie, cosm\u00e9tique, shampooing, conditioner","publisher":{"@id":"https:\/\/www.hairandskin.eu\/nl\/#organization"},"potentialAction":[{"@type":"SearchAction","target":{"@type":"EntryPoint","urlTemplate":"https:\/\/www.hairandskin.eu\/nl\/?s={search_term_string}"},"query-input":{"@type":"PropertyValueSpecification","valueRequired":true,"valueName":"search_term_string"}}],"inLanguage":"nl-NL"},{"@type":"Organization","@id":"https:\/\/www.hairandskin.eu\/nl\/#organization","name":"Hairandskin","url":"https:\/\/www.hairandskin.eu\/nl\/","logo":{"@type":"ImageObject","inLanguage":"nl-NL","@id":"https:\/\/www.hairandskin.eu\/nl\/#\/schema\/logo\/image\/","url":"https:\/\/www.hairandskin.eu\/wp-content\/uploads\/2016\/10\/naturame_logo.png","contentUrl":"https:\/\/www.hairandskin.eu\/wp-content\/uploads\/2016\/10\/naturame_logo.png","width":100,"height":80,"caption":"Hairandskin"},"image":{"@id":"https:\/\/www.hairandskin.eu\/nl\/#\/schema\/logo\/image\/"},"sameAs":["https:\/\/www.facebook.com\/hairandskin.shop\/","https:\/\/www.instagram.com\/hairandskin.shop\/"],"vatID":"BE0897803393"}]}},"_links":{"self":[{"href":"https:\/\/www.hairandskin.eu\/nl\/wp-json\/wp\/v2\/product\/12579","targetHints":{"allow":["GET"]}}],"collection":[{"href":"https:\/\/www.hairandskin.eu\/nl\/wp-json\/wp\/v2\/product"}],"about":[{"href":"https:\/\/www.hairandskin.eu\/nl\/wp-json\/wp\/v2\/types\/product"}],"replies":[{"embeddable":true,"href":"https:\/\/www.hairandskin.eu\/nl\/wp-json\/wp\/v2\/comments?post=12579"}],"wp:featuredmedia":[{"embeddable":true,"href":"https:\/\/www.hairandskin.eu\/nl\/wp-json\/wp\/v2\/media\/12571"}],"wp:attachment":[{"href":"https:\/\/www.hairandskin.eu\/nl\/wp-json\/wp\/v2\/media?parent=12579"}],"wp:term":[{"taxonomy":"product_brand","embeddable":true,"href":"https:\/\/www.hairandskin.eu\/nl\/wp-json\/wp\/v2\/product_brand?post=12579"},{"taxonomy":"product_cat","embeddable":true,"href":"https:\/\/www.hairandskin.eu\/nl\/wp-json\/wp\/v2\/product_cat?post=12579"},{"taxonomy":"product_tag","embeddable":true,"href":"https:\/\/www.hairandskin.eu\/nl\/wp-json\/wp\/v2\/product_tag?post=12579"}],"curies":[{"name":"wp","href":"https:\/\/api.w.org\/{rel}","templated":true}]}}